{"id":39644,"date":"2021-10-15T11:20:15","date_gmt":"2021-10-15T09:20:15","guid":{"rendered":"http:\/\/carnescofetacasa.com\/botiga\/sin%20categor\u00eda\/patates-bonilla-bolsa\/"},"modified":"2024-01-03T15:40:18","modified_gmt":"2024-01-03T14:40:18","slug":"patates-bonilla-bolsa","status":"publish","type":"product","link":"https:\/\/escofetoliver.com\/es\/tienda\/despensa\/conservas-aperitivos\/patates-bonilla-bolsa\/","title":{"rendered":"Patates Bonilla &#8211; Bolsa &#8211; 300 g"},"content":{"rendered":"<p>En nuestro vermut no pueden faltar nunca las populares patatas fritas de \u00abBonilla a la vista\u00bb. Cuidadosamente cortadas, fre\u00eddas con aceite de oliva y con un toque adecuado de sal.<\/p>\n<p>&nbsp;<\/p>\n<p><strong>Sin ning\u00fan aditivo ni al\u00e9rgeno.<\/strong><\/p>\n<p><strong>Ingredientes:<\/strong><\/p>\n<p class=\"texto-ingredientes\">Patata, aceite de oliva y sal.<\/p>\n<p><strong>Caducidad:\u00a0<\/strong>Viene en la bolsa.<\/p>\n","protected":false},"excerpt":{"rendered":"<p>En nuestro vermut no pueden faltar nunca las populares patatas fritas de \u00abBonilla a la vista\u00bb. Cuidadosamente cortadas, fre\u00eddas con aceite de oliva y con un toque adecuado de sal. &nbsp; Sin ning\u00fan aditivo ni al\u00e9rgeno. Ingredientes: Patata, aceite de oliva y sal. Caducidad:\u00a0Viene en la bolsa.<\/p>\n","protected":false},"featured_media":43920,"comment_status":"open","ping_status":"closed","template":"","meta":{"_acf_changed":false},"product_brand":[],"product_cat":[5866,5902],"product_tag":[8647,11067,8339],"class_list":{"0":"post-39644","1":"product","2":"type-product","3":"status-publish","4":"has-post-thumbnail","6":"product_cat-despensa","7":"product_cat-conservas-aperitivos","8":"product_tag-sin-gluten-es-2","9":"product_tag-prop-sanjuan-24","10":"product_tag-patates-es","11":"product_shipping_class-entrega-en-domicilio","12":"pa_country_of_manufacture-es-es-2","13":"pa_presentacio-bolsa","15":"first","16":"instock","17":"taxable","18":"shipping-taxable","19":"purchasable","20":"product-type-simple"},"acf":[],"_links":{"self":[{"href":"https:\/\/escofetoliver.com\/es\/wp-json\/wp\/v2\/product\/39644","targetHints":{"allow":["GET"]}}],"collection":[{"href":"https:\/\/escofetoliver.com\/es\/wp-json\/wp\/v2\/product"}],"about":[{"href":"https:\/\/escofetoliver.com\/es\/wp-json\/wp\/v2\/types\/product"}],"replies":[{"embeddable":true,"href":"https:\/\/escofetoliver.com\/es\/wp-json\/wp\/v2\/comments?post=39644"}],"wp:featuredmedia":[{"embeddable":true,"href":"https:\/\/escofetoliver.com\/es\/wp-json\/wp\/v2\/media\/43920"}],"wp:attachment":[{"href":"https:\/\/escofetoliver.com\/es\/wp-json\/wp\/v2\/media?parent=39644"}],"wp:term":[{"taxonomy":"product_brand","embeddable":true,"href":"https:\/\/escofetoliver.com\/es\/wp-json\/wp\/v2\/product_brand?post=39644"},{"taxonomy":"product_cat","embeddable":true,"href":"https:\/\/escofetoliver.com\/es\/wp-json\/wp\/v2\/product_cat?post=39644"},{"taxonomy":"product_tag","embeddable":true,"href":"https:\/\/escofetoliver.com\/es\/wp-json\/wp\/v2\/product_tag?post=39644"}],"curies":[{"name":"wp","href":"https:\/\/api.w.org\/{rel}","templated":true}]}}