{"id":39191,"date":"2021-07-01T10:27:02","date_gmt":"2021-07-01T08:27:02","guid":{"rendered":"http:\/\/carnescofetacasa.com\/?post_type=product&#038;p=39191"},"modified":"2025-06-27T09:31:09","modified_gmt":"2025-06-27T07:31:09","slug":"lomo-embuchado-5-jotas-loncheado-100-g","status":"publish","type":"product","link":"https:\/\/escofetoliver.com\/es\/tienda\/embutidos\/ibericos\/lomo-embuchado-5-jotas-loncheado-100-g\/","title":{"rendered":"Lomo embuchado 5 Jotas loncheado &#8211; 100 g"},"content":{"rendered":"<p>Hemos elaborado este producto con la mejor carne de cerdo de 5 jotas, loncheada para una mejor conservaci\u00f3n y transporte.<\/p>\n<p>Al\u00e9rgenos: Antioxidantes (E301), conservantes (E250, E252).<\/p>\n<p>Ingredientes: Lomo de cerdo 100% ib\u00e9rico, sal marina, piment\u00f3n, especias, antioxidante E-301 (Ascorbato de sodio), conservadores E-252 (Nitrato de potasio) y E-250 (Nitrito s\u00f3dico). Envoltura no comestible.<\/p>\n<p>Conservaci\u00f3n: Conservar en lugar fresco y seco. Una vez abierto el envase mantener refrigerado y consumir antes de 30 d\u00edas.<\/p>\n","protected":false},"excerpt":{"rendered":"<p>Envase de 100 g de lomo loncheado.<\/p>\n","protected":false},"featured_media":39192,"comment_status":"open","ping_status":"closed","template":"","meta":{"_acf_changed":false},"product_brand":[],"product_cat":[5932],"product_tag":[],"class_list":{"0":"post-39191","1":"product","2":"type-product","3":"status-publish","4":"has-post-thumbnail","6":"product_cat-ibericos","7":"pa_preciokg-11198","8":"pa_presentacio-envase-es","10":"first","11":"instock","12":"taxable","13":"shipping-taxable","14":"purchasable","15":"product-type-simple"},"acf":[],"_links":{"self":[{"href":"https:\/\/escofetoliver.com\/es\/wp-json\/wp\/v2\/product\/39191","targetHints":{"allow":["GET"]}}],"collection":[{"href":"https:\/\/escofetoliver.com\/es\/wp-json\/wp\/v2\/product"}],"about":[{"href":"https:\/\/escofetoliver.com\/es\/wp-json\/wp\/v2\/types\/product"}],"replies":[{"embeddable":true,"href":"https:\/\/escofetoliver.com\/es\/wp-json\/wp\/v2\/comments?post=39191"}],"wp:featuredmedia":[{"embeddable":true,"href":"https:\/\/escofetoliver.com\/es\/wp-json\/wp\/v2\/media\/39192"}],"wp:attachment":[{"href":"https:\/\/escofetoliver.com\/es\/wp-json\/wp\/v2\/media?parent=39191"}],"wp:term":[{"taxonomy":"product_brand","embeddable":true,"href":"https:\/\/escofetoliver.com\/es\/wp-json\/wp\/v2\/product_brand?post=39191"},{"taxonomy":"product_cat","embeddable":true,"href":"https:\/\/escofetoliver.com\/es\/wp-json\/wp\/v2\/product_cat?post=39191"},{"taxonomy":"product_tag","embeddable":true,"href":"https:\/\/escofetoliver.com\/es\/wp-json\/wp\/v2\/product_tag?post=39191"}],"curies":[{"name":"wp","href":"https:\/\/api.w.org\/{rel}","templated":true}]}}