{"id":39177,"date":"2021-06-30T18:14:22","date_gmt":"2021-06-30T16:14:22","guid":{"rendered":"http:\/\/carnescofetacasa.com\/?post_type=product&#038;p=39177"},"modified":"2026-01-23T11:34:51","modified_gmt":"2026-01-23T10:34:51","slug":"sanfaina","status":"publish","type":"product","link":"https:\/\/escofetoliver.com\/es\/tienda\/cocinados-legumbres\/especialidad\/sanfaina\/","title":{"rendered":"Sanfaina &#8211; 250 g"},"content":{"rendered":"<p><span>Una de las comidas t\u00edpicas caseras de Catalu\u00f1a, ahora m\u00e1s cerca. Preparada con algunas de las mejores verduras como el calabac\u00edn, el pimiento rojo o la berenjena, puede acompa\u00f1ar varios platos como el bacalao.<\/span><\/p>\n<p><strong>Sin al\u00e9rgenos.<\/strong><\/p>\n<p><span><strong>Ingredientes:<\/strong> Cebolla, pimiento rojo, berenjena<\/span><span>, calabac\u00edn, tomate, sal y aceite de oliva.<\/span><\/p>\n<p><strong>Caducidad:<\/strong> <span>Refrigeraci\u00f3n; conservar entre 0 \u00b0C y 4 \u00b0C quince d\u00edas. Envase abierto; conservar entre 0 \u00b0C y 4 \u00b0C un d\u00eda.<\/span><\/p>\n<p>&nbsp;<\/p>\n","protected":false},"excerpt":{"rendered":"<p>Bandeja con 250 g de Sanfaina, preparada por Escofet Oliver.<\/p>\n","protected":false},"featured_media":39178,"comment_status":"open","ping_status":"closed","template":"","meta":{"_acf_changed":false},"product_brand":[],"product_cat":[8628],"product_tag":[],"class_list":{"0":"post-39177","1":"product","2":"type-product","3":"status-publish","4":"has-post-thumbnail","6":"product_cat-especialidad","7":"product_shipping_class-entrega-en-domicilio","8":"pa_preciokg-11240","9":"pa_presentacio-safata-2","10":"pa_promotional-no-es","12":"first","13":"instock","14":"taxable","15":"shipping-taxable","16":"purchasable","17":"product-type-simple"},"acf":[],"_links":{"self":[{"href":"https:\/\/escofetoliver.com\/es\/wp-json\/wp\/v2\/product\/39177","targetHints":{"allow":["GET"]}}],"collection":[{"href":"https:\/\/escofetoliver.com\/es\/wp-json\/wp\/v2\/product"}],"about":[{"href":"https:\/\/escofetoliver.com\/es\/wp-json\/wp\/v2\/types\/product"}],"replies":[{"embeddable":true,"href":"https:\/\/escofetoliver.com\/es\/wp-json\/wp\/v2\/comments?post=39177"}],"wp:featuredmedia":[{"embeddable":true,"href":"https:\/\/escofetoliver.com\/es\/wp-json\/wp\/v2\/media\/39178"}],"wp:attachment":[{"href":"https:\/\/escofetoliver.com\/es\/wp-json\/wp\/v2\/media?parent=39177"}],"wp:term":[{"taxonomy":"product_brand","embeddable":true,"href":"https:\/\/escofetoliver.com\/es\/wp-json\/wp\/v2\/product_brand?post=39177"},{"taxonomy":"product_cat","embeddable":true,"href":"https:\/\/escofetoliver.com\/es\/wp-json\/wp\/v2\/product_cat?post=39177"},{"taxonomy":"product_tag","embeddable":true,"href":"https:\/\/escofetoliver.com\/es\/wp-json\/wp\/v2\/product_tag?post=39177"}],"curies":[{"name":"wp","href":"https:\/\/api.w.org\/{rel}","templated":true}]}}