{"id":38717,"date":"2021-06-16T17:57:26","date_gmt":"2021-06-16T16:01:12","guid":{"rendered":"http:\/\/carnescofetacasa.com\/?post_type=product&#038;p=38717"},"modified":"2025-04-24T12:35:42","modified_gmt":"2025-04-24T10:35:42","slug":"empanada-de-atun-400-g","status":"publish","type":"product","link":"https:\/\/escofetoliver.com\/es\/tienda\/cocinados-legumbres\/especialidad\/empanada-de-atun-400-g\/","title":{"rendered":"Empanada de at\u00fan &#8211; 400 g"},"content":{"rendered":"<p>Una buena empanada preparada al estilo casero con un crujiente hojaldre y un agradable relleno de at\u00fan y fritada.<\/p>\n<p>Al\u00e9rgenos: GLUTEN. Contiene PESCADO y HUEVO.<\/p>\n<p>Ingredientes: <span>Harina de TRIGO, agua, sal, margarina vegetal, manteca ib\u00e9rica y conservantes: E281 y E200. At\u00fan (PEZ), tomate natural, cebolla, pimiento rojo, pimiento verde, calabac\u00edn, berenjena, pan rayado, HUEVO cocido,\u00a0<\/span><span>espesantes<\/span><span>: ALMID\u00d3N E1414 GLUTEN, alginato s\u00f3dico E401, sal, aceite de oliva, conservante: E202 y az\u00facar.<\/span><\/p>\n<p>Conservante: 3 d\u00edas en lugar fresco y seco; 6 d\u00edas en fr\u00edo (frigor\u00edfico); 3 meses en congelaci\u00f3n.<\/p>\n","protected":false},"excerpt":{"rendered":"<p>Bandeja con 400 g de empanada.<\/p>\n","protected":false},"featured_media":38716,"comment_status":"open","ping_status":"closed","template":"","meta":{"_acf_changed":false},"product_brand":[],"product_cat":[8628,11179],"product_tag":[8599],"class_list":{"0":"post-38717","1":"product","2":"type-product","3":"status-publish","4":"has-post-thumbnail","6":"product_cat-especialidad","7":"product_cat-cuina-especialitat-es","8":"product_tag-pescado","9":"product_shipping_class-entrega-en-domicilio","10":"pa_country_of_manufacture-espana-es","11":"pa_preciokg-1850-es","12":"pa_promotional-no-es-2","14":"first","15":"instock","16":"taxable","17":"shipping-taxable","18":"purchasable","19":"product-type-simple"},"acf":[],"_links":{"self":[{"href":"https:\/\/escofetoliver.com\/es\/wp-json\/wp\/v2\/product\/38717","targetHints":{"allow":["GET"]}}],"collection":[{"href":"https:\/\/escofetoliver.com\/es\/wp-json\/wp\/v2\/product"}],"about":[{"href":"https:\/\/escofetoliver.com\/es\/wp-json\/wp\/v2\/types\/product"}],"replies":[{"embeddable":true,"href":"https:\/\/escofetoliver.com\/es\/wp-json\/wp\/v2\/comments?post=38717"}],"wp:featuredmedia":[{"embeddable":true,"href":"https:\/\/escofetoliver.com\/es\/wp-json\/wp\/v2\/media\/38716"}],"wp:attachment":[{"href":"https:\/\/escofetoliver.com\/es\/wp-json\/wp\/v2\/media?parent=38717"}],"wp:term":[{"taxonomy":"product_brand","embeddable":true,"href":"https:\/\/escofetoliver.com\/es\/wp-json\/wp\/v2\/product_brand?post=38717"},{"taxonomy":"product_cat","embeddable":true,"href":"https:\/\/escofetoliver.com\/es\/wp-json\/wp\/v2\/product_cat?post=38717"},{"taxonomy":"product_tag","embeddable":true,"href":"https:\/\/escofetoliver.com\/es\/wp-json\/wp\/v2\/product_tag?post=38717"}],"curies":[{"name":"wp","href":"https:\/\/api.w.org\/{rel}","templated":true}]}}