{"id":38622,"date":"2021-06-09T18:17:25","date_gmt":"2021-06-09T16:23:00","guid":{"rendered":"http:\/\/carnescofetacasa.com\/?post_type=product&#038;p=38622"},"modified":"2023-11-10T09:48:25","modified_gmt":"2023-11-10T08:48:25","slug":"gruyere-suizo","status":"publish","type":"product","link":"https:\/\/escofetoliver.com\/es\/tienda\/quesos-yogures\/queso-pieza\/gruyere-suizo\/","title":{"rendered":"Gruy\u00e8re suisse A.O.P. &#8211; taco &#8211; 250 g"},"content":{"rendered":"<p>Un queso de rueda inconfundible (con D.O.P. suiza).<\/p>\n<p>El<strong> Gruy\u00e8re<\/strong> es una delicia con identidad. Una identidad a base de sabores a\u00f1ejos, tostados y especiados, los cuales persisten en nuestro paladar de forma agradable. Para conseguir este resultado se elabora con leche entera de vaca, y con una pasta bien prensada y cocida.<\/p>\n<p>Es vers\u00e1til, ya que tambi\u00e9n es fondue, y sirve como postre, acompa\u00f1ante de pan o elemento de algunos platos calientes.<\/p>\n<p><strong>Maduraci\u00f3n<\/strong>: Quince meses.<\/p>\n<p><strong>Al\u00e9rgenos<\/strong>: Derivados de la LECHE. SULFITOS.<\/p>\n<p><strong>Ingredientes<\/strong>: Leche de vaca cruda.<\/p>\n<p><strong>Caducidad:\u00a0<\/strong>4 meses.<\/p>\n","protected":false},"excerpt":{"rendered":"<p>Taco de 250 g de queso.<\/p>\n","protected":false},"featured_media":38621,"comment_status":"open","ping_status":"closed","template":"","meta":{"_acf_changed":false},"product_brand":[],"product_cat":[5862,5890],"product_tag":[8196,8197,8414,8457,8459,7619,8461,8096,8097,8098,8114,8189],"class_list":{"0":"post-38622","1":"product","2":"type-product","3":"status-publish","4":"has-post-thumbnail","6":"product_cat-quesos-yogures","7":"product_cat-queso-pieza","8":"product_tag-queso-es","9":"product_tag-lactis-es","10":"product_tag-quesos-y-lacteos-es","11":"product_tag-suissa-es","12":"product_tag-fondue-es","13":"product_tag-compra-carne-barbacoa-es","14":"product_tag-gruyere-es","15":"product_tag-llet-es","16":"product_tag-leche-es","17":"product_tag-vaca-es","18":"product_tag-postres-es","19":"product_tag-formatge-es","20":"product_shipping_class-entrega-en-domicilio","21":"pa_country_of_manufacture-sui-es","22":"pa_preciokg-10019","23":"pa_presentacio-envasado-al-vacio","24":"pa_promotional-no-es-2","26":"first","27":"instock","28":"taxable","29":"shipping-taxable","30":"purchasable","31":"product-type-simple"},"acf":[],"_links":{"self":[{"href":"https:\/\/escofetoliver.com\/es\/wp-json\/wp\/v2\/product\/38622","targetHints":{"allow":["GET"]}}],"collection":[{"href":"https:\/\/escofetoliver.com\/es\/wp-json\/wp\/v2\/product"}],"about":[{"href":"https:\/\/escofetoliver.com\/es\/wp-json\/wp\/v2\/types\/product"}],"replies":[{"embeddable":true,"href":"https:\/\/escofetoliver.com\/es\/wp-json\/wp\/v2\/comments?post=38622"}],"wp:featuredmedia":[{"embeddable":true,"href":"https:\/\/escofetoliver.com\/es\/wp-json\/wp\/v2\/media\/38621"}],"wp:attachment":[{"href":"https:\/\/escofetoliver.com\/es\/wp-json\/wp\/v2\/media?parent=38622"}],"wp:term":[{"taxonomy":"product_brand","embeddable":true,"href":"https:\/\/escofetoliver.com\/es\/wp-json\/wp\/v2\/product_brand?post=38622"},{"taxonomy":"product_cat","embeddable":true,"href":"https:\/\/escofetoliver.com\/es\/wp-json\/wp\/v2\/product_cat?post=38622"},{"taxonomy":"product_tag","embeddable":true,"href":"https:\/\/escofetoliver.com\/es\/wp-json\/wp\/v2\/product_tag?post=38622"}],"curies":[{"name":"wp","href":"https:\/\/api.w.org\/{rel}","templated":true}]}}