{"id":38618,"date":"2021-06-09T17:57:37","date_gmt":"2021-06-09T15:57:37","guid":{"rendered":"http:\/\/carnescofetacasa.com\/?post_type=product&#038;p=38618"},"modified":"2023-11-10T10:05:26","modified_gmt":"2023-11-10T09:05:26","slug":"appenzeller-6-meses-250-g","status":"publish","type":"product","link":"https:\/\/escofetoliver.com\/es\/tienda\/quesos-yogures\/queso-pieza\/appenzeller-6-meses-250-g\/","title":{"rendered":"Appenzeller 6 meses &#8211; 250 g"},"content":{"rendered":"<p>Desde los paisajes de monta\u00f1a de Suiza, llega el tradicional queso\u00a0<strong>Appenzeller<\/strong>. Un queso tradicionalmente elaborado con leche cruda de vaca, de los mejores pastos y henos.<\/p>\n<p>Perfecto para acompa\u00f1ar tus platos calientes, ya que al fundirse se potencian sus caracter\u00edsticos aromas a hierbas. Su corteza ba\u00f1ada en hierva ya es una pista del secreto del \u00e9xito, bien oculto en su interior.<\/p>\n<p><strong>Al\u00e9rgenos<\/strong>: Derivado de la LECHE y SULFITOS.<\/p>\n<p><strong>Caducidad<\/strong>: Consumir, preferiblemente, antes de 4 o 5 d\u00edas.<\/p>\n<p><strong>Ingredientes:<\/strong> <span>LECHE\u00a0<\/span><span>termitzada<\/span><span>, LECHE cruda de vaca, sal,\u00a0<\/span><span>fermentos<\/span><span>\u00a0<\/span><span>l\u00e1cticos\u00a0y cuajo.<\/span><\/p>\n<div class=\"traductor-checkbox form-group\">\n<div class=\"row\">\n<div class=\"col-sm-offset-2 col-sm-5\"><\/div>\n<\/div>\n<\/div>\n","protected":false},"excerpt":{"rendered":"<p>Taco de 250 g de queso.<\/p>\n","protected":false},"featured_media":38617,"comment_status":"open","ping_status":"closed","template":"","meta":{"_acf_changed":false},"product_brand":[],"product_cat":[5862,5890],"product_tag":[8096],"class_list":{"0":"post-38618","1":"product","2":"type-product","3":"status-publish","4":"has-post-thumbnail","6":"product_cat-quesos-yogures","7":"product_cat-queso-pieza","8":"product_tag-llet-es","9":"product_shipping_class-entrega-en-domicilio","10":"pa_country_of_manufacture-sui-es","11":"pa_preciokg-3990-es","12":"pa_presentacio-envasado-al-vacio","13":"pa_promotional-no-es-2","15":"first","16":"instock","17":"taxable","18":"shipping-taxable","19":"purchasable","20":"product-type-simple"},"acf":[],"_links":{"self":[{"href":"https:\/\/escofetoliver.com\/es\/wp-json\/wp\/v2\/product\/38618","targetHints":{"allow":["GET"]}}],"collection":[{"href":"https:\/\/escofetoliver.com\/es\/wp-json\/wp\/v2\/product"}],"about":[{"href":"https:\/\/escofetoliver.com\/es\/wp-json\/wp\/v2\/types\/product"}],"replies":[{"embeddable":true,"href":"https:\/\/escofetoliver.com\/es\/wp-json\/wp\/v2\/comments?post=38618"}],"wp:featuredmedia":[{"embeddable":true,"href":"https:\/\/escofetoliver.com\/es\/wp-json\/wp\/v2\/media\/38617"}],"wp:attachment":[{"href":"https:\/\/escofetoliver.com\/es\/wp-json\/wp\/v2\/media?parent=38618"}],"wp:term":[{"taxonomy":"product_brand","embeddable":true,"href":"https:\/\/escofetoliver.com\/es\/wp-json\/wp\/v2\/product_brand?post=38618"},{"taxonomy":"product_cat","embeddable":true,"href":"https:\/\/escofetoliver.com\/es\/wp-json\/wp\/v2\/product_cat?post=38618"},{"taxonomy":"product_tag","embeddable":true,"href":"https:\/\/escofetoliver.com\/es\/wp-json\/wp\/v2\/product_tag?post=38618"}],"curies":[{"name":"wp","href":"https:\/\/api.w.org\/{rel}","templated":true}]}}