{"id":38607,"date":"2021-06-09T16:05:53","date_gmt":"2021-06-09T14:12:06","guid":{"rendered":"http:\/\/carnescofetacasa.com\/?post_type=product&#038;p=38607"},"modified":"2024-02-15T10:45:44","modified_gmt":"2024-02-15T09:45:44","slug":"cheddar-en-lonchas-150-g","status":"publish","type":"product","link":"https:\/\/escofetoliver.com\/es\/tienda\/quesos-yogures\/queso-loncha\/cheddar-en-lonchas-150-g\/","title":{"rendered":"Cheddar en lonchas &#8211; 150 g"},"content":{"rendered":"<p>El queso de\u00a0<strong>Cheddar\u00a0<\/strong>es un queso elaborado a base de leche de vaca, lo que da el toque diferencial a tus hamburguesas, nachos o sandwiches, y es por eso que es mundialmente popular. Cada loncha es suave, y muy fundente en la boca.<\/p>\n<p>&nbsp;<\/p>\n<p><strong>Al\u00e9rgenos<\/strong>: Derivado de la LECHE y SULFITOS.<\/p>\n<p><strong>Ingredientes:<\/strong><br \/>\n<span>LECHE de vaca pasteurizada, sal, fermentos l\u00e1cticos (LECHE), cuajo microbiano, colorantes (<\/span><span class=\"hiddenSpellError\" onkeypress=\"MORFOLOGIK_RULE_ES---#---undefined---#---Se ha encontrado un posible error ortogr\u00e1fico.---#---origina#corvina#novicia#nov\u00edsima#porfirina#nervina#formicina#fosvitina#morb\u00edfica#nortina#origin\u00e1#ornitina#oroyina#sorb\u00edtica#urobilina---#---norbixina\">norbixina<\/span><span>\u00a0de bija,\u00a0<\/span><span class=\"hiddenGrammarError\" onkeypress=\"NO_SEPARADO---#---66---#---Probablemente se escribe junto.---#---betacarotenos---#---beta carotenos\">beta carotenos<\/span><span>).<\/span><\/p>\n<p><span><strong>Caducidad<\/strong>: CONSERVAR EN FR\u00cdO +5<\/span><span>\u202f\u00b0C \/ 10\u202f\u00b0C. Una vez abierto el envase, conservar refrigerado y consumir antes de 4 d\u00edas.<\/span><\/p>\n<p><strong>Maduraci\u00f3n<\/strong>: Entre nueve y doce semanas.<\/p>\n<p>&nbsp;<\/p>\n<p>&nbsp;<\/p>\n","protected":false},"excerpt":{"rendered":"<p>Envase de 150 g de queso cheddar loncheado.<\/p>\n","protected":false},"featured_media":38666,"comment_status":"open","ping_status":"closed","template":"","meta":{"_acf_changed":false},"product_brand":[],"product_cat":[5862,5878],"product_tag":[9209,9210,8096,8196,8414],"class_list":{"0":"post-38607","1":"product","2":"type-product","3":"status-publish","4":"has-post-thumbnail","6":"product_cat-quesos-yogures","7":"product_cat-queso-loncha","8":"product_tag-queso-cheddar-es","9":"product_tag-nachos-cheddar-es","10":"product_tag-llet-es","11":"product_tag-queso-es","12":"product_tag-quesos-y-lacteos-es","13":"product_shipping_class-entrega-en-domicilio","14":"pa_country_of_manufacture-fr-es-2","15":"pa_preciokg-1880-es","16":"pa_presentacio-envasado-al-vacio","17":"pa_promotional-no-es-2","19":"first","20":"instock","21":"taxable","22":"shipping-taxable","23":"purchasable","24":"product-type-simple"},"acf":[],"_links":{"self":[{"href":"https:\/\/escofetoliver.com\/es\/wp-json\/wp\/v2\/product\/38607","targetHints":{"allow":["GET"]}}],"collection":[{"href":"https:\/\/escofetoliver.com\/es\/wp-json\/wp\/v2\/product"}],"about":[{"href":"https:\/\/escofetoliver.com\/es\/wp-json\/wp\/v2\/types\/product"}],"replies":[{"embeddable":true,"href":"https:\/\/escofetoliver.com\/es\/wp-json\/wp\/v2\/comments?post=38607"}],"wp:featuredmedia":[{"embeddable":true,"href":"https:\/\/escofetoliver.com\/es\/wp-json\/wp\/v2\/media\/38666"}],"wp:attachment":[{"href":"https:\/\/escofetoliver.com\/es\/wp-json\/wp\/v2\/media?parent=38607"}],"wp:term":[{"taxonomy":"product_brand","embeddable":true,"href":"https:\/\/escofetoliver.com\/es\/wp-json\/wp\/v2\/product_brand?post=38607"},{"taxonomy":"product_cat","embeddable":true,"href":"https:\/\/escofetoliver.com\/es\/wp-json\/wp\/v2\/product_cat?post=38607"},{"taxonomy":"product_tag","embeddable":true,"href":"https:\/\/escofetoliver.com\/es\/wp-json\/wp\/v2\/product_tag?post=38607"}],"curies":[{"name":"wp","href":"https:\/\/api.w.org\/{rel}","templated":true}]}}