{"id":30429,"date":"2021-05-19T15:58:56","date_gmt":"2021-05-19T15:58:56","guid":{"rendered":"http:\/\/carnescofetacasa.com\/Producte\/pernil-iberic-agla-5j-tallat-ma\/"},"modified":"2024-03-20T14:40:53","modified_gmt":"2024-03-20T13:40:53","slug":"pernil-iberic-agla-5j-tallat-ma","status":"publish","type":"product","link":"https:\/\/escofetoliver.com\/es\/tienda\/embutidos\/ibericos\/pernil-iberic-agla-5j-tallat-ma\/","title":{"rendered":"Jam\u00f3n ib\u00e9rico bellota 5 Jotas cortado a mano -100 g"},"content":{"rendered":"<p>El ib\u00e9rico de bellota 5J es uno de los mejores jamones, en cuanto a la calidad y tambi\u00e9n su personalidad. Esto se debe a todo el proceso previo a su consecuci\u00f3n, que va desde la cuidada crianza del cerdo ib\u00e9rico y su alimentaci\u00f3n (con bellota) hasta la curaci\u00f3n, hecha en menor tiempo por su menor tama\u00f1o.<\/p>\n<p>Este jam\u00f3n se ha preparado con el mayor cuidado, respetando la t\u00e9cnica y tradici\u00f3n del mejor corte de jamones.<\/p>\n<p><strong>Ingredientes:<\/strong> Jam\u00f3n de cerdo 100% ib\u00e9rico, sal marina, antioxidante E-301 (Ascorbato de sodio), corrector de la acidez E-331 (iii) (Citrato tris\u00f3dico), conservador E-252 (Nitrato de potasio).<\/p>\n<p>Sin al\u00e9rgenos<\/p>\n","protected":false},"excerpt":{"rendered":"<p>Bolsa al vac\u00edo con aproximadamente 100 g de producto cortado.<\/p>\n","protected":false},"featured_media":30424,"comment_status":"open","ping_status":"closed","template":"","meta":{"_acf_changed":false},"product_brand":[],"product_cat":[5932],"product_tag":[7584,8345,11079],"class_list":{"0":"post-30429","1":"product","2":"type-product","3":"status-publish","4":"has-post-thumbnail","6":"product_cat-ibericos","7":"product_tag-pernil-es","8":"product_tag-sal-es","9":"product_tag-vuelta-cole","10":"pa_country_of_manufacture-es-es-2","11":"pa_promotional-no-es-2","13":"first","14":"instock","15":"taxable","16":"shipping-taxable","17":"purchasable","18":"product-type-simple"},"acf":[],"_links":{"self":[{"href":"https:\/\/escofetoliver.com\/es\/wp-json\/wp\/v2\/product\/30429","targetHints":{"allow":["GET"]}}],"collection":[{"href":"https:\/\/escofetoliver.com\/es\/wp-json\/wp\/v2\/product"}],"about":[{"href":"https:\/\/escofetoliver.com\/es\/wp-json\/wp\/v2\/types\/product"}],"replies":[{"embeddable":true,"href":"https:\/\/escofetoliver.com\/es\/wp-json\/wp\/v2\/comments?post=30429"}],"wp:featuredmedia":[{"embeddable":true,"href":"https:\/\/escofetoliver.com\/es\/wp-json\/wp\/v2\/media\/30424"}],"wp:attachment":[{"href":"https:\/\/escofetoliver.com\/es\/wp-json\/wp\/v2\/media?parent=30429"}],"wp:term":[{"taxonomy":"product_brand","embeddable":true,"href":"https:\/\/escofetoliver.com\/es\/wp-json\/wp\/v2\/product_brand?post=30429"},{"taxonomy":"product_cat","embeddable":true,"href":"https:\/\/escofetoliver.com\/es\/wp-json\/wp\/v2\/product_cat?post=30429"},{"taxonomy":"product_tag","embeddable":true,"href":"https:\/\/escofetoliver.com\/es\/wp-json\/wp\/v2\/product_tag?post=30429"}],"curies":[{"name":"wp","href":"https:\/\/api.w.org\/{rel}","templated":true}]}}