{"id":30417,"date":"2021-05-19T15:27:00","date_gmt":"2021-05-19T15:27:00","guid":{"rendered":"http:\/\/carnescofetacasa.com\/Producte\/chaumes\/"},"modified":"2025-05-26T12:20:47","modified_gmt":"2025-05-26T10:20:47","slug":"chaumes","status":"publish","type":"product","link":"https:\/\/escofetoliver.com\/es\/tienda\/quesos-yogures\/queso-pieza\/chaumes\/","title":{"rendered":"Chaumes &#8211; Cu\u00f1a &#8211; 180 g"},"content":{"rendered":"<p>Origen: FRANCIA<\/p>\n<p>Textura: Muy cremosa, ideal para untar.<\/p>\n<p>El queso Chaumes es un cl\u00e1sico franc\u00e9s de pasta blanda, muy f\u00e1cil de reconocer por su corteza anaranjada, la cual es comestible. Su sabor es fuerte, y mezcla toques de avellana y c\u00edtrico con matices salados.<\/p>\n<p>Al\u00e9rgenos: Derivados de la LECHE.<\/p>\n<p><strong>Ingredientes:<\/strong><\/p>\n<p>Leche pasteurizada de vaca, sal y cuajo.<\/p>\n","protected":false},"excerpt":{"rendered":"<p>Cu\u00f1a de 180 g de queso.<\/p>\n","protected":false},"featured_media":51060,"comment_status":"open","ping_status":"closed","template":"","meta":{"_acf_changed":false},"product_brand":[],"product_cat":[5862,5890],"product_tag":[11032,11033,7887,8106],"class_list":{"0":"post-30417","1":"product","2":"type-product","3":"status-publish","4":"has-post-thumbnail","6":"product_cat-quesos-yogures","7":"product_cat-queso-pieza","8":"product_tag-queso-francia","9":"product_tag-queso-vaca","10":"product_tag-formatges-escofet-oliver-es","11":"product_tag-formatges-es","12":"product_shipping_class-entrega-en-domicilio","13":"pa_country_of_manufacture-fr-es-2","14":"pa_preciokg-3900-es","16":"first","17":"instock","18":"taxable","19":"shipping-taxable","20":"purchasable","21":"product-type-simple"},"acf":[],"_links":{"self":[{"href":"https:\/\/escofetoliver.com\/es\/wp-json\/wp\/v2\/product\/30417","targetHints":{"allow":["GET"]}}],"collection":[{"href":"https:\/\/escofetoliver.com\/es\/wp-json\/wp\/v2\/product"}],"about":[{"href":"https:\/\/escofetoliver.com\/es\/wp-json\/wp\/v2\/types\/product"}],"replies":[{"embeddable":true,"href":"https:\/\/escofetoliver.com\/es\/wp-json\/wp\/v2\/comments?post=30417"}],"wp:featuredmedia":[{"embeddable":true,"href":"https:\/\/escofetoliver.com\/es\/wp-json\/wp\/v2\/media\/51060"}],"wp:attachment":[{"href":"https:\/\/escofetoliver.com\/es\/wp-json\/wp\/v2\/media?parent=30417"}],"wp:term":[{"taxonomy":"product_brand","embeddable":true,"href":"https:\/\/escofetoliver.com\/es\/wp-json\/wp\/v2\/product_brand?post=30417"},{"taxonomy":"product_cat","embeddable":true,"href":"https:\/\/escofetoliver.com\/es\/wp-json\/wp\/v2\/product_cat?post=30417"},{"taxonomy":"product_tag","embeddable":true,"href":"https:\/\/escofetoliver.com\/es\/wp-json\/wp\/v2\/product_tag?post=30417"}],"curies":[{"name":"wp","href":"https:\/\/api.w.org\/{rel}","templated":true}]}}