{"id":30407,"date":"2021-05-19T15:02:11","date_gmt":"2021-05-19T15:02:11","guid":{"rendered":"http:\/\/carnescofetacasa.com\/Producte\/brie-gran-marnier\/"},"modified":"2025-05-26T12:20:47","modified_gmt":"2025-05-26T10:20:47","slug":"brie-gran-marnier","status":"publish","type":"product","link":"https:\/\/escofetoliver.com\/es\/tienda\/quesos-yogures\/queso-pieza\/brie-gran-marnier\/","title":{"rendered":"Brie Grand Mariner &#8211; Cu\u00f1a &#8211; 230 g"},"content":{"rendered":"<p>Este queso brie de vaca, est\u00e1 ba\u00f1ado en Grand Marnier, un licor franc\u00e9s que une co\u00f1ac y esencias de naranja. Es este matiz, junto con la conocida textura t\u00edpicamente tierna del brie, lo que hace que la degustaci\u00f3n de este queso sea toda una experiencia.<\/p>\n<p><strong>Ingredientes:<\/strong> <span>Queso pasteurizado, nata\u00a0<\/span><span>dop<\/span><span>, mascarpone, aroma de naranja, piel de naranja.<\/span><\/p>\n<p><strong>Al\u00e9rgenos:<\/strong> Derivados de la LECHE.<\/p>\n","protected":false},"excerpt":{"rendered":"<p>Cu\u00f1a de 230 g de queso.<\/p>\n","protected":false},"featured_media":30402,"comment_status":"open","ping_status":"closed","template":"","meta":{"_acf_changed":false},"product_brand":[],"product_cat":[5862,5890],"product_tag":[],"class_list":{"0":"post-30407","1":"product","2":"type-product","3":"status-publish","4":"has-post-thumbnail","6":"product_cat-quesos-yogures","7":"product_cat-queso-pieza","8":"product_shipping_class-entrega-en-domicilio","9":"pa_country_of_manufacture-fr-es-2","10":"pa_preciokg-2900-es","11":"pa_promotional-no-es-2","13":"first","14":"instock","15":"taxable","16":"shipping-taxable","17":"purchasable","18":"product-type-simple"},"acf":[],"_links":{"self":[{"href":"https:\/\/escofetoliver.com\/es\/wp-json\/wp\/v2\/product\/30407","targetHints":{"allow":["GET"]}}],"collection":[{"href":"https:\/\/escofetoliver.com\/es\/wp-json\/wp\/v2\/product"}],"about":[{"href":"https:\/\/escofetoliver.com\/es\/wp-json\/wp\/v2\/types\/product"}],"replies":[{"embeddable":true,"href":"https:\/\/escofetoliver.com\/es\/wp-json\/wp\/v2\/comments?post=30407"}],"wp:featuredmedia":[{"embeddable":true,"href":"https:\/\/escofetoliver.com\/es\/wp-json\/wp\/v2\/media\/30402"}],"wp:attachment":[{"href":"https:\/\/escofetoliver.com\/es\/wp-json\/wp\/v2\/media?parent=30407"}],"wp:term":[{"taxonomy":"product_brand","embeddable":true,"href":"https:\/\/escofetoliver.com\/es\/wp-json\/wp\/v2\/product_brand?post=30407"},{"taxonomy":"product_cat","embeddable":true,"href":"https:\/\/escofetoliver.com\/es\/wp-json\/wp\/v2\/product_cat?post=30407"},{"taxonomy":"product_tag","embeddable":true,"href":"https:\/\/escofetoliver.com\/es\/wp-json\/wp\/v2\/product_tag?post=30407"}],"curies":[{"name":"wp","href":"https:\/\/api.w.org\/{rel}","templated":true}]}}