{"id":30397,"date":"2021-05-18T10:02:10","date_gmt":"2021-05-18T10:02:10","guid":{"rendered":"http:\/\/carnescofetacasa.com\/Producte\/crottin\/"},"modified":"2023-07-20T11:42:29","modified_gmt":"2023-07-20T09:42:29","slug":"crottin-es","status":"publish","type":"product","link":"https:\/\/escofetoliver.com\/es\/tienda\/quesos-yogures\/queso-pieza\/crottin-es\/","title":{"rendered":"Le Crottin D.O.P. &#8211; 60 g"},"content":{"rendered":"<p>Le <strong>Crotin de Chavignol<\/strong> es un queso de cabra artesanal elaborado por maestros con una tradici\u00f3n de muchas generaciones. Un queso de textura firme, al cual la leche de cabra le da un sabor autentico e intenso con un sugerente toque picante. Seg\u00fan el momento del a\u00f1o, esta intensidad puede ir variando. Es ideal para untar sobre pan o a\u00f1adir a nuestras ensaladas.<\/p>\n<p><strong>Al\u00e9rgenos<\/strong>: Derivados de la LECHE.<\/p>\n","protected":false},"excerpt":{"rendered":"<p>Pieza envasada al vac\u00edo de 60 g de queso.<\/p>\n","protected":false},"featured_media":30394,"comment_status":"open","ping_status":"closed","template":"","meta":{"_acf_changed":false},"product_brand":[],"product_cat":[5862,5890],"product_tag":[8200,8226,8455,8521,8522,8096,8097,8107,8189,8196],"class_list":{"0":"post-30397","1":"product","2":"type-product","3":"status-publish","4":"has-post-thumbnail","6":"product_cat-quesos-yogures","7":"product_cat-queso-pieza","8":"product_tag-cabra-es","9":"product_tag-queso-de-cabra-es","10":"product_tag-franca-es","11":"product_tag-picandou-es","12":"product_tag-pasteurizado-es","13":"product_tag-llet-es","14":"product_tag-leche-es","15":"product_tag-quesos-es","16":"product_tag-formatge-es","17":"product_tag-queso-es","18":"product_shipping_class-entrega-en-domicilio","19":"pa_caracteristicas-denom_origen_cast-es","20":"pa_country_of_manufacture-fr-es-2","21":"pa_preciokg-1730-es","22":"pa_promotional-no-es-2","24":"first","25":"instock","26":"taxable","27":"shipping-taxable","28":"purchasable","29":"product-type-simple"},"acf":[],"_links":{"self":[{"href":"https:\/\/escofetoliver.com\/es\/wp-json\/wp\/v2\/product\/30397","targetHints":{"allow":["GET"]}}],"collection":[{"href":"https:\/\/escofetoliver.com\/es\/wp-json\/wp\/v2\/product"}],"about":[{"href":"https:\/\/escofetoliver.com\/es\/wp-json\/wp\/v2\/types\/product"}],"replies":[{"embeddable":true,"href":"https:\/\/escofetoliver.com\/es\/wp-json\/wp\/v2\/comments?post=30397"}],"wp:featuredmedia":[{"embeddable":true,"href":"https:\/\/escofetoliver.com\/es\/wp-json\/wp\/v2\/media\/30394"}],"wp:attachment":[{"href":"https:\/\/escofetoliver.com\/es\/wp-json\/wp\/v2\/media?parent=30397"}],"wp:term":[{"taxonomy":"product_brand","embeddable":true,"href":"https:\/\/escofetoliver.com\/es\/wp-json\/wp\/v2\/product_brand?post=30397"},{"taxonomy":"product_cat","embeddable":true,"href":"https:\/\/escofetoliver.com\/es\/wp-json\/wp\/v2\/product_cat?post=30397"},{"taxonomy":"product_tag","embeddable":true,"href":"https:\/\/escofetoliver.com\/es\/wp-json\/wp\/v2\/product_tag?post=30397"}],"curies":[{"name":"wp","href":"https:\/\/api.w.org\/{rel}","templated":true}]}}