{"id":30393,"date":"2021-05-18T09:47:57","date_gmt":"2021-05-18T09:47:57","guid":{"rendered":"http:\/\/carnescofetacasa.com\/Producte\/picandou-affine\/"},"modified":"2023-09-01T11:28:19","modified_gmt":"2023-09-01T09:28:19","slug":"picandou-affine","status":"publish","type":"product","link":"https:\/\/escofetoliver.com\/es\/tienda\/quesos-yogures\/queso-pieza\/picandou-affine\/","title":{"rendered":"Picandou Affine &#8211; 2 unidades &#8211; 70 g"},"content":{"rendered":"<p>El\u00a0<strong>Picandou Affin\u00e9 es un queso de cabra\u00a0<\/strong>con un car\u00e1cter muy definido por la suavidad en la boca, el cual viene vestido de un sugerente toque de avellanas. Ello hace de su degustaci\u00f3n toda una experiencia agradable. Su potencial se hace mayor si aprendemos a combinarlo con sabores tanto dulces como salados, como ahora pastas o ensaladas, as\u00ed como tambi\u00e9n frutas (una buena manera de iniciar a los m\u00e1s peque\u00f1os).<\/p>\n<p><strong>Maduraci\u00f3n<\/strong>: Cinco d\u00edas.<\/p>\n<p><strong>Al\u00e9rgenos<\/strong>: Derivados de la LECHE.<\/p>\n<p><strong>Ingredientes<\/strong>:<\/p>\n<p>Leche, sal, fermentos l\u00e1cticos y cuajo.<\/p>\n","protected":false},"excerpt":{"rendered":"<p>Envase con dos piezas de queso de 70 g<\/p>\n","protected":false},"featured_media":30388,"comment_status":"open","ping_status":"closed","template":"","meta":{"_acf_changed":false},"product_brand":[],"product_cat":[5862,5890],"product_tag":[8107,8189,8196,8200,8266,8408,8455,8521,7887,8522,8096,8097],"class_list":{"0":"post-30393","1":"product","2":"type-product","3":"status-publish","4":"has-post-thumbnail","6":"product_cat-quesos-yogures","7":"product_cat-queso-pieza","8":"product_tag-quesos-es","9":"product_tag-formatge-es","10":"product_tag-queso-es","11":"product_tag-cabra-es","12":"product_tag-dolc-es","13":"product_tag-lacteo-es","14":"product_tag-franca-es","15":"product_tag-picandou-es","16":"product_tag-formatges-escofet-oliver-es","17":"product_tag-pasteurizado-es","18":"product_tag-llet-es","19":"product_tag-leche-es","20":"product_shipping_class-entrega-en-domicilio","21":"pa_country_of_manufacture-fr-es-2","22":"pa_promotional-no-es-2","24":"first","25":"instock","26":"taxable","27":"shipping-taxable","28":"purchasable","29":"product-type-simple"},"acf":[],"_links":{"self":[{"href":"https:\/\/escofetoliver.com\/es\/wp-json\/wp\/v2\/product\/30393","targetHints":{"allow":["GET"]}}],"collection":[{"href":"https:\/\/escofetoliver.com\/es\/wp-json\/wp\/v2\/product"}],"about":[{"href":"https:\/\/escofetoliver.com\/es\/wp-json\/wp\/v2\/types\/product"}],"replies":[{"embeddable":true,"href":"https:\/\/escofetoliver.com\/es\/wp-json\/wp\/v2\/comments?post=30393"}],"wp:featuredmedia":[{"embeddable":true,"href":"https:\/\/escofetoliver.com\/es\/wp-json\/wp\/v2\/media\/30388"}],"wp:attachment":[{"href":"https:\/\/escofetoliver.com\/es\/wp-json\/wp\/v2\/media?parent=30393"}],"wp:term":[{"taxonomy":"product_brand","embeddable":true,"href":"https:\/\/escofetoliver.com\/es\/wp-json\/wp\/v2\/product_brand?post=30393"},{"taxonomy":"product_cat","embeddable":true,"href":"https:\/\/escofetoliver.com\/es\/wp-json\/wp\/v2\/product_cat?post=30393"},{"taxonomy":"product_tag","embeddable":true,"href":"https:\/\/escofetoliver.com\/es\/wp-json\/wp\/v2\/product_tag?post=30393"}],"curies":[{"name":"wp","href":"https:\/\/api.w.org\/{rel}","templated":true}]}}