{"id":30335,"date":"2021-05-06T09:50:13","date_gmt":"2021-05-06T09:50:13","guid":{"rendered":"http:\/\/carnescofetacasa.com\/Producte\/gres-trufat\/"},"modified":"2025-02-28T12:42:51","modified_gmt":"2025-02-28T11:42:51","slug":"gres-trufado","status":"publish","type":"product","link":"https:\/\/escofetoliver.com\/es\/tienda\/quesos-yogures\/queso-pieza\/gres-trufado\/","title":{"rendered":"Petit Gr\u00e8s con trufa (De Alsacia) &#8211; 125 g"},"content":{"rendered":"<p>El\u00a0<strong><span>Petit\u00a0<\/span><span class=\"hiddenSpellError\" onkeypress=\"MORFOLOGIK_RULE_CA_ES---#---undefined---#---Possible error ortogr\u00e0fic.---#---gres#res#tres#greu#eres#gris#gros#pres#grec#grecs#greus#gras#r\u00e9s#agres#ges#gires#grues#ares#ires#fres#ores#ogres#bres#gir\u00e9s#goes#Agres#Ares#Bres#Cres#Dres#Eres#Ges#Gir\u00e9s#Gras#Grass#Gresa#Gris#Gros#G\u00e8rs#Sres#bre\u00e7#dre\u00e7#go\u00e8s#go\u00e9s#gresa#gru\u00e9s#g\u00faes#ir\u00e9s#or\u00e9s---#---gr\u00e8s\">gr\u00e8s<\/span>\u00a0d&#8217;<span class=\"hiddenSpellError\" onkeypress=\"MORFOLOGIK_RULE_CA_ES---#---undefined---#---Possible error ortogr\u00e0fic.---#---al\u00e7ada#al\u00e7ava#al\u00e7ara#altesa#Als\u00e0cia#Albesa#al\u00e7ar\u00e9#albeca#alpaca#asseca#ensaca#allassa#al\u00e7assen#al\u00e7asses#al\u00e7\u00e0ssem#al\u00e7\u00e0sseu#elnesa#llaca#llace#lla\u00e7a#llassa#llasse---#---alsace\">alsace aux<\/span>\u00a0<span class=\"hiddenSpellError\" onkeypress=\"MORFOLOGIK_RULE_CA_ES---#---undefined---#---Possible error ortogr\u00e0fic.---#---trufes#truf\u00e9s#trumfes#trumf\u00e9s#truf fes---#---truffes\">truffes<\/span><\/strong><span class=\"hiddenSpellError\" onkeypress=\"MORFOLOGIK_RULE_CA_ES---#---undefined---#---Possible error ortogr\u00e0fic.---#---trufes#truf\u00e9s#trumfes#trumf\u00e9s#truf fes---#---truffes\"> es un queso elaborado por la mano de maestros queseros de la Alsacia francesa. Un placer de pasta blanda y f\u00e1cil de untar, que adem\u00e1s marida muy bien con un buen vino negro.<\/span><\/p>\n<p>El secreto de su magia se encuentra en ese equilibrio entre los sabores suaves y la cremosidad mas pura, ambos detalles resaltados por el toque de la trufa de verano.<\/p>\n<p><b>Maduraci\u00f3n<\/b><strong>:\u00a0<\/strong>Tres meses m\u00ednimo.<\/p>\n<p><b>Al\u00e9rgenos:\u00a0<\/b>Derivados de la LECHE.<\/p>\n<p><strong>Ingredientes<\/strong>: <span>Leche pasteurizada de vaca, sal, trufa negra, aceite de trufa,\u00a0<\/span><span>fermentos<\/span><span>\u00a0l\u00e1cticos,\u00a0<\/span><span>presura<\/span><span>\u00a0y hojas decorativas de helecho.<\/span><\/p>\n","protected":false},"excerpt":{"rendered":"<p>Pieza de queso envasado al vac\u00edo, de 125 g.<\/p>\n","protected":false},"featured_media":30332,"comment_status":"open","ping_status":"closed","template":"","meta":{"_acf_changed":false},"product_brand":[],"product_cat":[5862,5890],"product_tag":[8455,8466,8870,8096,8990,8097,8107,8189],"class_list":{"0":"post-30335","1":"product","2":"type-product","3":"status-publish","4":"has-post-thumbnail","6":"product_cat-quesos-yogures","7":"product_cat-queso-pieza","8":"product_tag-franca-es","9":"product_tag-trufat-es","10":"product_tag-trufa-es","11":"product_tag-llet-es","12":"product_tag-trufa-es-2","13":"product_tag-leche-es","14":"product_tag-quesos-es","15":"product_tag-formatge-es","16":"product_shipping_class-entrega-en-domicilio","17":"pa_caracteristicas-denom_origen_cast-es","18":"pa_promotional-no-es-2","20":"first","21":"instock","22":"taxable","23":"shipping-taxable","24":"purchasable","25":"product-type-simple"},"acf":[],"_links":{"self":[{"href":"https:\/\/escofetoliver.com\/es\/wp-json\/wp\/v2\/product\/30335","targetHints":{"allow":["GET"]}}],"collection":[{"href":"https:\/\/escofetoliver.com\/es\/wp-json\/wp\/v2\/product"}],"about":[{"href":"https:\/\/escofetoliver.com\/es\/wp-json\/wp\/v2\/types\/product"}],"replies":[{"embeddable":true,"href":"https:\/\/escofetoliver.com\/es\/wp-json\/wp\/v2\/comments?post=30335"}],"wp:featuredmedia":[{"embeddable":true,"href":"https:\/\/escofetoliver.com\/es\/wp-json\/wp\/v2\/media\/30332"}],"wp:attachment":[{"href":"https:\/\/escofetoliver.com\/es\/wp-json\/wp\/v2\/media?parent=30335"}],"wp:term":[{"taxonomy":"product_brand","embeddable":true,"href":"https:\/\/escofetoliver.com\/es\/wp-json\/wp\/v2\/product_brand?post=30335"},{"taxonomy":"product_cat","embeddable":true,"href":"https:\/\/escofetoliver.com\/es\/wp-json\/wp\/v2\/product_cat?post=30335"},{"taxonomy":"product_tag","embeddable":true,"href":"https:\/\/escofetoliver.com\/es\/wp-json\/wp\/v2\/product_tag?post=30335"}],"curies":[{"name":"wp","href":"https:\/\/api.w.org\/{rel}","templated":true}]}}