{"id":30319,"date":"2021-05-06T08:41:57","date_gmt":"2021-05-06T06:41:57","guid":{"rendered":"http:\/\/carnescofetacasa.com\/Producte\/cava-escofet-oliver\/"},"modified":"2023-07-27T10:00:19","modified_gmt":"2023-07-27T08:00:19","slug":"cava-escofet-oliver","status":"publish","type":"product","link":"https:\/\/escofetoliver.com\/es\/tienda\/despensa\/vinos-cavas\/cava-escofet-oliver\/","title":{"rendered":"Cava Escofet Oliver &#8211; 75 CL"},"content":{"rendered":"<p>Se trata de un Brut Nature elaborado con una uva de alta calidad, y definido por su ligereza, adem\u00e1s de no tener apenas azucares a\u00f1adidos. Es una variedad ideal para \u00e9pocas de verano, en las cuales marida bien con arroces, marisco o embutido.<\/p>\n<p>Al\u00e9rgenos: SULFITOS.<\/p>\n","protected":false},"excerpt":{"rendered":"<p>Botella de cava de 75 cl.<\/p>\n<p><span style=\"font-size: 8pt;\"><strong>*Prohibida la venta de productos alcoh\u00f3licos para menores de 18 a\u00f1os.<\/strong><\/span><\/p>\n","protected":false},"featured_media":54394,"comment_status":"open","ping_status":"closed","template":"","meta":{"_acf_changed":false},"product_brand":[],"product_cat":[5866,5934],"product_tag":[7501,11067,7536,8192,8431,8434,8435,8436,8437,8439,7495,8440,7497],"class_list":{"0":"post-30319","1":"product","2":"type-product","3":"status-publish","4":"has-post-thumbnail","6":"product_cat-despensa","7":"product_cat-vinos-cavas","8":"product_tag-raim-es","9":"product_tag-prop-sanjuan-24","10":"product_tag-carns-escofet-es","11":"product_tag-denominacio-dorigen-es","12":"product_tag-vins-es","13":"product_tag-sec-es","14":"product_tag-estiu-es","15":"product_tag-verano-es","16":"product_tag-seco-es","17":"product_tag-maricos-es","18":"product_tag-escofet-oliver-es","19":"product_tag-embutidos-es","20":"product_tag-catalunya-es","21":"pa_promotional-no-es-2","23":"first","24":"instock","25":"taxable","26":"shipping-taxable","27":"purchasable","28":"product-type-simple"},"acf":[],"_links":{"self":[{"href":"https:\/\/escofetoliver.com\/es\/wp-json\/wp\/v2\/product\/30319","targetHints":{"allow":["GET"]}}],"collection":[{"href":"https:\/\/escofetoliver.com\/es\/wp-json\/wp\/v2\/product"}],"about":[{"href":"https:\/\/escofetoliver.com\/es\/wp-json\/wp\/v2\/types\/product"}],"replies":[{"embeddable":true,"href":"https:\/\/escofetoliver.com\/es\/wp-json\/wp\/v2\/comments?post=30319"}],"wp:featuredmedia":[{"embeddable":true,"href":"https:\/\/escofetoliver.com\/es\/wp-json\/wp\/v2\/media\/54394"}],"wp:attachment":[{"href":"https:\/\/escofetoliver.com\/es\/wp-json\/wp\/v2\/media?parent=30319"}],"wp:term":[{"taxonomy":"product_brand","embeddable":true,"href":"https:\/\/escofetoliver.com\/es\/wp-json\/wp\/v2\/product_brand?post=30319"},{"taxonomy":"product_cat","embeddable":true,"href":"https:\/\/escofetoliver.com\/es\/wp-json\/wp\/v2\/product_cat?post=30319"},{"taxonomy":"product_tag","embeddable":true,"href":"https:\/\/escofetoliver.com\/es\/wp-json\/wp\/v2\/product_tag?post=30319"}],"curies":[{"name":"wp","href":"https:\/\/api.w.org\/{rel}","templated":true}]}}