{"id":30291,"date":"2021-04-28T18:28:47","date_gmt":"2021-04-28T18:28:47","guid":{"rendered":"http:\/\/carnescofetacasa.com\/Producte\/llom-porc-2colors\/"},"modified":"2026-03-20T11:52:34","modified_gmt":"2026-03-20T10:52:34","slug":"lomo-cerdo-dos-colores","status":"publish","type":"product","link":"https:\/\/escofetoliver.com\/es\/tienda\/carniceria\/cerdo\/lomo-cerdo-dos-colores\/","title":{"rendered":"Lomo de cerdo dos colores &#8211; 6 cortes &#8211; 300 g"},"content":{"rendered":"<p><span>La <a href=\"https:\/\/escofetoliver.com\/es\/categoria-del-producto\/carniceria\/cerdo\/\">carne de cerdo<\/a> es una carne muy rica en varios nutrientes y fundamental por nuestra alimentaci\u00f3n. Tiene una textura y sabor diferenciales y contiene varias prote\u00ednas, adem\u00e1s de hierro y vitamina B12, y se caracteriza para ser baja en grasas. Otro detalle es que tiene una proporci\u00f3n de \u00e1cidos grasos monoinsaturados y de vitamina B1 superior a otras carnes.<\/span><\/p>\n<p><span>Es una carne muy deliciosa y necesaria para cualquier tipo de dieta equilibrada, dado que gracias a las propiedades mencionadas facilita la digesti\u00f3n y un correcto mantenimiento de nuestros huesos.<\/span><\/p>\n<p><span>Por eso es una de las m\u00e1s consumidas. Se recomienda comer la carne de cerdo 1 o 2 veces por semana.<\/span><\/p>\n<p>&nbsp;<\/p>\n<p><span style=\"font-size: 16px;\"><strong><span style=\"font-family: 'Playfair Display', serif; color: #2c2c2b;\">Cocina desde casa el mejor cerdo asado con salsa de casta\u00f1as.<\/span><\/strong><\/span><b><span style=\"font-size: 10.0pt; font-family: 'Playfair Display',serif; color: #bda65c;\"><\/span><\/b><\/p>\n<p><iframe loading=\"lazy\" title=\"Fem Rostit amb Salsa de Castanyes\" width=\"640\" height=\"360\" src=\"https:\/\/www.youtube.com\/embed\/ahEcp7lqHdY?feature=oembed\" frameborder=\"0\" allow=\"accelerometer; autoplay; clipboard-write; encrypted-media; gyroscope; picture-in-picture; web-share\" referrerpolicy=\"strict-origin-when-cross-origin\" allowfullscreen><\/iframe><\/p>\n<p><span style=\"font-size: 16px;\"><strong><span style=\"font-family: 'Playfair Display', serif; color: #bda65c;\">INGREDIENTES\u00a0<\/span><\/strong><\/span><\/p>\n<p><span style=\"font-size: 16px;\"><span style=\"font-family: 'Playfair Display', serif;\">\u2022 Lomo de cerdo.<\/span><br \/>\n<span style=\"font-family: 'Playfair Display', serif;\">\u2022 Casta\u00f1as.<\/span><br \/>\n<span style=\"font-family: 'Playfair Display', serif;\">\u2022 Ajo.<\/span><br \/>\n<span style=\"font-family: 'Playfair Display', serif;\">\u2022 Cebolla.<\/span><br \/>\n<span style=\"font-family: 'Playfair Display', serif;\">\u2022 Agua.<\/span><br \/>\n<span style=\"font-family: 'Playfair Display', serif;\">\u2022 Crema de leche.<\/span><br \/>\n<span style=\"font-family: 'Playfair Display', serif;\">\u2022 Vino blanco.<\/span><br \/>\n<span style=\"font-family: 'Playfair Display', serif;\">\u2022 Pimienta.<\/span><br \/>\n<span style=\"font-family: 'Playfair Display', serif;\">\u2022 Sal.<\/span><br \/>\n<span style=\"font-family: 'Playfair Display', serif;\">\u2022 Aceite de oliva.<\/span><\/span><span style=\"font-size: 10.0pt;\"><\/span><\/p>\n<p><span style=\"font-family: 'Playfair Display'; color: #bda65c;\"><strong>CONSELLS\u00a0<\/strong><\/span><\/p>\n<p><span style=\"color: #2c2c2b;\">\u27a4<span style=\"font-family: 'Playfair Display';\"> Puedes pedir el lomo con el cordel ya puesto.<\/span><\/span><br \/>\n<span style=\"font-family: 'Playfair Display'; color: #2c2c2b;\">\u27a4 Asa bien el lomo hasta que quede dorado.\u00a0<\/span><br \/>\n<span style=\"font-family: 'Playfair Display'; color: #2c2c2b;\">\u27a4 Puedes a\u00f1adir cualquier potenciador de sabor como, por ejemplo, soja.<\/span><br \/>\n<span style=\"font-family: 'Playfair Display'; color: #2c2c2b;\">\u27a4 A\u00f1ade tanta crema de leche como necesites para que la salsa te quede con el grosor deseado.<\/span><\/p>\n<p>&nbsp;<\/p>\n<p>&nbsp;<\/p>\n<p>&nbsp;<\/p>\n<p>&nbsp;<\/p>\n<p>Ingredientes: Corte proveniente del extremo del lomo.<\/p>\n","protected":false},"excerpt":{"rendered":"<p><span>Una bandeja con 6 cortes de lomo de cerdo, de un peso total de 300 g, aproximadamente.<\/span><\/p>\n<p><span>Lomo de cerdo de dos colores, meloso y muy tierno. Ideal para cocinar a la plancha, asar o preparar unos deliciosos empanados o enlucidos.<\/span>.<\/p>\n","protected":false},"featured_media":54738,"comment_status":"open","ping_status":"closed","template":"","meta":{"_acf_changed":false},"product_brand":[],"product_cat":[5854,5906],"product_tag":[6014,8405,7496,8406,7530,8407,7535,7544,7546,8951,7550,8953,8401,8955,8402,8956,6001,8403,6002,8404],"class_list":{"0":"post-30291","1":"product","2":"type-product","3":"status-publish","4":"has-post-thumbnail","6":"product_cat-carniceria","7":"product_cat-cerdo","8":"product_tag-carn-online","9":"product_tag-plancha-es","10":"product_tag-carns-escofet-oliver-es","11":"product_tag-rebozado-es","12":"product_tag-carne-online-es","13":"product_tag-empanado-es","14":"product_tag-carnisseria-online-es","15":"product_tag-carn-es","16":"product_tag-porc-es","17":"product_tag-botiga-de-carns-es","18":"product_tag-llom-es","19":"product_tag-comprar-carn-online-es","20":"product_tag-melos-es","21":"product_tag-comprar-carne-online-es","22":"product_tag-melosa-es","23":"product_tag-precios-carniceria","24":"product_tag-lomo","25":"product_tag-tierna-es","26":"product_tag-cerdo","27":"product_tag-tendra-es","28":"product_shipping_class-entrega-en-domicilio","29":"pa_preciokg-1550-es","30":"pa_promotional-no-es-2","32":"first","33":"instock","34":"taxable","35":"shipping-taxable","36":"purchasable","37":"product-type-simple"},"acf":[],"_links":{"self":[{"href":"https:\/\/escofetoliver.com\/es\/wp-json\/wp\/v2\/product\/30291","targetHints":{"allow":["GET"]}}],"collection":[{"href":"https:\/\/escofetoliver.com\/es\/wp-json\/wp\/v2\/product"}],"about":[{"href":"https:\/\/escofetoliver.com\/es\/wp-json\/wp\/v2\/types\/product"}],"replies":[{"embeddable":true,"href":"https:\/\/escofetoliver.com\/es\/wp-json\/wp\/v2\/comments?post=30291"}],"wp:featuredmedia":[{"embeddable":true,"href":"https:\/\/escofetoliver.com\/es\/wp-json\/wp\/v2\/media\/54738"}],"wp:attachment":[{"href":"https:\/\/escofetoliver.com\/es\/wp-json\/wp\/v2\/media?parent=30291"}],"wp:term":[{"taxonomy":"product_brand","embeddable":true,"href":"https:\/\/escofetoliver.com\/es\/wp-json\/wp\/v2\/product_brand?post=30291"},{"taxonomy":"product_cat","embeddable":true,"href":"https:\/\/escofetoliver.com\/es\/wp-json\/wp\/v2\/product_cat?post=30291"},{"taxonomy":"product_tag","embeddable":true,"href":"https:\/\/escofetoliver.com\/es\/wp-json\/wp\/v2\/product_tag?post=30291"}],"curies":[{"name":"wp","href":"https:\/\/api.w.org\/{rel}","templated":true}]}}