{"id":30287,"date":"2021-04-22T09:19:44","date_gmt":"2021-04-22T09:19:44","guid":{"rendered":"http:\/\/carnescofetacasa.com\/Producte\/pizza-margarita\/"},"modified":"2023-05-23T10:16:43","modified_gmt":"2023-05-23T08:16:43","slug":"pizza-margarita","status":"publish","type":"product","link":"https:\/\/escofetoliver.com\/es\/tienda\/cocinados-legumbres\/pizza-es\/pizza-margarita\/","title":{"rendered":"Pizza Margarita &#8211; mediana"},"content":{"rendered":"<p>El sabor fresco de sus ingredientes fundamentales y la consistencia firme de la masa de esta pizza Margarita har\u00e1n las delicias de los seguidores mas fieles de las pizzas.<\/p>\n<p><strong>Al\u00e9rgenos<\/strong> GLUTEN y LECHE.<\/p>\n<p><strong>Ingredientes<\/strong><\/p>\n<p><span>Harina de trigo, agua, sal, aceite de oliva, levadura, or\u00e9gano, mozzarella (leche pasteurizada de vaca, sal, cultivos l\u00e1cteos, cuajo microbiano,\u00a0<\/span><span class=\"hiddenSpellError\" onkeypress=\"MORFOLOGIK_RULE_ES---#---undefined---#---Se ha encontrado un posible error ortogr\u00e1fico.---#------#---antiapelmazante\">antiapelmazante<\/span><span>: almid\u00f3n de ma\u00edz), tomate triturado, sal y acidulante: \u00e1cido c\u00edtrico.<\/span><\/p>\n<p><span>Base de pizza, con mozzarella y salsa de tomate, pre-<\/span><span>cocida.<\/span><\/p>\n<p><strong>Conservaci\u00f3n\u00a0<\/strong><\/p>\n<p>Conservar en una temperatura entre 0 \u00b0C y 4\u202f\u00b0C. Una vez abierto, consumir en un m\u00e1ximo de dos d\u00edas.<\/p>\n","protected":false},"excerpt":{"rendered":"<p>Bolsa al vac\u00edo con pizza mediana de 440 g (base e ingredientes).<\/p>\n","protected":false},"featured_media":47215,"comment_status":"open","ping_status":"closed","template":"","meta":{"_acf_changed":false},"product_brand":[],"product_cat":[5904],"product_tag":[8386,8387,8388,7495,8400,7496,8115,8148,8382,8383,8384,8385],"class_list":{"0":"post-30287","1":"product","2":"type-product","3":"status-publish","4":"has-post-thumbnail","6":"product_cat-pizza-es","7":"product_tag-pizzas-ingredientes-es","8":"product_tag-pizzes-es","9":"product_tag-pizzes-casolanes-es","10":"product_tag-escofet-oliver-es","11":"product_tag-maragarita-es","12":"product_tag-carns-escofet-oliver-es","13":"product_tag-tradicional-es","14":"product_tag-artesa-es","15":"product_tag-pizzas-es","16":"product_tag-pizzas-caseras-es","17":"product_tag-pizzas-italianas-es","18":"product_tag-pizzas-recetas-es","19":"product_shipping_class-entrega-en-domicilio","20":"pa_promotional-no-es-2","22":"first","23":"instock","24":"taxable","25":"shipping-taxable","26":"purchasable","27":"product-type-simple"},"acf":[],"_links":{"self":[{"href":"https:\/\/escofetoliver.com\/es\/wp-json\/wp\/v2\/product\/30287","targetHints":{"allow":["GET"]}}],"collection":[{"href":"https:\/\/escofetoliver.com\/es\/wp-json\/wp\/v2\/product"}],"about":[{"href":"https:\/\/escofetoliver.com\/es\/wp-json\/wp\/v2\/types\/product"}],"replies":[{"embeddable":true,"href":"https:\/\/escofetoliver.com\/es\/wp-json\/wp\/v2\/comments?post=30287"}],"wp:featuredmedia":[{"embeddable":true,"href":"https:\/\/escofetoliver.com\/es\/wp-json\/wp\/v2\/media\/47215"}],"wp:attachment":[{"href":"https:\/\/escofetoliver.com\/es\/wp-json\/wp\/v2\/media?parent=30287"}],"wp:term":[{"taxonomy":"product_brand","embeddable":true,"href":"https:\/\/escofetoliver.com\/es\/wp-json\/wp\/v2\/product_brand?post=30287"},{"taxonomy":"product_cat","embeddable":true,"href":"https:\/\/escofetoliver.com\/es\/wp-json\/wp\/v2\/product_cat?post=30287"},{"taxonomy":"product_tag","embeddable":true,"href":"https:\/\/escofetoliver.com\/es\/wp-json\/wp\/v2\/product_tag?post=30287"}],"curies":[{"name":"wp","href":"https:\/\/api.w.org\/{rel}","templated":true}]}}