{"id":30279,"date":"2021-04-22T09:15:41","date_gmt":"2021-04-22T09:15:41","guid":{"rendered":"http:\/\/carnescofetacasa.com\/Producte\/pizza-diavola\/"},"modified":"2023-05-23T10:16:42","modified_gmt":"2023-05-23T08:16:42","slug":"pizza-diavola","status":"publish","type":"product","link":"https:\/\/escofetoliver.com\/es\/tienda\/cocinados-legumbres\/pizza-es\/pizza-diavola\/","title":{"rendered":"Pizza Diavola &#8211; mediana"},"content":{"rendered":"<p>Pizza elaborada con pepperoni de cerdo italiano y pensada para aquellos que buscan los mejores sabores picantes. Un cl\u00e1sico que respeta la tradici\u00f3n italiana.<\/p>\n<p><strong>Al\u00e9rgenos<\/strong> GLUTEN y LECHE.<\/p>\n<p><strong>Ingredients<\/strong><\/p>\n<p><span>Harina de trigo, agua, sal, aceite de oliva, levadura (<\/span><span class=\"hiddenSpellError\" onkeypress=\"MORFOLOGIK_RULE_ES---#---undefined---#---Se ha encontrado un posible error ortogr\u00e1fico.---#------#---Saccharomyces\">Saccharomyces<\/span><span>\u00a0<\/span><span class=\"hiddenSpellError\" onkeypress=\"MORFOLOGIK_RULE_ES---#---undefined---#---Se ha encontrado un posible error ortogr\u00e1fico.---#---Cerevisina#Cerevisinas---#---Cerevisiae\">Cerevisiae<\/span><span>), or\u00e9gano, mozzarella (leche pasteurizada de vaca, sal, cultivos l\u00e1cteos, cuajo microbiano,\u00a0<\/span><span class=\"hiddenSpellError\" onkeypress=\"MORFOLOGIK_RULE_ES---#---undefined---#---Se ha encontrado un posible error ortogr\u00e1fico.---#------#---antiapelmazante\">antiapelmazante<\/span><span>: almid\u00f3n de ma\u00edz),\u00a0<\/span><span class=\"hiddenSpellError\" onkeypress=\"MORFOLOGIK_RULE_ES---#---undefined---#---Se ha encontrado un posible error ortogr\u00e1fico.---#---pepero ni---#---peperoni\">peperoni<\/span><span>\u00a0(magro cerdo<\/span><span>, maltodextrina<\/span><span>, prote\u00edna cerdo, especias, sal, corrector de acidez (E326), dextrina, aceite girasol, fibra vegetal, dextrosa, estabilizantes (E450,\u00a0<\/span><span class=\"hiddenSpellError\" onkeypress=\"MORFOLOGIK_RULE_ES---#---undefined---#---Se ha encontrado un posible error ortogr\u00e1fico.---#---Esqu\u00ed#Estoy#Eloy#Epoxi#Eleg\u00ed#Emit\u00ed#Erig\u00ed#Exig\u00ed#EPI#Eli#El\u00ed#Emily#Elem\u00ed#Elid\u00ed#Elud\u00ed#Emba\u00ed#Emoji#Ergu\u00ed#Escay#Evad\u00ed#Exim\u00ed#Emby#Etsy#eBay---#---E451i\">E451i<\/span><span>), oleorresina de piment\u00f3n, aroma, antioxidante (E301), conservadores (E250,E252)), tomate triturado, sal y acidulante: \u00e1cido c\u00edtrico.<\/span><\/p>\n<p><span>Base de pizza con\u00a0<\/span><span class=\"hiddenSpellError\" onkeypress=\"MORFOLOGIK_RULE_ES---#---undefined---#---Se ha encontrado un posible error ortogr\u00e1fico.---#---pepero ni---#---peperoni\">peperoni<\/span><span>, mozzarella y salsa de tomate,\u00a0<\/span><span class=\"hiddenSpellError\" onkeypress=\"MORFOLOGIK_RULE_ES---#---undefined---#---Se ha encontrado un posible error ortogr\u00e1fico.---#---precocidad#recocida#pre cocida---#---precocida\">precocida<\/span><span>.<\/span><\/p>\n<p><strong>Conservaci\u00f3\u00a0<\/strong>Conservar en refrigeraci\u00f3 entre 0 i 4 \u00b0C. Un cop obert consumir en un m\u00e0xim de dos dies.<\/p>\n<p>&nbsp;<\/p>\n<p>&nbsp;<\/p>\n<p>&nbsp;<\/p>\n","protected":false},"excerpt":{"rendered":"<p>Bolsa al vac\u00edo con pizza mediana de 440 g (base e ingredientes).<\/p>\n","protected":false},"featured_media":47211,"comment_status":"open","ping_status":"closed","template":"","meta":{"_acf_changed":false},"product_brand":[],"product_cat":[5904],"product_tag":[8115,8148,8382,8383,8384,8385,8386,8388,7495,7496],"class_list":{"0":"post-30279","1":"product","2":"type-product","3":"status-publish","4":"has-post-thumbnail","6":"product_cat-pizza-es","7":"product_tag-tradicional-es","8":"product_tag-artesa-es","9":"product_tag-pizzas-es","10":"product_tag-pizzas-caseras-es","11":"product_tag-pizzas-italianas-es","12":"product_tag-pizzas-recetas-es","13":"product_tag-pizzas-ingredientes-es","14":"product_tag-pizzes-casolanes-es","15":"product_tag-escofet-oliver-es","16":"product_tag-carns-escofet-oliver-es","17":"product_shipping_class-entrega-en-domicilio","18":"pa_promotional-no-es-2","20":"first","21":"instock","22":"taxable","23":"shipping-taxable","24":"purchasable","25":"product-type-simple"},"acf":[],"_links":{"self":[{"href":"https:\/\/escofetoliver.com\/es\/wp-json\/wp\/v2\/product\/30279","targetHints":{"allow":["GET"]}}],"collection":[{"href":"https:\/\/escofetoliver.com\/es\/wp-json\/wp\/v2\/product"}],"about":[{"href":"https:\/\/escofetoliver.com\/es\/wp-json\/wp\/v2\/types\/product"}],"replies":[{"embeddable":true,"href":"https:\/\/escofetoliver.com\/es\/wp-json\/wp\/v2\/comments?post=30279"}],"wp:featuredmedia":[{"embeddable":true,"href":"https:\/\/escofetoliver.com\/es\/wp-json\/wp\/v2\/media\/47211"}],"wp:attachment":[{"href":"https:\/\/escofetoliver.com\/es\/wp-json\/wp\/v2\/media?parent=30279"}],"wp:term":[{"taxonomy":"product_brand","embeddable":true,"href":"https:\/\/escofetoliver.com\/es\/wp-json\/wp\/v2\/product_brand?post=30279"},{"taxonomy":"product_cat","embeddable":true,"href":"https:\/\/escofetoliver.com\/es\/wp-json\/wp\/v2\/product_cat?post=30279"},{"taxonomy":"product_tag","embeddable":true,"href":"https:\/\/escofetoliver.com\/es\/wp-json\/wp\/v2\/product_tag?post=30279"}],"curies":[{"name":"wp","href":"https:\/\/api.w.org\/{rel}","templated":true}]}}