{"id":30275,"date":"2021-04-22T09:11:50","date_gmt":"2021-04-22T09:11:50","guid":{"rendered":"http:\/\/carnescofetacasa.com\/Producte\/pizza-tonyina-taperes\/"},"modified":"2023-05-23T10:16:42","modified_gmt":"2023-05-23T08:16:42","slug":"pizza-atun-champinon","status":"publish","type":"product","link":"https:\/\/escofetoliver.com\/es\/tienda\/cocinados-legumbres\/pizza-es\/pizza-atun-champinon\/","title":{"rendered":"Pizza de at\u00fan y champi\u00f1ones &#8211; mediana"},"content":{"rendered":"<p><span>La <strong>pizza de at\u00fan y champi\u00f1ones<\/strong> es una de las combinaciones de pizza m\u00e1s populares. Una pizza sin complicaciones ni estridencias, preparada de manera artesanal y pensada para disfrutar de los sabores tradicionales de la cultura pizzera.<\/span><\/p>\n<p><span class=\"hiddenGrammarError\" onkeypress=\"AGREEMENT_ADJ_NOUN---#---5---#---Posible error de concordancia.---#---Al\u00e9rgeno GLUTEN#Al\u00e9rgenos GL\u00daTENES#Al\u00e9rgenos, GLUTEN---#---Al\u00e9rgenos GLUTEN\"><strong>Al\u00e9rgenos<\/strong> GLUTEN<\/span><span>, LECHE y PESCADO.<\/span><\/p>\n<p><strong>Ingredientes <\/strong><\/p>\n<p><span>Harina de trigo, agua, sal, aceite de oliva, levadura (<\/span><span class=\"hiddenSpellError\" onkeypress=\"MORFOLOGIK_RULE_ES---#---undefined---#---Se ha encontrado un posible error ortogr\u00e1fico.---#------#---Saccharomyces\">Saccharomyces<\/span><span>\u00a0<\/span><span class=\"hiddenSpellError\" onkeypress=\"MORFOLOGIK_RULE_ES---#---undefined---#---Se ha encontrado un posible error ortogr\u00e1fico.---#---Cerevisina#Cerevisinas---#---Cerevisiae\">Cerevisiae<\/span><span>),\u00a0<\/span><span>or\u00e9gano<\/span><span>,\u00a0<\/span><span>mozzarella<\/span><span>\u00a0(leche pasteurizada de vaca,\u00a0<\/span><span class=\"hiddenSpellError\" onkeypress=\"MORFOLOGIK_RULE_ES---#---undefined---#---Se ha encontrado un posible error ortogr\u00e1fico.---#---cultivo#cultivos#cultiva#cultiv\u00f3#cultos#cultas#multiuso#cutis#cultive#cultivas#cultiv\u00e9#Celsius#Celtics#culis#culitos#cultives#cultiv\u00e1#cultiv\u00e1s#cultr\u00fan#cul\u00edos#curt\u00edas#curt\u00edos#curt\u00eds#cut\u00edes#cut\u00eds#cuxi\u00fas#multib\u00fas---#---cultius\">cultius<\/span><span>\u00a0<\/span><span class=\"hiddenSpellError\" onkeypress=\"MORFOLOGIK_RULE_ES---#---undefined---#---Se ha encontrado un posible error ortogr\u00e1fico.---#---lactas#lactes#lact\u00e1is#lact\u00e1s#lact\u00e9is#lac\u00e1is#lac\u00e9is#lat\u00eds---#---lactis\">lactis<\/span><span>, cuajo microbiano,\u00a0<\/span><span class=\"hiddenSpellError\" onkeypress=\"MORFOLOGIK_RULE_ES---#---undefined---#---Se ha encontrado un posible error ortogr\u00e1fico.---#------#---antiapelmazante\">antiapelmazante<\/span><span>, almid\u00f3n de\u00a0<\/span><span>ma\u00edz<\/span><span>), at\u00fan (<\/span><span class=\"hiddenSpellError\" onkeypress=\"MORFOLOGIK_RULE_ES---#---undefined---#---Se ha encontrado un posible error ortogr\u00e1fico.---#------#---Katsuwonus\">Katsuwonus<\/span><span>\u00a0<\/span><span class=\"hiddenSpellError\" onkeypress=\"MORFOLOGIK_RULE_ES---#---undefined---#---Se ha encontrado un posible error ortogr\u00e1fico.---#---pelamos#pel\u00e1is#pela mis---#---pelamis\">pelamis<\/span><span>\u00a0\/\u00a0<\/span><span class=\"hiddenSpellError\" onkeypress=\"MORFOLOGIK_RULE_ES---#---undefined---#---Se ha encontrado un posible error ortogr\u00e1fico.---#---Tung\u00fas---#---Thunnus\">Thunnus<\/span><span>\u00a0<\/span><span class=\"hiddenSpellError\" onkeypress=\"MORFOLOGIK_RULE_ES---#---undefined---#---Se ha encontrado un posible error ortogr\u00e1fico.---#---se#su#si#s\u00ed#so#s\u00e9#FP#AP#Asp#CP#IP#ISP#LP#PP#S&amp;P#SA#SD#SEP#SL#SNP#Spa#Sr#s#spa#BP#HP#SAP---#---sp\">sp<\/span><span>), tomate triturado, sal y acidulante (<\/span><span>\u00e1cido<\/span><span>\u00a0c\u00edtrico) y champi\u00f1ones. La base de la\u00a0<\/span><span>pizza,<\/span><span>\u00a0con el at\u00fan, la\u00a0<\/span><span>mozzarella<\/span><span>\u00a0y salsa de tomate, est\u00e1 pre-cocida.<\/span><\/p>\n<p><strong>Caducidad<\/strong><\/p>\n<p>Conservar en una temperatura entre 0 i 4 \u00b0C. Una vez abierto, consumir antes de 2 dias.<\/p>\n","protected":false},"excerpt":{"rendered":"<p>Bolsa al vac\u00edo con pizza mediana de 440 g (base e ingredientes).<\/p>\n","protected":false},"featured_media":47209,"comment_status":"open","ping_status":"closed","template":"","meta":{"_acf_changed":false},"product_brand":[],"product_cat":[5904],"product_tag":[8382,8383,8384,8385,7495,8386,7496,8387,8115,8388,8148,8156,8214,8319],"class_list":{"0":"post-30275","1":"product","2":"type-product","3":"status-publish","4":"has-post-thumbnail","6":"product_cat-pizza-es","7":"product_tag-pizzas-es","8":"product_tag-pizzas-caseras-es","9":"product_tag-pizzas-italianas-es","10":"product_tag-pizzas-recetas-es","11":"product_tag-escofet-oliver-es","12":"product_tag-pizzas-ingredientes-es","13":"product_tag-carns-escofet-oliver-es","14":"product_tag-pizzes-es","15":"product_tag-tradicional-es","16":"product_tag-pizzes-casolanes-es","17":"product_tag-artesa-es","18":"product_tag-bolets-es","19":"product_tag-tonyina-es","20":"product_tag-setas-es","21":"product_shipping_class-entrega-en-domicilio","22":"pa_promotional-no-es-2","24":"first","25":"instock","26":"taxable","27":"shipping-taxable","28":"purchasable","29":"product-type-simple"},"acf":[],"_links":{"self":[{"href":"https:\/\/escofetoliver.com\/es\/wp-json\/wp\/v2\/product\/30275","targetHints":{"allow":["GET"]}}],"collection":[{"href":"https:\/\/escofetoliver.com\/es\/wp-json\/wp\/v2\/product"}],"about":[{"href":"https:\/\/escofetoliver.com\/es\/wp-json\/wp\/v2\/types\/product"}],"replies":[{"embeddable":true,"href":"https:\/\/escofetoliver.com\/es\/wp-json\/wp\/v2\/comments?post=30275"}],"wp:featuredmedia":[{"embeddable":true,"href":"https:\/\/escofetoliver.com\/es\/wp-json\/wp\/v2\/media\/47209"}],"wp:attachment":[{"href":"https:\/\/escofetoliver.com\/es\/wp-json\/wp\/v2\/media?parent=30275"}],"wp:term":[{"taxonomy":"product_brand","embeddable":true,"href":"https:\/\/escofetoliver.com\/es\/wp-json\/wp\/v2\/product_brand?post=30275"},{"taxonomy":"product_cat","embeddable":true,"href":"https:\/\/escofetoliver.com\/es\/wp-json\/wp\/v2\/product_cat?post=30275"},{"taxonomy":"product_tag","embeddable":true,"href":"https:\/\/escofetoliver.com\/es\/wp-json\/wp\/v2\/product_tag?post=30275"}],"curies":[{"name":"wp","href":"https:\/\/api.w.org\/{rel}","templated":true}]}}