{"id":30267,"date":"2021-04-22T08:57:17","date_gmt":"2021-04-22T08:57:17","guid":{"rendered":"http:\/\/carnescofetacasa.com\/Producte\/pizza-quatre-formatges\/"},"modified":"2023-05-23T10:16:41","modified_gmt":"2023-05-23T08:16:41","slug":"pizza-quatre-formatges","status":"publish","type":"product","link":"https:\/\/escofetoliver.com\/es\/tienda\/cocinados-legumbres\/pizza-es\/pizza-quatre-formatges\/","title":{"rendered":"Pizza de cuatro quesos &#8211; mediana"},"content":{"rendered":"<p>El elemento que hace distinta a esta pizza de cuatro quesos es la elecci\u00f3n de sus quesos, apostando por una interesante fusi\u00f3n de variedades de queso cheddar. Esta mezcla de sabores no dejara a nadie indiferente.<\/p>\n<p><strong>Ingredientes<\/strong><\/p>\n<p><span>Harina de trigo, agua, sal, aceite de oliva, levadura (<\/span><span class=\"hiddenSpellError\" onkeypress=\"MORFOLOGIK_RULE_ES---#---undefined---#---Se ha encontrado un posible error ortogr\u00e1fico.---#------#---Saccharomyces\">Saccharomyces<\/span><span>\u00a0<\/span><span class=\"hiddenSpellError\" onkeypress=\"MORFOLOGIK_RULE_ES---#---undefined---#---Se ha encontrado un posible error ortogr\u00e1fico.---#---Cerevisina#Cerevisinas---#---Cerevisiae\">Cerevisiae<\/span><span>), or\u00e9gano, Mozzarella (leche pasteurizada de vaca, sal, cultivos l\u00e1cteos, cuajo microbiano,\u00a0<\/span><span class=\"hiddenSpellError\" onkeypress=\"MORFOLOGIK_RULE_ES---#---undefined---#---Se ha encontrado un posible error ortogr\u00e1fico.---#------#---antiapelmazante\">antiapelmazante<\/span><span>: almid\u00f3n de ma\u00edz),\u00a0<\/span><span class=\"hiddenSpellError\" onkeypress=\"MORFOLOGIK_RULE_ES---#---undefined---#---Se ha encontrado un posible error ortogr\u00e1fico.---#---checar---#---cheddar\">cheddar<\/span><span>\u00a0(<\/span><span class=\"hiddenSpellError\" onkeypress=\"MORFOLOGIK_RULE_ES---#---undefined---#---Se ha encontrado un posible error ortogr\u00e1fico.---#---checar---#---cheddar\">cheddar<\/span><span>\u00a0rojo (49.5%); monterrey jack\u00a0<\/span><span class=\"hiddenSpellError\" onkeypress=\"MORFOLOGIK_RULE_ES---#---undefined---#---Se ha encontrado un posible error ortogr\u00e1fico.---#---checar---#---cheddar\">cheddar<\/span><span>\u00a0(49.5%),\u00a0<\/span><span class=\"hiddenSpellError\" onkeypress=\"MORFOLOGIK_RULE_ES---#---undefined---#---Se ha encontrado un posible error ortogr\u00e1fico.---#------#---antiapelmazante\">antiapelmazante<\/span><span>: almid\u00f3n de patata; colorantes:\u00a0<\/span><span class=\"hiddenGrammarError\" onkeypress=\"NO_SEPARADO---#---66---#---Probablemente se escribe junto.---#---betacaroteno---#---beta-caroteno\">beta-caroteno<\/span><span>,\u00a0<\/span><span class=\"hiddenSpellError\" onkeypress=\"MORFOLOGIK_RULE_ES---#---undefined---#---Se ha encontrado un posible error ortogr\u00e1fico.---#---innato#adnato#agnato#anato---#---annato\">annato<\/span><span>), queso Azul (leche pasteurizada semidesnatada de vaca, sal, cultivos de \u00e1cido l\u00e1ctico, cuajo microbiano, cloruro c\u00e1lcico, cultivos de moho comestibles), tomate triturado, sal y acidulante: \u00e1cido c\u00edtrico.<\/span><\/p>\n<p><span>Base de pizza, de<\/span><span>\u00a04 quesos y salsa de tomate,\u00a0<\/span><span class=\"hiddenSpellError\" onkeypress=\"MORFOLOGIK_RULE_ES---#---undefined---#---Se ha encontrado un posible error ortogr\u00e1fico.---#---precocidad#recocida#pre cocida---#---precocida\">precocida<\/span><span>.<\/span><\/p>\n<p><strong>Conservaci\u00f3n<\/strong> Conservar en refrigeraci\u00f3n entre 0 y 4\u00baC. Una vez abierto consumir en un m\u00e1ximo de 2 d\u00edas.<\/p>\n<p><strong>Al\u00e9rgenos<\/strong> GLUTEN y LECHE.<\/p>\n","protected":false},"excerpt":{"rendered":"<p>Bolsa al vac\u00edo con pizza mediana de 440 g (base e ingredientes).<\/p>\n","protected":false},"featured_media":47207,"comment_status":"open","ping_status":"closed","template":"","meta":{"_acf_changed":false},"product_brand":[],"product_cat":[5904],"product_tag":[8383,8384,8385,8386,8387,7496,8388,8115,8391,8148,8392,8189,8196,8382],"class_list":{"0":"post-30267","1":"product","2":"type-product","3":"status-publish","4":"has-post-thumbnail","6":"product_cat-pizza-es","7":"product_tag-pizzas-caseras-es","8":"product_tag-pizzas-italianas-es","9":"product_tag-pizzas-recetas-es","10":"product_tag-pizzas-ingredientes-es","11":"product_tag-pizzes-es","12":"product_tag-carns-escofet-oliver-es","13":"product_tag-pizzes-casolanes-es","14":"product_tag-tradicional-es","15":"product_tag-quatre-formatges-es","16":"product_tag-artesa-es","17":"product_tag-quattro-formaggi-escofet-oliver-es","18":"product_tag-formatge-es","19":"product_tag-queso-es","20":"product_tag-pizzas-es","21":"product_shipping_class-entrega-en-domicilio","22":"pa_promotional-no-es-2","24":"first","25":"instock","26":"taxable","27":"shipping-taxable","28":"purchasable","29":"product-type-simple"},"acf":[],"_links":{"self":[{"href":"https:\/\/escofetoliver.com\/es\/wp-json\/wp\/v2\/product\/30267","targetHints":{"allow":["GET"]}}],"collection":[{"href":"https:\/\/escofetoliver.com\/es\/wp-json\/wp\/v2\/product"}],"about":[{"href":"https:\/\/escofetoliver.com\/es\/wp-json\/wp\/v2\/types\/product"}],"replies":[{"embeddable":true,"href":"https:\/\/escofetoliver.com\/es\/wp-json\/wp\/v2\/comments?post=30267"}],"wp:featuredmedia":[{"embeddable":true,"href":"https:\/\/escofetoliver.com\/es\/wp-json\/wp\/v2\/media\/47207"}],"wp:attachment":[{"href":"https:\/\/escofetoliver.com\/es\/wp-json\/wp\/v2\/media?parent=30267"}],"wp:term":[{"taxonomy":"product_brand","embeddable":true,"href":"https:\/\/escofetoliver.com\/es\/wp-json\/wp\/v2\/product_brand?post=30267"},{"taxonomy":"product_cat","embeddable":true,"href":"https:\/\/escofetoliver.com\/es\/wp-json\/wp\/v2\/product_cat?post=30267"},{"taxonomy":"product_tag","embeddable":true,"href":"https:\/\/escofetoliver.com\/es\/wp-json\/wp\/v2\/product_tag?post=30267"}],"curies":[{"name":"wp","href":"https:\/\/api.w.org\/{rel}","templated":true}]}}