{"id":30263,"date":"2021-04-22T08:48:05","date_gmt":"2021-04-22T08:48:05","guid":{"rendered":"http:\/\/carnescofetacasa.com\/Producte\/pizza-pernil-formatge\/"},"modified":"2023-05-23T10:16:41","modified_gmt":"2023-05-23T08:16:41","slug":"pizza-pernil-formatge","status":"publish","type":"product","link":"https:\/\/escofetoliver.com\/es\/tienda\/cocinados-legumbres\/pizza-es\/pizza-pernil-formatge\/","title":{"rendered":"Pizza de jam\u00f3n y queso &#8211; mediana"},"content":{"rendered":"<p>La t\u00edpica pizza de jam\u00f3n con queso de tipo cheddar, ahora hecha con la mejor calidad de producto y de sabores. Llega directamente de Italia y sigue la m\u00e1s pura tradici\u00f3n pizzera.<\/p>\n<p><strong>Al\u00e9rgenos<\/strong> GLUTEN y LECHE.<\/p>\n<p><strong>Ingredientes<\/strong><\/p>\n<p>Harina de trigo, agua, sal , aceite de oliva, levadura (Saccharomyces Cerevisiae), or\u00e9gano, mozzarella (leche pasteurizada de vaca, sal, cultivos lacteos, cuajo microbiano, antiapelmazante: almido de trigo) jam\u00f3n (carne magra de cerdo (40%), agua, f\u00e9cula, maltodextrina, sal prote\u00edna de cerdo, estabilizantes (E451 i, E 450 i), gelificante (E407), conservadores (E326, E250), antioxidantes (E301), aroma, colorante (E120)), cheddar (cheddar rojo (49,9 %); Monterrey jack cheddar (49,5%), antiapelmazante: almid\u00f3n de patata; colorante: beta-carotideo, annato), tomate triturado, sal y acidulante: \u00e1cido c\u00edtrico.<\/p>\n<p>Base de pizza con jam\u00f3n, mozzarella, cheddar y salsa de tomate; precocida.<\/p>\n<p><strong>Conservaci\u00f3n\u00a0<\/strong>Conservar en refrigeraci\u00f3n entre 0 i 4 \u00b0C. Una vez abierto consumir en un m\u00e1ximo de dos dias.<\/p>\n<p>&nbsp;<\/p>\n","protected":false},"excerpt":{"rendered":"<p>Bolsa al vac\u00edo con pizza mediana de 440 g (base e ingredientes).<\/p>\n","protected":false},"featured_media":47201,"comment_status":"open","ping_status":"closed","template":"","meta":{"_acf_changed":false},"product_brand":[],"product_cat":[5904],"product_tag":[8383,8384,8385,8386,8387,7495,8388,7496,8389,8115,8148,8196,8382],"class_list":{"0":"post-30263","1":"product","2":"type-product","3":"status-publish","4":"has-post-thumbnail","6":"product_cat-pizza-es","7":"product_tag-pizzas-caseras-es","8":"product_tag-pizzas-italianas-es","9":"product_tag-pizzas-recetas-es","10":"product_tag-pizzas-ingredientes-es","11":"product_tag-pizzes-es","12":"product_tag-escofet-oliver-es","13":"product_tag-pizzes-casolanes-es","14":"product_tag-carns-escofet-oliver-es","15":"product_tag-pernil-i-formatge-es","16":"product_tag-tradicional-es","17":"product_tag-artesa-es","18":"product_tag-queso-es","19":"product_tag-pizzas-es","20":"product_shipping_class-entrega-en-domicilio","21":"pa_promotional-no-es-2","23":"first","24":"instock","25":"taxable","26":"shipping-taxable","27":"purchasable","28":"product-type-simple"},"acf":[],"_links":{"self":[{"href":"https:\/\/escofetoliver.com\/es\/wp-json\/wp\/v2\/product\/30263","targetHints":{"allow":["GET"]}}],"collection":[{"href":"https:\/\/escofetoliver.com\/es\/wp-json\/wp\/v2\/product"}],"about":[{"href":"https:\/\/escofetoliver.com\/es\/wp-json\/wp\/v2\/types\/product"}],"replies":[{"embeddable":true,"href":"https:\/\/escofetoliver.com\/es\/wp-json\/wp\/v2\/comments?post=30263"}],"wp:featuredmedia":[{"embeddable":true,"href":"https:\/\/escofetoliver.com\/es\/wp-json\/wp\/v2\/media\/47201"}],"wp:attachment":[{"href":"https:\/\/escofetoliver.com\/es\/wp-json\/wp\/v2\/media?parent=30263"}],"wp:term":[{"taxonomy":"product_brand","embeddable":true,"href":"https:\/\/escofetoliver.com\/es\/wp-json\/wp\/v2\/product_brand?post=30263"},{"taxonomy":"product_cat","embeddable":true,"href":"https:\/\/escofetoliver.com\/es\/wp-json\/wp\/v2\/product_cat?post=30263"},{"taxonomy":"product_tag","embeddable":true,"href":"https:\/\/escofetoliver.com\/es\/wp-json\/wp\/v2\/product_tag?post=30263"}],"curies":[{"name":"wp","href":"https:\/\/api.w.org\/{rel}","templated":true}]}}