{"id":30251,"date":"2021-04-16T09:46:01","date_gmt":"2021-04-16T09:46:01","guid":{"rendered":"http:\/\/carnescofetacasa.com\/Producte\/pebre-roig-dolc-chinata\/"},"modified":"2023-05-23T10:16:40","modified_gmt":"2023-05-23T08:16:40","slug":"pebre-roig-dolc-chinata","status":"publish","type":"product","link":"https:\/\/escofetoliver.com\/es\/tienda\/despensa\/salsas-condimentos-y-especias\/pebre-roig-dolc-chinata\/","title":{"rendered":"Piment\u00f3n dulce La Chinata &#8211; 70 g"},"content":{"rendered":"<p>Con denominaci\u00f3n de origen protegida \u00abPiment\u00f3n de La Vera\u00bb.<\/p>\n<p>Es un condimento con un toque dulce, para dar sabor y color a varias recetas caseras. Se puede usar para verduras o mariscos.<\/p>\n<p><strong>Sin alergenos<\/strong>.<\/p>\n<p><strong>Ingredientes:<\/strong><\/p>\n<p><span>Polvo fino obtenido a trav\u00e9s de moler<\/span><span>\u00a0frutos secos, maduros, sanos y limpios del\u00a0<\/span><span class=\"hiddenSpellError\" onkeypress=\"MORFOLOGIK_RULE_ES---#---undefined---#---Se ha encontrado un posible error ortogr\u00e1fico.---#---capic\u00faa#c\u00e1nticum---#---capsicum\">capsicum<\/span><span>\u00a0<\/span><span class=\"hiddenSpellError\" onkeypress=\"MORFOLOGIK_RULE_ES---#---undefined---#---Se ha encontrado un posible error ortogr\u00e1fico.---#---alum#anua#anuo#an\u00faa#an\u00fao#\u00d1um---#---anum\">anum<\/span><span>\u00a0y\u00a0<\/span><span class=\"hiddenSpellError\" onkeypress=\"MORFOLOGIK_RULE_ES---#---undefined---#---Se ha encontrado un posible error ortogr\u00e1fico.---#---capic\u00faa#c\u00e1nticum---#---capsicum\">capsicum<\/span><span>\u00a0<\/span><span class=\"hiddenSpellError\" onkeypress=\"MORFOLOGIK_RULE_ES---#---undefined---#---Se ha encontrado un posible error ortogr\u00e1fico.---#---lengua#lonja#lonjas#lingue#luenga#luengas#luengos#Long#elongue#elongu\u00e9#langur#longa#longas#longo#longos#longura#luengo---#---longum\">longum<\/span><span>.<\/span><\/p>\n<p><strong>Caducidad:\u00a0<\/strong>Viene en el envase.<\/p>\n","protected":false},"excerpt":{"rendered":"<p>Lata de 70 g de piment\u00f3n dulce.<\/p>\n","protected":false},"featured_media":30248,"comment_status":"open","ping_status":"closed","template":"","meta":{"_acf_changed":false},"product_brand":[],"product_cat":[5866,5914],"product_tag":[8192,8376,8377,8378,8379,7495],"class_list":{"0":"post-30251","1":"product","2":"type-product","3":"status-publish","4":"has-post-thumbnail","6":"product_cat-despensa","7":"product_cat-salsas-condimentos-y-especias","8":"product_tag-denominacio-dorigen-es","9":"product_tag-pebre-roig-es","10":"product_tag-pimenton-es","11":"product_tag-pimenton-dulce-es","12":"product_tag-pimenton-de-la-vera-es","13":"product_tag-escofet-oliver-es","14":"pa_promotional-no-es-2","16":"first","17":"instock","18":"taxable","19":"shipping-taxable","20":"purchasable","21":"product-type-simple"},"acf":[],"_links":{"self":[{"href":"https:\/\/escofetoliver.com\/es\/wp-json\/wp\/v2\/product\/30251","targetHints":{"allow":["GET"]}}],"collection":[{"href":"https:\/\/escofetoliver.com\/es\/wp-json\/wp\/v2\/product"}],"about":[{"href":"https:\/\/escofetoliver.com\/es\/wp-json\/wp\/v2\/types\/product"}],"replies":[{"embeddable":true,"href":"https:\/\/escofetoliver.com\/es\/wp-json\/wp\/v2\/comments?post=30251"}],"wp:featuredmedia":[{"embeddable":true,"href":"https:\/\/escofetoliver.com\/es\/wp-json\/wp\/v2\/media\/30248"}],"wp:attachment":[{"href":"https:\/\/escofetoliver.com\/es\/wp-json\/wp\/v2\/media?parent=30251"}],"wp:term":[{"taxonomy":"product_brand","embeddable":true,"href":"https:\/\/escofetoliver.com\/es\/wp-json\/wp\/v2\/product_brand?post=30251"},{"taxonomy":"product_cat","embeddable":true,"href":"https:\/\/escofetoliver.com\/es\/wp-json\/wp\/v2\/product_cat?post=30251"},{"taxonomy":"product_tag","embeddable":true,"href":"https:\/\/escofetoliver.com\/es\/wp-json\/wp\/v2\/product_tag?post=30251"}],"curies":[{"name":"wp","href":"https:\/\/api.w.org\/{rel}","templated":true}]}}