{"id":30219,"date":"2021-04-15T08:02:11","date_gmt":"2021-04-15T06:02:11","guid":{"rendered":"http:\/\/carnescofetacasa.com\/Producte\/formatge-fresc\/"},"modified":"2024-01-11T09:33:35","modified_gmt":"2024-01-11T08:33:35","slug":"montbru-es","status":"publish","type":"product","link":"https:\/\/escofetoliver.com\/es\/tienda\/quesos-yogures\/queso-fresco\/montbru-es\/","title":{"rendered":"Montbr\u00fa fresco de cabra &#8211; unidad &#8211; 250 g"},"content":{"rendered":"<p>De leche pasteurizada de cabra, este es un producto de f\u00e1cil elaboraci\u00f3n, de sabor suave y rico en prote\u00ednas. Un agradable alimento para cualquier momento del d\u00eda.<\/p>\n<p><span>Un alimento de la mejor selecci\u00f3n para cuidarse.<\/span><\/p>\n<p>&nbsp;<\/p>\n<p><span>Al\u00e9rgenos: Leche y sus derivados.<\/span><\/p>\n<p>&nbsp;<\/p>\n","protected":false},"excerpt":{"rendered":"<p>1 unidad de 250 g de queso fresco.<\/p>\n","protected":false},"featured_media":30216,"comment_status":"open","ping_status":"closed","template":"","meta":{"_acf_changed":false},"product_brand":[],"product_cat":[5862,8624],"product_tag":[11249,8192,8196,8200,8338,6611,7496,7563,8096,8097,8098,11205,8189],"class_list":{"0":"post-30219","1":"product","2":"type-product","3":"status-publish","4":"has-post-thumbnail","6":"product_cat-quesos-yogures","7":"product_cat-queso-fresco","8":"product_tag-proteina-escofet-oliver-esp","9":"product_tag-denominacio-dorigen-es","10":"product_tag-queso-es","11":"product_tag-cabra-es","12":"product_tag-natural-es","13":"product_tag-quesos-escofet-oliver","14":"product_tag-carns-escofet-oliver-es","15":"product_tag-proximitat-es","16":"product_tag-llet-es","17":"product_tag-leche-es","18":"product_tag-vaca-es","19":"product_tag-comete-el-verano","20":"product_tag-formatge-es","21":"product_shipping_class-entrega-en-domicilio","22":"pa_caracteristicas-denom_origen_cast-es","23":"pa_promotional-no-es-2","25":"first","26":"instock","27":"taxable","28":"shipping-taxable","29":"purchasable","30":"product-type-simple"},"acf":[],"_links":{"self":[{"href":"https:\/\/escofetoliver.com\/es\/wp-json\/wp\/v2\/product\/30219","targetHints":{"allow":["GET"]}}],"collection":[{"href":"https:\/\/escofetoliver.com\/es\/wp-json\/wp\/v2\/product"}],"about":[{"href":"https:\/\/escofetoliver.com\/es\/wp-json\/wp\/v2\/types\/product"}],"replies":[{"embeddable":true,"href":"https:\/\/escofetoliver.com\/es\/wp-json\/wp\/v2\/comments?post=30219"}],"wp:featuredmedia":[{"embeddable":true,"href":"https:\/\/escofetoliver.com\/es\/wp-json\/wp\/v2\/media\/30216"}],"wp:attachment":[{"href":"https:\/\/escofetoliver.com\/es\/wp-json\/wp\/v2\/media?parent=30219"}],"wp:term":[{"taxonomy":"product_brand","embeddable":true,"href":"https:\/\/escofetoliver.com\/es\/wp-json\/wp\/v2\/product_brand?post=30219"},{"taxonomy":"product_cat","embeddable":true,"href":"https:\/\/escofetoliver.com\/es\/wp-json\/wp\/v2\/product_cat?post=30219"},{"taxonomy":"product_tag","embeddable":true,"href":"https:\/\/escofetoliver.com\/es\/wp-json\/wp\/v2\/product_tag?post=30219"}],"curies":[{"name":"wp","href":"https:\/\/api.w.org\/{rel}","templated":true}]}}