{"id":30209,"date":"2021-04-15T07:34:28","date_gmt":"2021-04-15T07:34:28","guid":{"rendered":"http:\/\/carnescofetacasa.com\/Producte\/formatge-mas-garet-pebre-negre\/"},"modified":"2024-02-15T10:42:02","modified_gmt":"2024-02-15T09:42:02","slug":"formatge-mas-garet-pebre-negre","status":"publish","type":"product","link":"https:\/\/escofetoliver.com\/es\/tienda\/quesos-yogures\/queso-pieza\/formatge-mas-garet-pebre-negre\/","title":{"rendered":"Mas Garet pimienta negra &#8211; 250 g"},"content":{"rendered":"<p>Este queso de cabra une a la perfecci\u00f3n el sabor t\u00edpico de los quesos de cabra, entre acido y suave, con un interesante a\u00f1adido de pimienta negra que marca la diferencia en cualquier tabla de quesos. Puede combinar bien con vinos blancos.<\/p>\n<p><strong>Al\u00e9rgenos<\/strong>: Derivados de la LECHE.<\/p>\n<p><b>Caducidad: <\/b><\/p>\n<p>Leche pasteurizada de cabra, cuajo, fermentos l\u00e1cticos, sal, conservante lisozima de huevo, pobre negro y cloruro c\u00e1lcico.<\/p>\n<p>&nbsp;<\/p>\n","protected":false},"excerpt":{"rendered":"<p>Media pieza de 250 g de queso.<\/p>\n","protected":false},"featured_media":39381,"comment_status":"open","ping_status":"closed","template":"","meta":{"_acf_changed":false},"product_brand":[],"product_cat":[5862,5890],"product_tag":[8097,8098,8189,8192,8196,8200,6611,8338,7496,7563,7887,8096],"class_list":{"0":"post-30209","1":"product","2":"type-product","3":"status-publish","4":"has-post-thumbnail","6":"product_cat-quesos-yogures","7":"product_cat-queso-pieza","8":"product_tag-leche-es","9":"product_tag-vaca-es","10":"product_tag-formatge-es","11":"product_tag-denominacio-dorigen-es","12":"product_tag-queso-es","13":"product_tag-cabra-es","14":"product_tag-quesos-escofet-oliver","15":"product_tag-natural-es","16":"product_tag-carns-escofet-oliver-es","17":"product_tag-proximitat-es","18":"product_tag-formatges-escofet-oliver-es","19":"product_tag-llet-es","20":"product_shipping_class-entrega-en-domicilio","21":"pa_caracteristicas-denom_origen_cast-es","22":"pa_preciokg-3750-es","23":"pa_promotional-no-es-2","25":"first","26":"instock","27":"taxable","28":"shipping-taxable","29":"purchasable","30":"product-type-simple"},"acf":[],"_links":{"self":[{"href":"https:\/\/escofetoliver.com\/es\/wp-json\/wp\/v2\/product\/30209","targetHints":{"allow":["GET"]}}],"collection":[{"href":"https:\/\/escofetoliver.com\/es\/wp-json\/wp\/v2\/product"}],"about":[{"href":"https:\/\/escofetoliver.com\/es\/wp-json\/wp\/v2\/types\/product"}],"replies":[{"embeddable":true,"href":"https:\/\/escofetoliver.com\/es\/wp-json\/wp\/v2\/comments?post=30209"}],"wp:featuredmedia":[{"embeddable":true,"href":"https:\/\/escofetoliver.com\/es\/wp-json\/wp\/v2\/media\/39381"}],"wp:attachment":[{"href":"https:\/\/escofetoliver.com\/es\/wp-json\/wp\/v2\/media?parent=30209"}],"wp:term":[{"taxonomy":"product_brand","embeddable":true,"href":"https:\/\/escofetoliver.com\/es\/wp-json\/wp\/v2\/product_brand?post=30209"},{"taxonomy":"product_cat","embeddable":true,"href":"https:\/\/escofetoliver.com\/es\/wp-json\/wp\/v2\/product_cat?post=30209"},{"taxonomy":"product_tag","embeddable":true,"href":"https:\/\/escofetoliver.com\/es\/wp-json\/wp\/v2\/product_tag?post=30209"}],"curies":[{"name":"wp","href":"https:\/\/api.w.org\/{rel}","templated":true}]}}