{"id":30203,"date":"2021-04-15T07:08:15","date_gmt":"2021-04-15T07:08:15","guid":{"rendered":"http:\/\/carnescofetacasa.com\/Producte\/formatge-mas-garet-fines-herbes\/"},"modified":"2024-02-15T10:40:48","modified_gmt":"2024-02-15T09:40:48","slug":"formatge-mas-garet-fines-herbes","status":"publish","type":"product","link":"https:\/\/escofetoliver.com\/es\/tienda\/quesos-yogures\/queso-pieza\/formatge-mas-garet-fines-herbes\/","title":{"rendered":"Mas Garet finas hierbas &#8211; 250 g"},"content":{"rendered":"<p>Este queso de cabra es excelente por su textura cremosa y sabor suave, con un toque \u00e1cido t\u00edpico de los quesos de cabra. Se puede poner en cualquier tabla de quesos, ideal a cualquier hora del d\u00eda, marida bien con vinos blancos secos.<\/p>\n<p><strong>Al\u00e9rgenos<\/strong>: Derivados de la LECHE.<\/p>\n<p><strong>Ingredientes<\/strong>:<\/p>\n<p>Leche de cabra pasteurizada, sal, endurecedor (cloruro c\u00e1lcico, cuajo y fermentos l\u00e1cteos y un 1,5 % de plantas arom\u00e1ticas).<\/p>\n","protected":false},"excerpt":{"rendered":"<p>Media pieza de 250 g de queso.<\/p>\n","protected":false},"featured_media":39398,"comment_status":"open","ping_status":"closed","template":"","meta":{"_acf_changed":false},"product_brand":[],"product_cat":[5862,5890],"product_tag":[8098,8189,8192,8196,8200,8338,6611,7496,7563,8096,8097],"class_list":{"0":"post-30203","1":"product","2":"type-product","3":"status-publish","4":"has-post-thumbnail","6":"product_cat-quesos-yogures","7":"product_cat-queso-pieza","8":"product_tag-vaca-es","9":"product_tag-formatge-es","10":"product_tag-denominacio-dorigen-es","11":"product_tag-queso-es","12":"product_tag-cabra-es","13":"product_tag-natural-es","14":"product_tag-quesos-escofet-oliver","15":"product_tag-carns-escofet-oliver-es","16":"product_tag-proximitat-es","17":"product_tag-llet-es","18":"product_tag-leche-es","19":"product_shipping_class-entrega-en-domicilio","20":"pa_caracteristicas-denom_origen_cast-es","21":"pa_preciokg-3750-es","22":"pa_promotional-no-es-2","24":"first","25":"instock","26":"taxable","27":"shipping-taxable","28":"purchasable","29":"product-type-simple"},"acf":[],"_links":{"self":[{"href":"https:\/\/escofetoliver.com\/es\/wp-json\/wp\/v2\/product\/30203","targetHints":{"allow":["GET"]}}],"collection":[{"href":"https:\/\/escofetoliver.com\/es\/wp-json\/wp\/v2\/product"}],"about":[{"href":"https:\/\/escofetoliver.com\/es\/wp-json\/wp\/v2\/types\/product"}],"replies":[{"embeddable":true,"href":"https:\/\/escofetoliver.com\/es\/wp-json\/wp\/v2\/comments?post=30203"}],"wp:featuredmedia":[{"embeddable":true,"href":"https:\/\/escofetoliver.com\/es\/wp-json\/wp\/v2\/media\/39398"}],"wp:attachment":[{"href":"https:\/\/escofetoliver.com\/es\/wp-json\/wp\/v2\/media?parent=30203"}],"wp:term":[{"taxonomy":"product_brand","embeddable":true,"href":"https:\/\/escofetoliver.com\/es\/wp-json\/wp\/v2\/product_brand?post=30203"},{"taxonomy":"product_cat","embeddable":true,"href":"https:\/\/escofetoliver.com\/es\/wp-json\/wp\/v2\/product_cat?post=30203"},{"taxonomy":"product_tag","embeddable":true,"href":"https:\/\/escofetoliver.com\/es\/wp-json\/wp\/v2\/product_tag?post=30203"}],"curies":[{"name":"wp","href":"https:\/\/api.w.org\/{rel}","templated":true}]}}