{"id":30187,"date":"2021-04-14T15:39:15","date_gmt":"2021-04-14T15:39:15","guid":{"rendered":"http:\/\/carnescofetacasa.com\/Producte\/formatge-scamorza\/"},"modified":"2023-05-23T10:16:37","modified_gmt":"2023-05-23T08:16:37","slug":"formatge-scamorza","status":"publish","type":"product","link":"https:\/\/escofetoliver.com\/es\/tienda\/quesos-yogures\/queso-pieza\/formatge-scamorza\/","title":{"rendered":"Scamorza &#8211; 250 g"},"content":{"rendered":"<p>La<strong> Scamorza<\/strong> es un queso que funciona muy bien como alternativa a la Mozzarella, sobretodo en esos momentos en los que queremos romper con lo t\u00edpico. Interesante por su textura blanda y sus matices \u00e1cidos y especiados que se reconocen ya desde la primera degustaci\u00f3n.<\/p>\n<p>Elaborado con leche pasteurizada de vaca y cuajo, es un placer disfrutarlo tanto en pieza como fundido. Las ensaladas, brochetas o pastas siempre ganan con un toque de Scamorza.<\/p>\n<p><strong>Al\u00e9rgenos<\/strong>: Derivados de LECHE<\/p>\n<p><strong>Ingredientes:\u00a0<\/strong><\/p>\n<p>Leche, sal, cuajo y fermentos l\u00e1cteos.<\/p>\n<p><strong>Caducidad:\u00a0<\/strong> Viene en el envase.<\/p>\n","protected":false},"excerpt":{"rendered":"<p>Pieza de 250 g de queso Scamorza.<\/p>\n","protected":false},"featured_media":30184,"comment_status":"open","ping_status":"closed","template":"","meta":{"_acf_changed":false},"product_brand":[],"product_cat":[5862,5890],"product_tag":[8096,8459,8097,8098,8189,8196,8332,9112,8333,9113,8366,8382,7495,8387,7887,8411],"class_list":{"0":"post-30187","1":"product","2":"type-product","3":"status-publish","4":"has-post-thumbnail","6":"product_cat-quesos-yogures","7":"product_cat-queso-pieza","8":"product_tag-llet-es","9":"product_tag-fondue-es","10":"product_tag-leche-es","11":"product_tag-vaca-es","12":"product_tag-formatge-es","13":"product_tag-queso-es","14":"product_tag-scamorza-es","15":"product_tag-pastas-es","16":"product_tag-italia-es","17":"product_tag-ensalada-es","18":"product_tag-pasta-es","19":"product_tag-pizzas-es","20":"product_tag-escofet-oliver-es","21":"product_tag-pizzes-es","22":"product_tag-formatges-escofet-oliver-es","23":"product_tag-mozzarella-es","24":"product_shipping_class-entrega-en-domicilio","25":"pa_caracteristicas-denom_origen_cast-es","26":"pa_preciokg-2750-es","27":"pa_promotional-no-es-2","29":"first","30":"instock","31":"taxable","32":"shipping-taxable","33":"purchasable","34":"product-type-simple"},"acf":[],"_links":{"self":[{"href":"https:\/\/escofetoliver.com\/es\/wp-json\/wp\/v2\/product\/30187","targetHints":{"allow":["GET"]}}],"collection":[{"href":"https:\/\/escofetoliver.com\/es\/wp-json\/wp\/v2\/product"}],"about":[{"href":"https:\/\/escofetoliver.com\/es\/wp-json\/wp\/v2\/types\/product"}],"replies":[{"embeddable":true,"href":"https:\/\/escofetoliver.com\/es\/wp-json\/wp\/v2\/comments?post=30187"}],"wp:featuredmedia":[{"embeddable":true,"href":"https:\/\/escofetoliver.com\/es\/wp-json\/wp\/v2\/media\/30184"}],"wp:attachment":[{"href":"https:\/\/escofetoliver.com\/es\/wp-json\/wp\/v2\/media?parent=30187"}],"wp:term":[{"taxonomy":"product_brand","embeddable":true,"href":"https:\/\/escofetoliver.com\/es\/wp-json\/wp\/v2\/product_brand?post=30187"},{"taxonomy":"product_cat","embeddable":true,"href":"https:\/\/escofetoliver.com\/es\/wp-json\/wp\/v2\/product_cat?post=30187"},{"taxonomy":"product_tag","embeddable":true,"href":"https:\/\/escofetoliver.com\/es\/wp-json\/wp\/v2\/product_tag?post=30187"}],"curies":[{"name":"wp","href":"https:\/\/api.w.org\/{rel}","templated":true}]}}