{"id":30183,"date":"2021-04-12T10:33:41","date_gmt":"2021-04-12T10:33:41","guid":{"rendered":"http:\/\/carnescofetacasa.com\/Producte\/rovellons-carne\/"},"modified":"2023-05-23T10:16:36","modified_gmt":"2023-05-23T08:16:36","slug":"rovellons-carne","status":"publish","type":"product","link":"https:\/\/escofetoliver.com\/es\/tienda\/despensa\/conservas-aperitivos\/rovellons-carne\/","title":{"rendered":"Robell\u00f3n Mini Carn\u00e9 &#8211; 100 g"},"content":{"rendered":"<p>Un elemento tradicional de la cocina catalana, preparado por la casa Carn\u00e9 con agua y sal para su perfecta conservaci\u00f3n. Los robellones pueden ser el protagonista principal (con ajo y perejil) pero tambi\u00e9n un gran complemento para otras ideas, como los huevos estrellados o el arroz con pollo.<\/p>\n<p><strong>No tiene al\u00e9rgenos.<\/strong><\/p>\n<p><strong>Ingredientes:<\/strong><\/p>\n<p><span>Robellones, agua, sal y acidulando [<\/span><span>acido<\/span><span>\u00a0c\u00edtrico (E-330)]\u00a0<\/span><\/p>\n<p><strong>Caducidad:\u00a0<\/strong>Viene en el envase.<\/p>\n","protected":false},"excerpt":{"rendered":"<p>Envase de vidrio de 100 g de robellones. (Peso escurrido)<\/p>\n","protected":false},"featured_media":54617,"comment_status":"open","ping_status":"closed","template":"","meta":{"_acf_changed":false},"product_brand":[],"product_cat":[5902,5866],"product_tag":[8325,7496,8328,7497,8330,7744,8331,8156,8157,8297,8319,8320,8323,8324],"class_list":{"0":"post-30183","1":"product","2":"type-product","3":"status-publish","4":"has-post-thumbnail","6":"product_cat-conservas-aperitivos","7":"product_cat-despensa","8":"product_tag-robellones-es","9":"product_tag-carns-escofet-oliver-es","10":"product_tag-julivert-es","11":"product_tag-catalunya-es","12":"product_tag-setas-escofet-oliver-es","13":"product_tag-ous-es","14":"product_tag-rovellons-escofet-oliver-es","15":"product_tag-bolets-es","16":"product_tag-plats-es","17":"product_tag-cuina-es","18":"product_tag-setas-es","19":"product_tag-cocina-es","20":"product_tag-rovello-es","21":"product_tag-rovellons-es","22":"pa_promotional-no-es-2","24":"first","25":"instock","26":"taxable","27":"shipping-taxable","28":"purchasable","29":"product-type-simple"},"acf":[],"_links":{"self":[{"href":"https:\/\/escofetoliver.com\/es\/wp-json\/wp\/v2\/product\/30183","targetHints":{"allow":["GET"]}}],"collection":[{"href":"https:\/\/escofetoliver.com\/es\/wp-json\/wp\/v2\/product"}],"about":[{"href":"https:\/\/escofetoliver.com\/es\/wp-json\/wp\/v2\/types\/product"}],"replies":[{"embeddable":true,"href":"https:\/\/escofetoliver.com\/es\/wp-json\/wp\/v2\/comments?post=30183"}],"wp:featuredmedia":[{"embeddable":true,"href":"https:\/\/escofetoliver.com\/es\/wp-json\/wp\/v2\/media\/54617"}],"wp:attachment":[{"href":"https:\/\/escofetoliver.com\/es\/wp-json\/wp\/v2\/media?parent=30183"}],"wp:term":[{"taxonomy":"product_brand","embeddable":true,"href":"https:\/\/escofetoliver.com\/es\/wp-json\/wp\/v2\/product_brand?post=30183"},{"taxonomy":"product_cat","embeddable":true,"href":"https:\/\/escofetoliver.com\/es\/wp-json\/wp\/v2\/product_cat?post=30183"},{"taxonomy":"product_tag","embeddable":true,"href":"https:\/\/escofetoliver.com\/es\/wp-json\/wp\/v2\/product_tag?post=30183"}],"curies":[{"name":"wp","href":"https:\/\/api.w.org\/{rel}","templated":true}]}}