{"id":30179,"date":"2021-04-12T10:14:49","date_gmt":"2021-04-12T10:14:49","guid":{"rendered":"http:\/\/carnescofetacasa.com\/Producte\/ceps-carne\/"},"modified":"2023-05-23T10:16:36","modified_gmt":"2023-05-23T08:16:36","slug":"ceps-carne","status":"publish","type":"product","link":"https:\/\/escofetoliver.com\/es\/tienda\/despensa\/conservas-aperitivos\/ceps-carne\/","title":{"rendered":"Ceps secos Carn\u00e9 &#8211; 15 g"},"content":{"rendered":"<p>Es una seta muy vers\u00e1til para nuestros platos y recetas. En la casa de conservas Carn\u00e9 se deshidratan con cuidado para preservar su calidad.<\/p>\n<p><strong>Sin al\u00e9rgenos<\/strong>.<\/p>\n<p><strong>Ingredientes:<\/strong><\/p>\n<p>B.edulis<\/p>\n<p><strong>Caducidad:\u00a0<\/strong>Viene en el envase.<\/p>\n","protected":false},"excerpt":{"rendered":"<p>Envase de 15 g de setas.<\/p>\n","protected":false},"featured_media":54615,"comment_status":"open","ping_status":"closed","template":"","meta":{"_acf_changed":false},"product_brand":[],"product_cat":[5866,5902],"product_tag":[7495,7496,8156,8157,8297,8317,8318,8319,8320,8321],"class_list":{"0":"post-30179","1":"product","2":"type-product","3":"status-publish","4":"has-post-thumbnail","6":"product_cat-despensa","7":"product_cat-conservas-aperitivos","8":"product_tag-escofet-oliver-es","9":"product_tag-carns-escofet-oliver-es","10":"product_tag-bolets-es","11":"product_tag-plats-es","12":"product_tag-cuina-es","13":"product_tag-moixernons-es","14":"product_tag-senderuelas-es","15":"product_tag-setas-es","16":"product_tag-cocina-es","17":"product_tag-moixernons-escofet-oliver-es","18":"pa_promotional-no-es-2","20":"first","21":"instock","22":"taxable","23":"shipping-taxable","24":"purchasable","25":"product-type-simple"},"acf":[],"_links":{"self":[{"href":"https:\/\/escofetoliver.com\/es\/wp-json\/wp\/v2\/product\/30179","targetHints":{"allow":["GET"]}}],"collection":[{"href":"https:\/\/escofetoliver.com\/es\/wp-json\/wp\/v2\/product"}],"about":[{"href":"https:\/\/escofetoliver.com\/es\/wp-json\/wp\/v2\/types\/product"}],"replies":[{"embeddable":true,"href":"https:\/\/escofetoliver.com\/es\/wp-json\/wp\/v2\/comments?post=30179"}],"wp:featuredmedia":[{"embeddable":true,"href":"https:\/\/escofetoliver.com\/es\/wp-json\/wp\/v2\/media\/54615"}],"wp:attachment":[{"href":"https:\/\/escofetoliver.com\/es\/wp-json\/wp\/v2\/media?parent=30179"}],"wp:term":[{"taxonomy":"product_brand","embeddable":true,"href":"https:\/\/escofetoliver.com\/es\/wp-json\/wp\/v2\/product_brand?post=30179"},{"taxonomy":"product_cat","embeddable":true,"href":"https:\/\/escofetoliver.com\/es\/wp-json\/wp\/v2\/product_cat?post=30179"},{"taxonomy":"product_tag","embeddable":true,"href":"https:\/\/escofetoliver.com\/es\/wp-json\/wp\/v2\/product_tag?post=30179"}],"curies":[{"name":"wp","href":"https:\/\/api.w.org\/{rel}","templated":true}]}}