{"id":30175,"date":"2021-04-12T10:01:24","date_gmt":"2021-04-12T08:01:24","guid":{"rendered":"http:\/\/carnescofetacasa.com\/Producte\/barreja-bolets-carne\/"},"modified":"2023-05-30T12:39:02","modified_gmt":"2023-05-30T10:39:02","slug":"barreja-bolets-carne","status":"publish","type":"product","link":"https:\/\/escofetoliver.com\/es\/tienda\/despensa\/conservas-aperitivos\/barreja-bolets-carne\/","title":{"rendered":"Menestra de setas Carn\u00e9 &#8211; 15 g"},"content":{"rendered":"<p>Preparaci\u00f3n de varios tipos de setas combinadas, de la casa de conservas Carn\u00e9. Es com\u00fan preparar las menestras con verduras o legumbres, incluso carnes.<\/p>\n<p><strong>No tiene al\u00e9rgenos<\/strong>.<\/p>\n<p><strong>Ingredientes<\/strong>:<\/p>\n<p><span>Setas silvestres (L.<\/span><span>deliciosus<\/span><span>, T,\u00a0<\/span><span>terreum<\/span><span>, C,<\/span><span>Cibarus)<\/span><span>, Setas de cultivo (P.\u00a0<\/span><span>Nameko<\/span><span>, L.\u00a0<\/span><span>Edodes<\/span><span>, P,\u00a0<\/span><span>Ostreaus<\/span><span>, V.\u00a0<\/span><span>Volvaca)<\/span><span>.<\/span><\/p>\n<p><strong>Caducidad<\/strong>:<\/p>\n<p>Viene en el envase.<\/p>\n","protected":false},"excerpt":{"rendered":"<p>Envase de vidrio de 15 g de setas.<\/p>\n","protected":false},"featured_media":54628,"comment_status":"open","ping_status":"closed","template":"","meta":{"_acf_changed":false},"product_brand":[],"product_cat":[5866,5902],"product_tag":[8320,8321,8322,7495,7496,8156,8157,8297,8319],"class_list":{"0":"post-30175","1":"product","2":"type-product","3":"status-publish","4":"has-post-thumbnail","6":"product_cat-despensa","7":"product_cat-conservas-aperitivos","8":"product_tag-cocina-es","9":"product_tag-moixernons-escofet-oliver-es","10":"product_tag-menestra-es","11":"product_tag-escofet-oliver-es","12":"product_tag-carns-escofet-oliver-es","13":"product_tag-bolets-es","14":"product_tag-plats-es","15":"product_tag-cuina-es","16":"product_tag-setas-es","17":"pa_promotional-no-es-2","19":"first","20":"instock","21":"taxable","22":"shipping-taxable","23":"purchasable","24":"product-type-simple"},"acf":[],"_links":{"self":[{"href":"https:\/\/escofetoliver.com\/es\/wp-json\/wp\/v2\/product\/30175","targetHints":{"allow":["GET"]}}],"collection":[{"href":"https:\/\/escofetoliver.com\/es\/wp-json\/wp\/v2\/product"}],"about":[{"href":"https:\/\/escofetoliver.com\/es\/wp-json\/wp\/v2\/types\/product"}],"replies":[{"embeddable":true,"href":"https:\/\/escofetoliver.com\/es\/wp-json\/wp\/v2\/comments?post=30175"}],"wp:featuredmedia":[{"embeddable":true,"href":"https:\/\/escofetoliver.com\/es\/wp-json\/wp\/v2\/media\/54628"}],"wp:attachment":[{"href":"https:\/\/escofetoliver.com\/es\/wp-json\/wp\/v2\/media?parent=30175"}],"wp:term":[{"taxonomy":"product_brand","embeddable":true,"href":"https:\/\/escofetoliver.com\/es\/wp-json\/wp\/v2\/product_brand?post=30175"},{"taxonomy":"product_cat","embeddable":true,"href":"https:\/\/escofetoliver.com\/es\/wp-json\/wp\/v2\/product_cat?post=30175"},{"taxonomy":"product_tag","embeddable":true,"href":"https:\/\/escofetoliver.com\/es\/wp-json\/wp\/v2\/product_tag?post=30175"}],"curies":[{"name":"wp","href":"https:\/\/api.w.org\/{rel}","templated":true}]}}