{"id":30171,"date":"2021-04-12T09:39:04","date_gmt":"2021-04-12T09:39:04","guid":{"rendered":"http:\/\/carnescofetacasa.com\/Producte\/moixernons-carne\/"},"modified":"2023-05-23T10:16:35","modified_gmt":"2023-05-23T08:16:35","slug":"moixernons-carne","status":"publish","type":"product","link":"https:\/\/escofetoliver.com\/es\/tienda\/despensa\/conservas-aperitivos\/moixernons-carne\/","title":{"rendered":"Senderuelas Carn\u00e9 &#8211; 15 g"},"content":{"rendered":"<p>Las senderuelas (tambi\u00e9n conocidas como moixernons) son unas setas con un agradable aroma a harina e id\u00f3neas para a\u00f1adir a ensaladas, carnes o sobretodo el m\u00edtico fricand\u00f3. Preparados por la casa Carn\u00e9.<\/p>\n<p><strong>Ingredientes<\/strong>: <span>Marasmius oreades.<\/span><\/p>\n<p><strong>Caducidad:<\/strong> Viene en el envase.<\/p>\n","protected":false},"excerpt":{"rendered":"<p>Envase de vidrio de 15 g de senderuelas.<\/p>\n","protected":false},"featured_media":54626,"comment_status":"open","ping_status":"closed","template":"","meta":{"_acf_changed":false},"product_brand":[],"product_cat":[5866,5902],"product_tag":[8317,8318,8319,8320,8321,7495,7496,8156,8157,8297],"class_list":{"0":"post-30171","1":"product","2":"type-product","3":"status-publish","4":"has-post-thumbnail","6":"product_cat-despensa","7":"product_cat-conservas-aperitivos","8":"product_tag-moixernons-es","9":"product_tag-senderuelas-es","10":"product_tag-setas-es","11":"product_tag-cocina-es","12":"product_tag-moixernons-escofet-oliver-es","13":"product_tag-escofet-oliver-es","14":"product_tag-carns-escofet-oliver-es","15":"product_tag-bolets-es","16":"product_tag-plats-es","17":"product_tag-cuina-es","18":"product_shipping_class-entrega-en-domicilio","19":"pa_promotional-no-es-2","21":"first","22":"instock","23":"taxable","24":"shipping-taxable","25":"purchasable","26":"product-type-simple"},"acf":[],"_links":{"self":[{"href":"https:\/\/escofetoliver.com\/es\/wp-json\/wp\/v2\/product\/30171","targetHints":{"allow":["GET"]}}],"collection":[{"href":"https:\/\/escofetoliver.com\/es\/wp-json\/wp\/v2\/product"}],"about":[{"href":"https:\/\/escofetoliver.com\/es\/wp-json\/wp\/v2\/types\/product"}],"replies":[{"embeddable":true,"href":"https:\/\/escofetoliver.com\/es\/wp-json\/wp\/v2\/comments?post=30171"}],"wp:featuredmedia":[{"embeddable":true,"href":"https:\/\/escofetoliver.com\/es\/wp-json\/wp\/v2\/media\/54626"}],"wp:attachment":[{"href":"https:\/\/escofetoliver.com\/es\/wp-json\/wp\/v2\/media?parent=30171"}],"wp:term":[{"taxonomy":"product_brand","embeddable":true,"href":"https:\/\/escofetoliver.com\/es\/wp-json\/wp\/v2\/product_brand?post=30171"},{"taxonomy":"product_cat","embeddable":true,"href":"https:\/\/escofetoliver.com\/es\/wp-json\/wp\/v2\/product_cat?post=30171"},{"taxonomy":"product_tag","embeddable":true,"href":"https:\/\/escofetoliver.com\/es\/wp-json\/wp\/v2\/product_tag?post=30171"}],"curies":[{"name":"wp","href":"https:\/\/api.w.org\/{rel}","templated":true}]}}