{"id":30155,"date":"2021-04-08T09:18:06","date_gmt":"2021-04-08T07:18:06","guid":{"rendered":"http:\/\/carnescofetacasa.com\/Producte\/codonyat-artesa\/"},"modified":"2025-02-28T12:22:11","modified_gmt":"2025-02-28T11:22:11","slug":"codonyat-artesa","status":"publish","type":"product","link":"https:\/\/escofetoliver.com\/es\/tienda\/despensa\/conservas-aperitivos\/codonyat-artesa\/","title":{"rendered":"Membrillo artesano &#8211; 200 g"},"content":{"rendered":"<p>Hecho con la mejor t\u00e9cnica artesana con membrillo, este es un dulce que se consume bien con queso, frutos o incluso ensaladas. Recomendable, por su contenido en fibra, para la ingesta en casos de trastornos intestinales.<\/p>\n<p><strong>Al\u00e8rgenos<\/strong>: Dioxido de azufre. Sulfitos.<\/p>\n<p><strong>Ingredientes:<\/strong><\/p>\n<p><span>Membrillo, az\u00facar de ca\u00f1a, pectina, lim\u00f3n.<\/span><\/p>\n<p><strong>Caducidad:\u00a0<\/strong>5 a\u00f1os desde su elaboraci\u00f3n.<\/p>\n","protected":false},"excerpt":{"rendered":"<p>Bolsa al vac\u00edo con aproximadamente 100 g de membrillo.<\/p>\n","protected":false},"featured_media":39553,"comment_status":"open","ping_status":"closed","template":"","meta":{"_acf_changed":false},"product_brand":[],"product_cat":[5866,5902],"product_tag":[8148,8189,8266,8304],"class_list":{"0":"post-30155","1":"product","2":"type-product","3":"status-publish","4":"has-post-thumbnail","6":"product_cat-despensa","7":"product_cat-conservas-aperitivos","8":"product_tag-artesa-es","9":"product_tag-formatge-es","10":"product_tag-dolc-es","11":"product_tag-suau-es","12":"product_shipping_class-entrega-en-domicilio","13":"pa_preciokg-1190-es","14":"pa_promotional-no-es-2","16":"first","17":"instock","18":"taxable","19":"shipping-taxable","20":"purchasable","21":"product-type-simple"},"acf":[],"_links":{"self":[{"href":"https:\/\/escofetoliver.com\/es\/wp-json\/wp\/v2\/product\/30155","targetHints":{"allow":["GET"]}}],"collection":[{"href":"https:\/\/escofetoliver.com\/es\/wp-json\/wp\/v2\/product"}],"about":[{"href":"https:\/\/escofetoliver.com\/es\/wp-json\/wp\/v2\/types\/product"}],"replies":[{"embeddable":true,"href":"https:\/\/escofetoliver.com\/es\/wp-json\/wp\/v2\/comments?post=30155"}],"wp:featuredmedia":[{"embeddable":true,"href":"https:\/\/escofetoliver.com\/es\/wp-json\/wp\/v2\/media\/39553"}],"wp:attachment":[{"href":"https:\/\/escofetoliver.com\/es\/wp-json\/wp\/v2\/media?parent=30155"}],"wp:term":[{"taxonomy":"product_brand","embeddable":true,"href":"https:\/\/escofetoliver.com\/es\/wp-json\/wp\/v2\/product_brand?post=30155"},{"taxonomy":"product_cat","embeddable":true,"href":"https:\/\/escofetoliver.com\/es\/wp-json\/wp\/v2\/product_cat?post=30155"},{"taxonomy":"product_tag","embeddable":true,"href":"https:\/\/escofetoliver.com\/es\/wp-json\/wp\/v2\/product_tag?post=30155"}],"curies":[{"name":"wp","href":"https:\/\/api.w.org\/{rel}","templated":true}]}}