{"id":30151,"date":"2021-04-08T09:03:12","date_gmt":"2021-04-08T09:03:12","guid":{"rendered":"http:\/\/carnescofetacasa.com\/Producte\/pate-obach\/"},"modified":"2026-04-07T12:15:33","modified_gmt":"2026-04-07T10:15:33","slug":"pate-obach","status":"publish","type":"product","link":"https:\/\/escofetoliver.com\/es\/tienda\/embutidos\/cocidos\/pate-obach\/","title":{"rendered":"Pat\u00e9 Obach &#8211; 120 g"},"content":{"rendered":"<p>Un producto con muchos a\u00f1os de tradici\u00f3n. Hecho, de manera t\u00edpica, con h\u00edgado de cerdo, tocino y bien hervido hasta lograr un sabor intenso e inigualable.<span>Una\u00a0<\/span><span class=\"hiddenSpellError\" onkeypress=\"MORFOLOGIK_RULE_CA_ES---#---0---#---Possible error ortogr\u00e0fic.---#---bona#joana#vena#Boada#bena#boina#duana#vana#bocana#vane#blana#buata#Baena#Bana#Bena#Boera#Bona#Bosna#Coa\u00f1a#Joana#Moa\u00f1a#Roanne#boada#borna#borne#born\u00e0#botana#buanya#buina#buna#coana#duane#duan\u00e0#ruana#van\u00e0#vorana---#---buena---#---Una buena manera de disfrutarlo es en una tostadita o en un buen bocadillo (para la merienda o el almuerzo tambi\u00e9n)---#---4\">buena<\/span><span>\u00a0manera de\u00a0<\/span><span class=\"hiddenSpellError\" onkeypress=\"MORFOLOGIK_RULE_CA_ES---#---0---#---Possible error ortogr\u00e0fic.---#---disfrutar-lo#disfrutareu#disfrut\u00e0reu#disfrutar lo---#---disfrutarlo---#---Una buena manera de disfrutarlo es en una tostadita o en un buen bocadillo (para la merienda o el almuerzo tambi\u00e9n)---#---20\">disfrutarlo<\/span><span>\u00a0<\/span><span class=\"hiddenGrammarError\" onkeypress=\"ES---#---7---#---S\u2019accentua quan \u00e9s del v.\u00a0\u2018ser\u2019.---#---\u00e9s---#---es---#---Una buena manera de disfrutarlo es en una tostadita o en un buen bocadillo (para la merienda o el almuerzo tambi\u00e9n)---#---32\">es<\/span><span>\u00a0en una\u00a0<\/span><span class=\"hiddenSpellError\" onkeypress=\"MORFOLOGIK_RULE_CA_ES---#---0---#---Possible error ortogr\u00e0fic.---#---tost adita---#---tostadita---#---Una buena manera de disfrutarlo es en una tostadita o en un buen bocadillo (para la merienda o el almuerzo tambi\u00e9n)---#---43\">tostadita<\/span><span>\u00a0o en un\u00a0<\/span><span class=\"hiddenSpellError\" onkeypress=\"MORFOLOGIK_RULE_CA_ES---#---0---#---Possible error ortogr\u00e0fic.---#---quan#van#ben#Joan#bon#volen#veuen#viuen#duen#ven#born#voten#beuen#ban#bufen#bua#suen#boa#boten#Ba\u00e9n#Bonn#Bor\u00e9n#Bowen#Bozen#Bueu#Ruan#blan#boal#bocen#boes#boet#boien#boren#boxen#bo\u00efn#bran#bren#buben#bues#duan#iuan#nuen#ouen#poen#vien#voran---#---buen---#---Una buena manera de disfrutarlo es en una tostadita o en un buen bocadillo (para la merienda o el almuerzo tambi\u00e9n)---#---43\">buen<\/span><span>\u00a0<\/span><span class=\"hiddenGrammarError\" onkeypress=\"CA_SIMPLE_REPLACE_BOCADILLO---#---0---#---\u00bfVol\u00edeu dir \u00abentrep\u00e0\u00bb?---#---entrep\u00e0---#---bocadillo---#---Una buena manera de disfrutarlo es en una tostadita o en un buen bocadillo (para la merienda o el almuerzo tambi\u00e9n)---#---43\">bocadillo<\/span><span>\u00a0(para la\u00a0<\/span><span class=\"hiddenSpellError\" onkeypress=\"MORFOLOGIK_RULE_CA_ES---#---0---#---Possible error ortogr\u00e0fic.---#---marianda#mariana#Mariana#Marianna#Marmande#marenda#mariandes#mariando---#---merienda---#---Una buena manera de disfrutarlo es en una tostadita o en un buen bocadillo (para la merienda o el almuerzo tambi\u00e9n)---#---43\">merienda<\/span><span>\u00a0o\u00a0<\/span><span class=\"hiddenGrammarError\" onkeypress=\"APOSTROFACIO_MOT_DESCONEGUT---#---1---#---Probablement cal apostrofar.---#---l'almuerzo---#---el almuerzo---#---Una buena manera de disfrutarlo es en una tostadita o en un buen bocadillo (para la merienda o el almuerzo tambi\u00e9n)---#---43\">el almuerzo<\/span><span>\u00a0<\/span><span class=\"hiddenGrammarError\" onkeypress=\"CA_SIMPLE_REPLACE_TAMBI\u00c9N---#---0---#---\u00bfVol\u00edeu dir \u00abtamb\u00e9\u00bb?---#---tamb\u00e9---#---tambi\u00e9n---#---Una buena manera de disfrutarlo es en una tostadita o en un buen bocadillo (para la merienda o el almuerzo tambi\u00e9n)---#---43\">tambi\u00e9n<\/span><span class=\"hiddenGrammarError\" onkeypress=\"PUNT_FINAL---#---3---#---Si no \u00e9s un t\u00edtol, falta un punt al final de la &lt;br\/&gt;frase.---#---).---#---)---#---Una buena manera de disfrutarlo es en una tostadita o en un buen bocadillo (para la merienda o el almuerzo tambi\u00e9n)---#---43\" style=\"padding-bottom: 2px; background-image: url('..\/..\/..\/..\/..\/images\/squiggle.png'); background-repeat: repeat-x; background-position: left bottom; cursor: default; color: #000000; font-family: 'Open Sans', Helvetica, Arial, sans-serif; font-size: 16px; font-style: normal; font-variant-ligatures: normal; font-variant-caps: normal; font-weight: 300; letter-spacing: normal; orphans: 2; text-align: start; text-indent: 0px; text-transform: none; white-space: normal; widows: 2; word-spacing: 0px; -webkit-text-stroke-width: 0px; text-decoration-thickness: initial; text-decoration-style: initial; text-decoration-color: initial;\">).<\/span><\/p>\n","protected":false},"excerpt":{"rendered":"<p>Bolsa al vac\u00edo con aproximadamente 120 g de pat\u00e9 Obach.<\/p>\n","protected":false},"featured_media":43131,"comment_status":"open","ping_status":"closed","template":"","meta":{"_acf_changed":false},"product_brand":[],"product_cat":[5860,5920],"product_tag":[8300,7546,8292,8293,8294,8295,8297,8299],"class_list":{"0":"post-30151","1":"product","2":"type-product","3":"status-publish","4":"has-post-thumbnail","6":"product_cat-embutidos","7":"product_cat-cocidos","8":"product_tag-producte-escofet-oliver-es","9":"product_tag-porc-es","10":"product_tag-pate-obach-es","11":"product_tag-pate-es","12":"product_tag-pate-de-fetge-de-porc-es","13":"product_tag-obach-es","14":"product_tag-cuina-es","15":"product_tag-pate-obach-a-escofet-oliver-es","16":"pa_preciokg-1850-es","17":"pa_promotional-no-es-2","19":"first","20":"instock","21":"taxable","22":"shipping-taxable","23":"purchasable","24":"product-type-simple"},"acf":[],"_links":{"self":[{"href":"https:\/\/escofetoliver.com\/es\/wp-json\/wp\/v2\/product\/30151","targetHints":{"allow":["GET"]}}],"collection":[{"href":"https:\/\/escofetoliver.com\/es\/wp-json\/wp\/v2\/product"}],"about":[{"href":"https:\/\/escofetoliver.com\/es\/wp-json\/wp\/v2\/types\/product"}],"replies":[{"embeddable":true,"href":"https:\/\/escofetoliver.com\/es\/wp-json\/wp\/v2\/comments?post=30151"}],"wp:featuredmedia":[{"embeddable":true,"href":"https:\/\/escofetoliver.com\/es\/wp-json\/wp\/v2\/media\/43131"}],"wp:attachment":[{"href":"https:\/\/escofetoliver.com\/es\/wp-json\/wp\/v2\/media?parent=30151"}],"wp:term":[{"taxonomy":"product_brand","embeddable":true,"href":"https:\/\/escofetoliver.com\/es\/wp-json\/wp\/v2\/product_brand?post=30151"},{"taxonomy":"product_cat","embeddable":true,"href":"https:\/\/escofetoliver.com\/es\/wp-json\/wp\/v2\/product_cat?post=30151"},{"taxonomy":"product_tag","embeddable":true,"href":"https:\/\/escofetoliver.com\/es\/wp-json\/wp\/v2\/product_tag?post=30151"}],"curies":[{"name":"wp","href":"https:\/\/api.w.org\/{rel}","templated":true}]}}