{"id":30139,"date":"2021-04-06T09:57:05","date_gmt":"2021-04-06T07:57:05","guid":{"rendered":"http:\/\/carnescofetacasa.com\/Producte\/pisto-casa-ameller\/"},"modified":"2026-01-13T11:32:28","modified_gmt":"2026-01-13T10:32:28","slug":"pisto-casa-ameller","status":"publish","type":"product","link":"https:\/\/escofetoliver.com\/es\/tienda\/despensa\/pasta\/pisto-casa-ameller\/","title":{"rendered":"Pist\u00f3n Casa Amella &#8211; 250 g"},"content":{"rendered":"<p>El pist\u00f3n de Casa Amella se diferencia de otros productos similares porque tiene un textura caracter\u00edstica, parecida a la pasta fresca. Este resultado se consigue gracias a un proceso de elaboraci\u00f3n con agua y un lento secado a baja temperatura.<\/p>\n<p><span><strong>Al\u00e9rgenos<\/strong>: Contiene GLUTEN y puede contener trazas de soja y mostaza.<\/span><\/p>\n<p><strong>Ingredientes:<\/strong><\/p>\n<p>100% S\u00e9mola de trigo duro.<\/p>\n<p><strong>Caducidad:\u00a0<\/strong>Viene en el envase.<\/p>\n","protected":false},"excerpt":{"rendered":"<p>Paquete de 250 g de pist\u00f3n.<\/p>\n","protected":false},"featured_media":54470,"comment_status":"open","ping_status":"closed","template":"","meta":{"_acf_changed":false},"product_brand":[],"product_cat":[5866,5884],"product_tag":[],"class_list":{"0":"post-30139","1":"product","2":"type-product","3":"status-publish","4":"has-post-thumbnail","6":"product_cat-despensa","7":"product_cat-pasta","8":"product_shipping_class-entrega-en-domicilio","9":"pa_promotional-no-es-2","11":"first","12":"instock","13":"taxable","14":"shipping-taxable","15":"purchasable","16":"product-type-simple"},"acf":[],"_links":{"self":[{"href":"https:\/\/escofetoliver.com\/es\/wp-json\/wp\/v2\/product\/30139","targetHints":{"allow":["GET"]}}],"collection":[{"href":"https:\/\/escofetoliver.com\/es\/wp-json\/wp\/v2\/product"}],"about":[{"href":"https:\/\/escofetoliver.com\/es\/wp-json\/wp\/v2\/types\/product"}],"replies":[{"embeddable":true,"href":"https:\/\/escofetoliver.com\/es\/wp-json\/wp\/v2\/comments?post=30139"}],"wp:featuredmedia":[{"embeddable":true,"href":"https:\/\/escofetoliver.com\/es\/wp-json\/wp\/v2\/media\/54470"}],"wp:attachment":[{"href":"https:\/\/escofetoliver.com\/es\/wp-json\/wp\/v2\/media?parent=30139"}],"wp:term":[{"taxonomy":"product_brand","embeddable":true,"href":"https:\/\/escofetoliver.com\/es\/wp-json\/wp\/v2\/product_brand?post=30139"},{"taxonomy":"product_cat","embeddable":true,"href":"https:\/\/escofetoliver.com\/es\/wp-json\/wp\/v2\/product_cat?post=30139"},{"taxonomy":"product_tag","embeddable":true,"href":"https:\/\/escofetoliver.com\/es\/wp-json\/wp\/v2\/product_tag?post=30139"}],"curies":[{"name":"wp","href":"https:\/\/api.w.org\/{rel}","templated":true}]}}