{"id":30135,"date":"2021-04-06T09:47:33","date_gmt":"2021-04-06T07:47:33","guid":{"rendered":"http:\/\/carnescofetacasa.com\/Producte\/galets-petits-casa-amella\/"},"modified":"2023-05-23T10:16:33","modified_gmt":"2023-05-23T08:16:33","slug":"galets-petits-casa-amella","status":"publish","type":"product","link":"https:\/\/escofetoliver.com\/es\/tienda\/despensa\/pasta\/galets-petits-casa-amella\/","title":{"rendered":"Galets peque\u00f1os Casa Amella &#8211; 250 g"},"content":{"rendered":"<p>Casa Amella hace sus galets con un trigo de calidad y rico en prote\u00ednas. Despu\u00e9s de la cocci\u00f3n adquieren un sabor muy gustoso y una textura que recuerda a la pasta fresca. Muy recomendable para sopas y platos de pasta.<\/p>\n<p><strong>Al\u00e9rgenos<\/strong>: GLUTEN.<\/p>\n<p><strong>Ingredientes<\/strong>: <span>S\u00e9mola de trigo duro.<\/span><\/p>\n<p><strong>Caducidad<\/strong>: Viene especificado en el dorso del envase. Conservar en lugar freco.<\/p>\n","protected":false},"excerpt":{"rendered":"<p>Paquete de 250 g de galets.<\/p>\n","protected":false},"featured_media":54472,"comment_status":"open","ping_status":"closed","template":"","meta":{"_acf_changed":false},"product_brand":[],"product_cat":[5866,5884],"product_tag":[],"class_list":{"0":"post-30135","1":"product","2":"type-product","3":"status-publish","4":"has-post-thumbnail","6":"product_cat-despensa","7":"product_cat-pasta","8":"product_shipping_class-entrega-en-domicilio","9":"pa_promotional-no-es-2","11":"first","12":"instock","13":"taxable","14":"shipping-taxable","15":"purchasable","16":"product-type-simple"},"acf":[],"_links":{"self":[{"href":"https:\/\/escofetoliver.com\/es\/wp-json\/wp\/v2\/product\/30135","targetHints":{"allow":["GET"]}}],"collection":[{"href":"https:\/\/escofetoliver.com\/es\/wp-json\/wp\/v2\/product"}],"about":[{"href":"https:\/\/escofetoliver.com\/es\/wp-json\/wp\/v2\/types\/product"}],"replies":[{"embeddable":true,"href":"https:\/\/escofetoliver.com\/es\/wp-json\/wp\/v2\/comments?post=30135"}],"wp:featuredmedia":[{"embeddable":true,"href":"https:\/\/escofetoliver.com\/es\/wp-json\/wp\/v2\/media\/54472"}],"wp:attachment":[{"href":"https:\/\/escofetoliver.com\/es\/wp-json\/wp\/v2\/media?parent=30135"}],"wp:term":[{"taxonomy":"product_brand","embeddable":true,"href":"https:\/\/escofetoliver.com\/es\/wp-json\/wp\/v2\/product_brand?post=30135"},{"taxonomy":"product_cat","embeddable":true,"href":"https:\/\/escofetoliver.com\/es\/wp-json\/wp\/v2\/product_cat?post=30135"},{"taxonomy":"product_tag","embeddable":true,"href":"https:\/\/escofetoliver.com\/es\/wp-json\/wp\/v2\/product_tag?post=30135"}],"curies":[{"name":"wp","href":"https:\/\/api.w.org\/{rel}","templated":true}]}}