{"id":30131,"date":"2021-04-06T09:33:24","date_gmt":"2021-04-06T07:33:24","guid":{"rendered":"http:\/\/carnescofetacasa.com\/Producte\/fideus-0-casa-amella\/"},"modified":"2023-05-23T10:16:33","modified_gmt":"2023-05-23T08:16:33","slug":"fideus-0-casa-amella","status":"publish","type":"product","link":"https:\/\/escofetoliver.com\/es\/tienda\/despensa\/pasta\/fideus-0-casa-amella\/","title":{"rendered":"Fideos n\u00ba 0 Casa Amella &#8211; 250 g"},"content":{"rendered":"<p>Estos fideos n.\u00ba 0 est\u00e1n elaborados por la Casa Amella, que prepara sus productos de forma artesanal. El secreto de su calidad est\u00e1 en sus ingredientes, donde destaca la s\u00e9mola de trigo duro.<\/p>\n<p><strong>Al\u00e9rgenos<\/strong>: GLUTEN.<\/p>\n<p><strong>Ingredientes<\/strong>:<\/p>\n<p>Harina Integral de trigo duro de Agricultura Ecol\u00f3gica.<\/p>\n<p><strong>Caducidad:\u00a0<\/strong>Viene en el envase.<\/p>\n<p>&nbsp;<\/p>\n","protected":false},"excerpt":{"rendered":"<p>Paquete de 250 g de fideos.<\/p>\n","protected":false},"featured_media":54498,"comment_status":"open","ping_status":"closed","template":"","meta":{"_acf_changed":false},"product_brand":[],"product_cat":[5866,5884],"product_tag":[],"class_list":{"0":"post-30131","1":"product","2":"type-product","3":"status-publish","4":"has-post-thumbnail","6":"product_cat-despensa","7":"product_cat-pasta","8":"product_shipping_class-entrega-en-domicilio","9":"pa_promotional-no-es-2","11":"first","12":"instock","13":"taxable","14":"shipping-taxable","15":"purchasable","16":"product-type-simple"},"acf":[],"_links":{"self":[{"href":"https:\/\/escofetoliver.com\/es\/wp-json\/wp\/v2\/product\/30131","targetHints":{"allow":["GET"]}}],"collection":[{"href":"https:\/\/escofetoliver.com\/es\/wp-json\/wp\/v2\/product"}],"about":[{"href":"https:\/\/escofetoliver.com\/es\/wp-json\/wp\/v2\/types\/product"}],"replies":[{"embeddable":true,"href":"https:\/\/escofetoliver.com\/es\/wp-json\/wp\/v2\/comments?post=30131"}],"wp:featuredmedia":[{"embeddable":true,"href":"https:\/\/escofetoliver.com\/es\/wp-json\/wp\/v2\/media\/54498"}],"wp:attachment":[{"href":"https:\/\/escofetoliver.com\/es\/wp-json\/wp\/v2\/media?parent=30131"}],"wp:term":[{"taxonomy":"product_brand","embeddable":true,"href":"https:\/\/escofetoliver.com\/es\/wp-json\/wp\/v2\/product_brand?post=30131"},{"taxonomy":"product_cat","embeddable":true,"href":"https:\/\/escofetoliver.com\/es\/wp-json\/wp\/v2\/product_cat?post=30131"},{"taxonomy":"product_tag","embeddable":true,"href":"https:\/\/escofetoliver.com\/es\/wp-json\/wp\/v2\/product_tag?post=30131"}],"curies":[{"name":"wp","href":"https:\/\/api.w.org\/{rel}","templated":true}]}}