{"id":30119,"date":"2021-04-01T09:21:36","date_gmt":"2021-04-01T09:21:36","guid":{"rendered":"http:\/\/carnescofetacasa.com\/Producte\/ketchup-tomaquet\/"},"modified":"2023-05-23T10:16:32","modified_gmt":"2023-05-23T08:16:32","slug":"ketchup-tomaquet","status":"publish","type":"product","link":"https:\/\/escofetoliver.com\/es\/tienda\/despensa\/salsas-condimentos-y-especias\/ketchup-tomaquet\/","title":{"rendered":"Ketchup de tomate Tiptree &#8211; 310 g"},"content":{"rendered":"<p>Tiptree ha elaborado este ketchup con tomates pera del mediterr\u00e1neo. Esto le da un sabor especial, en el cual se percibe el toque de zumo de lim\u00f3n y las especias.<\/p>\n<p><strong>Ingredientes<\/strong>: <span>K\u00e9tchup a base de tomates (180 g por 100 g de k\u00e9tchup), az\u00facar, vinagre de vino, zumo de lim\u00f3n, sal y especias. Producto libre de al\u00e9rgenos conocidos.<\/span><\/p>\n","protected":false},"excerpt":{"rendered":"<p>Envase de vidrio de ketchup de 310 g<\/p>\n","protected":false},"featured_media":30116,"comment_status":"open","ping_status":"closed","template":"","meta":{"_acf_changed":false},"product_brand":[],"product_cat":[5866,5914],"product_tag":[],"class_list":{"0":"post-30119","1":"product","2":"type-product","3":"status-publish","4":"has-post-thumbnail","6":"product_cat-despensa","7":"product_cat-salsas-condimentos-y-especias","8":"pa_promotional-no-es-2","10":"first","11":"instock","12":"taxable","13":"shipping-taxable","14":"purchasable","15":"product-type-simple"},"acf":[],"_links":{"self":[{"href":"https:\/\/escofetoliver.com\/es\/wp-json\/wp\/v2\/product\/30119","targetHints":{"allow":["GET"]}}],"collection":[{"href":"https:\/\/escofetoliver.com\/es\/wp-json\/wp\/v2\/product"}],"about":[{"href":"https:\/\/escofetoliver.com\/es\/wp-json\/wp\/v2\/types\/product"}],"replies":[{"embeddable":true,"href":"https:\/\/escofetoliver.com\/es\/wp-json\/wp\/v2\/comments?post=30119"}],"wp:featuredmedia":[{"embeddable":true,"href":"https:\/\/escofetoliver.com\/es\/wp-json\/wp\/v2\/media\/30116"}],"wp:attachment":[{"href":"https:\/\/escofetoliver.com\/es\/wp-json\/wp\/v2\/media?parent=30119"}],"wp:term":[{"taxonomy":"product_brand","embeddable":true,"href":"https:\/\/escofetoliver.com\/es\/wp-json\/wp\/v2\/product_brand?post=30119"},{"taxonomy":"product_cat","embeddable":true,"href":"https:\/\/escofetoliver.com\/es\/wp-json\/wp\/v2\/product_cat?post=30119"},{"taxonomy":"product_tag","embeddable":true,"href":"https:\/\/escofetoliver.com\/es\/wp-json\/wp\/v2\/product_tag?post=30119"}],"curies":[{"name":"wp","href":"https:\/\/api.w.org\/{rel}","templated":true}]}}