{"id":30115,"date":"2021-04-01T09:11:26","date_gmt":"2021-04-01T09:11:26","guid":{"rendered":"http:\/\/carnescofetacasa.com\/Producte\/salsa-picant-mango\/"},"modified":"2023-06-05T16:29:50","modified_gmt":"2023-06-05T14:29:50","slug":"salsa-picant-mango","status":"publish","type":"product","link":"https:\/\/escofetoliver.com\/es\/tienda\/despensa\/salsas-condimentos-y-especias\/salsa-picant-mango\/","title":{"rendered":"Salsa picante de mango Tiptree &#8211; 310 g"},"content":{"rendered":"<p>En esta salsa hallamos un elemento refrescante propio del mango y un ligero toque picante. Esta elaborada por la casa Tiptree siguiendo m\u00e9todos tradicionales.<\/p>\n<p><strong>Ingredientes<\/strong>: M<span>ango (45%), az\u00facar, vinagre de ca\u00f1a de az\u00facar, sal, jengibre, chiles, ajo y cebolla en polvo.<\/span><\/p>\n<p><strong>Al\u00e9rgenos<\/strong>: Apto para al\u00e9rgicos al huevo, frutos secos, al gluten y a la lactosa.<\/p>\n","protected":false},"excerpt":{"rendered":"<p>Envase de vidrio de salsa de 310 g<\/p>\n","protected":false},"featured_media":30112,"comment_status":"open","ping_status":"closed","template":"","meta":{"_acf_changed":false},"product_brand":[],"product_cat":[5914,5866],"product_tag":[],"class_list":{"0":"post-30115","1":"product","2":"type-product","3":"status-publish","4":"has-post-thumbnail","6":"product_cat-salsas-condimentos-y-especias","7":"product_cat-despensa","8":"pa_promotional-no-es-2","10":"first","11":"instock","12":"taxable","13":"shipping-taxable","14":"purchasable","15":"product-type-simple"},"acf":[],"_links":{"self":[{"href":"https:\/\/escofetoliver.com\/es\/wp-json\/wp\/v2\/product\/30115","targetHints":{"allow":["GET"]}}],"collection":[{"href":"https:\/\/escofetoliver.com\/es\/wp-json\/wp\/v2\/product"}],"about":[{"href":"https:\/\/escofetoliver.com\/es\/wp-json\/wp\/v2\/types\/product"}],"replies":[{"embeddable":true,"href":"https:\/\/escofetoliver.com\/es\/wp-json\/wp\/v2\/comments?post=30115"}],"wp:featuredmedia":[{"embeddable":true,"href":"https:\/\/escofetoliver.com\/es\/wp-json\/wp\/v2\/media\/30112"}],"wp:attachment":[{"href":"https:\/\/escofetoliver.com\/es\/wp-json\/wp\/v2\/media?parent=30115"}],"wp:term":[{"taxonomy":"product_brand","embeddable":true,"href":"https:\/\/escofetoliver.com\/es\/wp-json\/wp\/v2\/product_brand?post=30115"},{"taxonomy":"product_cat","embeddable":true,"href":"https:\/\/escofetoliver.com\/es\/wp-json\/wp\/v2\/product_cat?post=30115"},{"taxonomy":"product_tag","embeddable":true,"href":"https:\/\/escofetoliver.com\/es\/wp-json\/wp\/v2\/product_tag?post=30115"}],"curies":[{"name":"wp","href":"https:\/\/api.w.org\/{rel}","templated":true}]}}