{"id":30103,"date":"2021-04-01T08:34:23","date_gmt":"2021-04-01T08:34:23","guid":{"rendered":"http:\/\/carnescofetacasa.com\/Producte\/ragu-carn\/"},"modified":"2023-05-23T10:16:27","modified_gmt":"2023-05-23T08:16:27","slug":"ragu-carn","status":"publish","type":"product","link":"https:\/\/escofetoliver.com\/es\/tienda\/despensa\/salsas-condimentos-y-especias\/ragu-carn\/","title":{"rendered":"Ragu de carn Le Conserve della Nonna &#8211; 190 g"},"content":{"rendered":"<p>Le Conserve Della Nonna ha elaborado esta salsa con carne de cerdo, en un proceso artesanal y con todo el cuidado propio de la cocina italiana. Ideal para pastas, lasa\u00f1as o pizzas.<\/p>\n<p><strong>Al\u00e9rgenos:<\/strong> Contiene Apio.<\/p>\n<p><strong>Ingredientes:<\/strong><\/p>\n<p><span>Tomate, cerdo 15%, verduras mixtas en proporciones variables (zanahoria, cebolla, apio) 14%, jam\u00f3n crudo (cerdo, sal) 7%, aceite de girasol, sal, especias, guindilla, acidulante: \u00e1cido c\u00edtrico.<\/span><\/p>\n<p><strong>Caducidad:<\/strong> Viene en el envase.<\/p>\n<p>&nbsp;<\/p>\n","protected":false},"excerpt":{"rendered":"<p>Envase de vidrio de ragu de carne de 190 g<\/p>\n","protected":false},"featured_media":30100,"comment_status":"open","ping_status":"closed","template":"","meta":{"_acf_changed":false},"product_brand":[],"product_cat":[5866,5914],"product_tag":[],"class_list":{"0":"post-30103","1":"product","2":"type-product","3":"status-publish","4":"has-post-thumbnail","6":"product_cat-despensa","7":"product_cat-salsas-condimentos-y-especias","8":"product_shipping_class-entrega-en-domicilio","9":"pa_promotional-no-es-2","11":"first","12":"instock","13":"taxable","14":"shipping-taxable","15":"purchasable","16":"product-type-simple"},"acf":[],"_links":{"self":[{"href":"https:\/\/escofetoliver.com\/es\/wp-json\/wp\/v2\/product\/30103","targetHints":{"allow":["GET"]}}],"collection":[{"href":"https:\/\/escofetoliver.com\/es\/wp-json\/wp\/v2\/product"}],"about":[{"href":"https:\/\/escofetoliver.com\/es\/wp-json\/wp\/v2\/types\/product"}],"replies":[{"embeddable":true,"href":"https:\/\/escofetoliver.com\/es\/wp-json\/wp\/v2\/comments?post=30103"}],"wp:featuredmedia":[{"embeddable":true,"href":"https:\/\/escofetoliver.com\/es\/wp-json\/wp\/v2\/media\/30100"}],"wp:attachment":[{"href":"https:\/\/escofetoliver.com\/es\/wp-json\/wp\/v2\/media?parent=30103"}],"wp:term":[{"taxonomy":"product_brand","embeddable":true,"href":"https:\/\/escofetoliver.com\/es\/wp-json\/wp\/v2\/product_brand?post=30103"},{"taxonomy":"product_cat","embeddable":true,"href":"https:\/\/escofetoliver.com\/es\/wp-json\/wp\/v2\/product_cat?post=30103"},{"taxonomy":"product_tag","embeddable":true,"href":"https:\/\/escofetoliver.com\/es\/wp-json\/wp\/v2\/product_tag?post=30103"}],"curies":[{"name":"wp","href":"https:\/\/api.w.org\/{rel}","templated":true}]}}