{"id":30099,"date":"2021-04-01T08:17:07","date_gmt":"2021-04-01T08:17:07","guid":{"rendered":"http:\/\/carnescofetacasa.com\/Producte\/pesto-alla-genovese\/"},"modified":"2023-05-23T10:16:27","modified_gmt":"2023-05-23T08:16:27","slug":"pesto-alla-genovese","status":"publish","type":"product","link":"https:\/\/escofetoliver.com\/es\/tienda\/despensa\/salsas-condimentos-y-especias\/pesto-alla-genovese\/","title":{"rendered":"Pesto alla genovese Le Conserve della Nonna &#8211; 185 g"},"content":{"rendered":"<p>La calidad de este producto se debe a la cuidadosa selecci\u00f3n de ingredientes naturales como albahaca, pi\u00f1ones y ajos. Le Conserve Della Nonna es la casa italiana que elabora esta salsa pensada para platos como, por ejemplo, pastas.<\/p>\n<p>&nbsp;<\/p>\n<p><strong>Ingredientes<\/strong><br \/>\nAlbahaca (39%), aceite de semillas de girasol, agua, pi\u00f1ones 5%, ajo 4%, sal, fibra vegetal, saborizante de albahaca natural, regulador de acidez (\u00e1cido l\u00e1ctico<\/p>\n<p><strong>Valor\u00a0nutricional<\/strong><br \/>\nVALOR ENERG\u00c9TICO 1507 kJ 365 kcal, GRASAS 35\u202fg de las cuales 4,7\u202fg son saturadas, HIDRATOS DE CARBONO 6,5\u202fg de los cuales 5,3 g son az\u00facares, PROTE\u00cdNAS 5,1\u202fg y SAL 3,2\u202fg<\/p>\n<p><strong>Al\u00e9rgenos<\/strong><br \/>\nContiene trazas de apio, soja, pescado y moluscos.<\/p>\n<p><span style=\"font-size: 8pt;\">Nombre del operador: Negrini SL<\/span><br \/>\n<span style=\"font-size: 8pt;\">Direcci\u00f3n del operador: Carrer Mas Pujol, 42, 08420 Corr\u00f3 d&#8217;Avall, Barcelona<\/span><br \/>\n<span style=\"font-size: 8pt;\">C\u00f3digo: B79492161<\/span><\/p>\n","protected":false},"excerpt":{"rendered":"<p>Envase de vidrio de pesto de 185 g<\/p>\n","protected":false},"featured_media":30096,"comment_status":"open","ping_status":"closed","template":"","meta":{"_acf_changed":false},"product_brand":[],"product_cat":[5866,5914],"product_tag":[],"class_list":{"0":"post-30099","1":"product","2":"type-product","3":"status-publish","4":"has-post-thumbnail","6":"product_cat-despensa","7":"product_cat-salsas-condimentos-y-especias","8":"product_shipping_class-entrega-en-domicilio","9":"pa_promotional-no-es-2","11":"first","12":"instock","13":"taxable","14":"shipping-taxable","15":"purchasable","16":"product-type-simple"},"acf":[],"_links":{"self":[{"href":"https:\/\/escofetoliver.com\/es\/wp-json\/wp\/v2\/product\/30099","targetHints":{"allow":["GET"]}}],"collection":[{"href":"https:\/\/escofetoliver.com\/es\/wp-json\/wp\/v2\/product"}],"about":[{"href":"https:\/\/escofetoliver.com\/es\/wp-json\/wp\/v2\/types\/product"}],"replies":[{"embeddable":true,"href":"https:\/\/escofetoliver.com\/es\/wp-json\/wp\/v2\/comments?post=30099"}],"wp:featuredmedia":[{"embeddable":true,"href":"https:\/\/escofetoliver.com\/es\/wp-json\/wp\/v2\/media\/30096"}],"wp:attachment":[{"href":"https:\/\/escofetoliver.com\/es\/wp-json\/wp\/v2\/media?parent=30099"}],"wp:term":[{"taxonomy":"product_brand","embeddable":true,"href":"https:\/\/escofetoliver.com\/es\/wp-json\/wp\/v2\/product_brand?post=30099"},{"taxonomy":"product_cat","embeddable":true,"href":"https:\/\/escofetoliver.com\/es\/wp-json\/wp\/v2\/product_cat?post=30099"},{"taxonomy":"product_tag","embeddable":true,"href":"https:\/\/escofetoliver.com\/es\/wp-json\/wp\/v2\/product_tag?post=30099"}],"curies":[{"name":"wp","href":"https:\/\/api.w.org\/{rel}","templated":true}]}}