{"id":30091,"date":"2021-03-31T16:21:28","date_gmt":"2021-03-31T16:21:28","guid":{"rendered":"http:\/\/carnescofetacasa.com\/Producte\/tomaquet-fregit-can-rot-xarda\/"},"modified":"2023-05-23T10:16:27","modified_gmt":"2023-05-23T08:16:27","slug":"tomaquet-fregit-can-rot-xarda","status":"publish","type":"product","link":"https:\/\/escofetoliver.com\/es\/tienda\/despensa\/salsas-condimentos-y-especias\/tomaquet-fregit-can-rot-xarda\/","title":{"rendered":"Tomate frito Can Rot Xard\u00e1 &#8211; 350 g"},"content":{"rendered":"<p>Este tomate frito esta elaborado con productos naturales y de alta calidad. Tiene un gusto cl\u00e1sico que recuerda al t\u00edpico tomate frito casero. Se puede combinar perfectamente con pasta, arroces o ser base para pizza.<\/p>\n<p><strong>Ingredientes<\/strong><\/p>\n<p><span>Tomate y concentrado de tomate, aceite de girasol, cebolla, az\u00facar, sal y acidulante: \u00e1cido c\u00edtrico.<\/span><\/p>\n<p><span style=\"font-size: 8pt;\">Nombre del operador:\u00a0ESCO\u00a0FRESC S.L.Uno<\/span><br \/>\n<span style=\"font-size: 8pt;\">Direcci\u00f3n del operador:\u00a0CL\/LAS\u00a0PLANES,1,\u00a0NAVE-C, Sant Joan Desp\u00ed<\/span><br \/>\n<span style=\"font-size: 8pt;\">C\u00f3digo: B63206825<\/span><\/p>\n","protected":false},"excerpt":{"rendered":"<p>1 envase de vidrio de tomate frito de 350 g<\/p>\n","protected":false},"featured_media":39557,"comment_status":"open","ping_status":"closed","template":"","meta":{"_acf_changed":false},"product_brand":[],"product_cat":[5866,5914],"product_tag":[],"class_list":{"0":"post-30091","1":"product","2":"type-product","3":"status-publish","4":"has-post-thumbnail","6":"product_cat-despensa","7":"product_cat-salsas-condimentos-y-especias","8":"product_shipping_class-entrega-en-domicilio","9":"pa_promotional-no-es-2","11":"first","12":"instock","13":"taxable","14":"shipping-taxable","15":"purchasable","16":"product-type-simple"},"acf":[],"_links":{"self":[{"href":"https:\/\/escofetoliver.com\/es\/wp-json\/wp\/v2\/product\/30091","targetHints":{"allow":["GET"]}}],"collection":[{"href":"https:\/\/escofetoliver.com\/es\/wp-json\/wp\/v2\/product"}],"about":[{"href":"https:\/\/escofetoliver.com\/es\/wp-json\/wp\/v2\/types\/product"}],"replies":[{"embeddable":true,"href":"https:\/\/escofetoliver.com\/es\/wp-json\/wp\/v2\/comments?post=30091"}],"wp:featuredmedia":[{"embeddable":true,"href":"https:\/\/escofetoliver.com\/es\/wp-json\/wp\/v2\/media\/39557"}],"wp:attachment":[{"href":"https:\/\/escofetoliver.com\/es\/wp-json\/wp\/v2\/media?parent=30091"}],"wp:term":[{"taxonomy":"product_brand","embeddable":true,"href":"https:\/\/escofetoliver.com\/es\/wp-json\/wp\/v2\/product_brand?post=30091"},{"taxonomy":"product_cat","embeddable":true,"href":"https:\/\/escofetoliver.com\/es\/wp-json\/wp\/v2\/product_cat?post=30091"},{"taxonomy":"product_tag","embeddable":true,"href":"https:\/\/escofetoliver.com\/es\/wp-json\/wp\/v2\/product_tag?post=30091"}],"curies":[{"name":"wp","href":"https:\/\/api.w.org\/{rel}","templated":true}]}}