{"id":30071,"date":"2021-03-30T08:38:31","date_gmt":"2021-03-30T06:38:31","guid":{"rendered":"http:\/\/carnescofetacasa.com\/Producte\/sables-abbaye-biscuiterie\/"},"modified":"2024-08-09T10:58:34","modified_gmt":"2024-08-09T08:58:34","slug":"sables-abbaye-biscuiterie","status":"publish","type":"product","link":"https:\/\/escofetoliver.com\/es\/tienda\/despensa\/chocolates\/sables-abbaye-biscuiterie\/","title":{"rendered":"Sables de l&#8217;abbaye Biscuiterie de abbaye &#8211; 125 g"},"content":{"rendered":"<p>Les Sabl\u00e9s de L&#8217;Abbaye son unas galletas elaboradas en Normandia de manera tradicional. Hechas con harina de trigo, leche entera, mantequilla y yema de huevo.<\/p>\n<p>Al\u00e9rgenos: GLUTEN, LECHE y derivados, HUEVO y puede contener trazas de frutos de c\u00e1scara, soja y s\u00e9samo.<\/p>\n<p>&nbsp;<\/p>\n","protected":false},"excerpt":{"rendered":"<p>Caja de galletas de trigo y mantequilla. Son unos 125 g aproximadamente.<\/p>\n","protected":false},"featured_media":30068,"comment_status":"open","ping_status":"closed","template":"","meta":{"_acf_changed":false},"product_brand":[],"product_cat":[5866,5928],"product_tag":[],"class_list":{"0":"post-30071","1":"product","2":"type-product","3":"status-publish","4":"has-post-thumbnail","6":"product_cat-despensa","7":"product_cat-chocolates","8":"pa_promotional-no-es-2","10":"first","11":"instock","12":"taxable","13":"shipping-taxable","14":"purchasable","15":"product-type-simple"},"acf":[],"_links":{"self":[{"href":"https:\/\/escofetoliver.com\/es\/wp-json\/wp\/v2\/product\/30071","targetHints":{"allow":["GET"]}}],"collection":[{"href":"https:\/\/escofetoliver.com\/es\/wp-json\/wp\/v2\/product"}],"about":[{"href":"https:\/\/escofetoliver.com\/es\/wp-json\/wp\/v2\/types\/product"}],"replies":[{"embeddable":true,"href":"https:\/\/escofetoliver.com\/es\/wp-json\/wp\/v2\/comments?post=30071"}],"wp:featuredmedia":[{"embeddable":true,"href":"https:\/\/escofetoliver.com\/es\/wp-json\/wp\/v2\/media\/30068"}],"wp:attachment":[{"href":"https:\/\/escofetoliver.com\/es\/wp-json\/wp\/v2\/media?parent=30071"}],"wp:term":[{"taxonomy":"product_brand","embeddable":true,"href":"https:\/\/escofetoliver.com\/es\/wp-json\/wp\/v2\/product_brand?post=30071"},{"taxonomy":"product_cat","embeddable":true,"href":"https:\/\/escofetoliver.com\/es\/wp-json\/wp\/v2\/product_cat?post=30071"},{"taxonomy":"product_tag","embeddable":true,"href":"https:\/\/escofetoliver.com\/es\/wp-json\/wp\/v2\/product_tag?post=30071"}],"curies":[{"name":"wp","href":"https:\/\/api.w.org\/{rel}","templated":true}]}}