{"id":30035,"date":"2021-03-25T09:52:01","date_gmt":"2021-03-25T09:52:01","guid":{"rendered":"http:\/\/carnescofetacasa.com\/Producte\/melmelada-pressec-albercoc\/"},"modified":"2023-05-23T10:16:23","modified_gmt":"2023-05-23T08:16:23","slug":"melmelada-pressec-albercoc","status":"publish","type":"product","link":"https:\/\/escofetoliver.com\/es\/tienda\/despensa\/mermelada-miel\/melmelada-pressec-albercoc\/","title":{"rendered":"Mermelada de melocot\u00f3n y albaricoque Can Bech &#8211; 70 g"},"content":{"rendered":"<p>Es una mermelada elaborada con bayas de Goji, carcadomo de Guatemala y albaricoque. Muy arom\u00e1tica y con una dulzura equilibrada. Es ideal por maridar con quesos, especialmente de pasta blanda.<\/p>\n<p><strong>Al\u00e9rgenos:\u00a0<\/strong>Sin GLUTEN ni LACTOSA.<\/p>\n<p><strong>Ingredientes:<\/strong><\/p>\n<p>Melocot\u00f3n 52%, albaricoque 22%, az\u00facar, bayas de Goji 3,7% (contiene SULFITOS), zumo de lim\u00f3n, gelificante: pectinas y cardamomo de Guatemala 0,1%. Puede contener trazas de FRUTOS DE C\u00c1SCARA.<\/p>\n<p><strong>Caducidad:\u00a0<\/strong>Viene en el envase.<\/p>\n","protected":false},"excerpt":{"rendered":"<p>Tarro de mermelada de 70 g<\/p>\n","protected":false},"featured_media":52062,"comment_status":"open","ping_status":"closed","template":"","meta":{"_acf_changed":false},"product_brand":[],"product_cat":[5866,5918],"product_tag":[7536,8107,8141,8263,8267,8268],"class_list":{"0":"post-30035","1":"product","2":"type-product","3":"status-publish","4":"has-post-thumbnail","6":"product_cat-despensa","7":"product_cat-mermelada-miel","8":"product_tag-carns-escofet-es","9":"product_tag-quesos-es","10":"product_tag-artesanal-es","11":"product_tag-pressec-albaricoque-es","12":"product_tag-sabor-es","13":"product_tag-prodcuto-casero-es","14":"product_shipping_class-entrega-en-domicilio","15":"pa_promotional-no-es-2","17":"first","18":"instock","19":"taxable","20":"shipping-taxable","21":"purchasable","22":"product-type-simple"},"acf":[],"_links":{"self":[{"href":"https:\/\/escofetoliver.com\/es\/wp-json\/wp\/v2\/product\/30035","targetHints":{"allow":["GET"]}}],"collection":[{"href":"https:\/\/escofetoliver.com\/es\/wp-json\/wp\/v2\/product"}],"about":[{"href":"https:\/\/escofetoliver.com\/es\/wp-json\/wp\/v2\/types\/product"}],"replies":[{"embeddable":true,"href":"https:\/\/escofetoliver.com\/es\/wp-json\/wp\/v2\/comments?post=30035"}],"wp:featuredmedia":[{"embeddable":true,"href":"https:\/\/escofetoliver.com\/es\/wp-json\/wp\/v2\/media\/52062"}],"wp:attachment":[{"href":"https:\/\/escofetoliver.com\/es\/wp-json\/wp\/v2\/media?parent=30035"}],"wp:term":[{"taxonomy":"product_brand","embeddable":true,"href":"https:\/\/escofetoliver.com\/es\/wp-json\/wp\/v2\/product_brand?post=30035"},{"taxonomy":"product_cat","embeddable":true,"href":"https:\/\/escofetoliver.com\/es\/wp-json\/wp\/v2\/product_cat?post=30035"},{"taxonomy":"product_tag","embeddable":true,"href":"https:\/\/escofetoliver.com\/es\/wp-json\/wp\/v2\/product_tag?post=30035"}],"curies":[{"name":"wp","href":"https:\/\/api.w.org\/{rel}","templated":true}]}}