{"id":30003,"date":"2021-03-22T08:17:45","date_gmt":"2021-03-22T08:17:45","guid":{"rendered":"http:\/\/carnescofetacasa.com\/Producte\/vi-pinord-natura-ecologic\/"},"modified":"2023-05-23T10:16:20","modified_gmt":"2023-05-23T08:16:20","slug":"vi-pinord-natura-ecologic","status":"publish","type":"product","link":"https:\/\/escofetoliver.com\/es\/tienda\/despensa\/vinos-cavas\/vi-pinord-natura-ecologic\/","title":{"rendered":"Pinord Natura Ecol\u00f2gico &#8211;  75 CL"},"content":{"rendered":"<p>El\u00a0<strong>Pinord Natura Ecol\u00f2gic <\/strong>es un vino de la variedad Xarel\u00b7lo y de elaboraci\u00f3n ecol\u00f3gica. Su esencia en frutal, combinando una perfecta selecci\u00f3n de matices de fruta fresca con frutos secos. Fresco y ligero, con suficiente presencia para mantenerse en la boca, es perfecto para maridad con mariscos y arroces principalmente, aunque hace buena compa\u00f1\u00eda a las pastas y pizzas.<\/p>\n<p>Es un vino blanco con <strong>Denominaci\u00f3n de origen del Pened\u00e8s<\/strong>.<\/p>\n<p><strong>Variedad<\/strong>: Xarel\u00b7lo<\/p>\n<p><strong>Alcohol<\/strong>: 11,00% vol. <strong>Al\u00e9rgenos<\/strong>: SULFITOS.<\/p>\n","protected":false},"excerpt":{"rendered":"<p>Botella de 75 cl de vino Pinord Natura Ecol\u00f2gico.<\/p>\n<p><span style=\"font-size: 8pt;\"><strong>*Prohibida la venta de productos alcoh\u00f3licos para menores de 18 a\u00f1os.<\/strong><\/span><\/p>\n","protected":false},"featured_media":45605,"comment_status":"open","ping_status":"closed","template":"","meta":{"_acf_changed":false},"product_brand":[],"product_cat":[5866,5934],"product_tag":[8240,7495,8241,7496,8242,7498,8243,7501,8233,8234,8236,8237,8238,8239],"class_list":{"0":"post-30003","1":"product","2":"type-product","3":"status-publish","4":"has-post-thumbnail","6":"product_cat-despensa","7":"product_cat-vinos-cavas","8":"product_tag-vino-seleccion-es","9":"product_tag-escofet-oliver-es","10":"product_tag-vins-escofet-oliver-es","11":"product_tag-carns-escofet-oliver-es","12":"product_tag-vino-blanco-es","13":"product_tag-vi-es","14":"product_tag-vi-blanc-es","15":"product_tag-raim-es","16":"product_tag-vino-es","17":"product_tag-uva-es","18":"product_tag-verema-es","19":"product_tag-vendimia-es","20":"product_tag-vinoselection-es","21":"product_tag-vinoteca-es","22":"pa_promotional-no-es-2","24":"first","25":"instock","26":"taxable","27":"shipping-taxable","28":"purchasable","29":"product-type-simple"},"acf":[],"_links":{"self":[{"href":"https:\/\/escofetoliver.com\/es\/wp-json\/wp\/v2\/product\/30003","targetHints":{"allow":["GET"]}}],"collection":[{"href":"https:\/\/escofetoliver.com\/es\/wp-json\/wp\/v2\/product"}],"about":[{"href":"https:\/\/escofetoliver.com\/es\/wp-json\/wp\/v2\/types\/product"}],"replies":[{"embeddable":true,"href":"https:\/\/escofetoliver.com\/es\/wp-json\/wp\/v2\/comments?post=30003"}],"wp:featuredmedia":[{"embeddable":true,"href":"https:\/\/escofetoliver.com\/es\/wp-json\/wp\/v2\/media\/45605"}],"wp:attachment":[{"href":"https:\/\/escofetoliver.com\/es\/wp-json\/wp\/v2\/media?parent=30003"}],"wp:term":[{"taxonomy":"product_brand","embeddable":true,"href":"https:\/\/escofetoliver.com\/es\/wp-json\/wp\/v2\/product_brand?post=30003"},{"taxonomy":"product_cat","embeddable":true,"href":"https:\/\/escofetoliver.com\/es\/wp-json\/wp\/v2\/product_cat?post=30003"},{"taxonomy":"product_tag","embeddable":true,"href":"https:\/\/escofetoliver.com\/es\/wp-json\/wp\/v2\/product_tag?post=30003"}],"curies":[{"name":"wp","href":"https:\/\/api.w.org\/{rel}","templated":true}]}}