{"id":29995,"date":"2021-03-22T08:08:13","date_gmt":"2021-03-22T08:08:13","guid":{"rendered":"http:\/\/carnescofetacasa.com\/Producte\/vi-pinord-gran-chef\/"},"modified":"2023-05-23T10:16:20","modified_gmt":"2023-05-23T08:16:20","slug":"vi-pinord-gran-chef","status":"publish","type":"product","link":"https:\/\/escofetoliver.com\/es\/tienda\/despensa\/vinos-cavas\/vi-pinord-gran-chef\/","title":{"rendered":"Pinord Gran Chef blanco &#8211;  75 CL"},"content":{"rendered":"<p>El <strong>Gran Chef<\/strong> es un vino emblem\u00e1tico de las Bodegas Pinord. A\u00f1ejo de crianza se elabora con una selecci\u00f3n de once tipos de hierbas meticulosamente mezcladas y maceradas. Es un vino especial para la cocina, ya que potencia el sabor de los alimentos y favorece la cocci\u00f3n lenta, tan necesaria para una buena digesti\u00f3n. Es un buen elemento para lograr que nuestros guisos tengan un toque diferencial.<\/p>\n<p>En su aroma puedes apreciar desde el primer momento los matices herbales que definen el vino. El sabor es exquisito y definido por las hierbas, definiendo los asados o estofados de carnes, legumbres y pescados.<\/p>\n<p>Es un vino blanco con <strong>Denominaci\u00f3n de Origen del Pened\u00e8s<\/strong>.<\/p>\n<p><strong>Variedad<\/strong>: Garnacha.<\/p>\n<p><strong>Alcohol:<\/strong> 15,05% vol. <strong>Al\u00e9rgenos<\/strong>: SULFITOS.<\/p>\n","protected":false},"excerpt":{"rendered":"<p>Botella de 75 cl de vino blanco Pinord Gran Chef.<\/p>\n<p><span style=\"font-size: 8pt;\"><strong>*Prohibida la venta de productos alcoh\u00f3licos para menores de 18 a\u00f1os.<\/strong><\/span><\/p>\n","protected":false},"featured_media":45603,"comment_status":"open","ping_status":"closed","template":"","meta":{"_acf_changed":false},"product_brand":[],"product_cat":[5866,5934],"product_tag":[8239,7496,8240,7498,8241,7499,7500,7501,8233,8234,8236,8237,8238,7495],"class_list":{"0":"post-29995","1":"product","2":"type-product","3":"status-publish","4":"has-post-thumbnail","6":"product_cat-despensa","7":"product_cat-vinos-cavas","8":"product_tag-vinoteca-es","9":"product_tag-carns-escofet-oliver-es","10":"product_tag-vino-seleccion-es","11":"product_tag-vi-es","12":"product_tag-vins-escofet-oliver-es","13":"product_tag-vino-tinto-es","14":"product_tag-vi-negre-es","15":"product_tag-raim-es","16":"product_tag-vino-es","17":"product_tag-uva-es","18":"product_tag-verema-es","19":"product_tag-vendimia-es","20":"product_tag-vinoselection-es","21":"product_tag-escofet-oliver-es","22":"pa_promotional-no-es-2","24":"first","25":"instock","26":"taxable","27":"shipping-taxable","28":"purchasable","29":"product-type-simple"},"acf":[],"_links":{"self":[{"href":"https:\/\/escofetoliver.com\/es\/wp-json\/wp\/v2\/product\/29995","targetHints":{"allow":["GET"]}}],"collection":[{"href":"https:\/\/escofetoliver.com\/es\/wp-json\/wp\/v2\/product"}],"about":[{"href":"https:\/\/escofetoliver.com\/es\/wp-json\/wp\/v2\/types\/product"}],"replies":[{"embeddable":true,"href":"https:\/\/escofetoliver.com\/es\/wp-json\/wp\/v2\/comments?post=29995"}],"wp:featuredmedia":[{"embeddable":true,"href":"https:\/\/escofetoliver.com\/es\/wp-json\/wp\/v2\/media\/45603"}],"wp:attachment":[{"href":"https:\/\/escofetoliver.com\/es\/wp-json\/wp\/v2\/media?parent=29995"}],"wp:term":[{"taxonomy":"product_brand","embeddable":true,"href":"https:\/\/escofetoliver.com\/es\/wp-json\/wp\/v2\/product_brand?post=29995"},{"taxonomy":"product_cat","embeddable":true,"href":"https:\/\/escofetoliver.com\/es\/wp-json\/wp\/v2\/product_cat?post=29995"},{"taxonomy":"product_tag","embeddable":true,"href":"https:\/\/escofetoliver.com\/es\/wp-json\/wp\/v2\/product_tag?post=29995"}],"curies":[{"name":"wp","href":"https:\/\/api.w.org\/{rel}","templated":true}]}}