{"id":29983,"date":"2021-03-19T12:08:25","date_gmt":"2021-03-19T12:08:25","guid":{"rendered":"http:\/\/carnescofetacasa.com\/Producte\/vi-diaroma-chradonay-pinord\/"},"modified":"2025-02-18T11:19:30","modified_gmt":"2025-02-18T10:19:30","slug":"vi-diaroma-chradonay-pinord","status":"publish","type":"product","link":"https:\/\/escofetoliver.com\/es\/tienda\/despensa\/vinos-cavas\/vi-diaroma-chradonay-pinord\/","title":{"rendered":"Diorama Chardonay Pinord &#8211; 75 CL"},"content":{"rendered":"<p>En las Bodegues Pinord se elabora el intenso <strong>Diorama de Chardonnay<\/strong> con las cosechas matutinas de uva fresca, con el fin de obtener r\u00e1pidamente el mosto flor. Se elabora con matices de pi\u00f1a, maracuy\u00e1 y pl\u00e1tano para lograr un vino marcado por el cruce de la personalidad tropical con la mejor esencia aut\u00f3ctona del mediterr\u00e1neo. Una personalidad que comienza a notarse en el aroma y persiste de manera arm\u00f3nica en nuestra boca.<\/p>\n<p>Vino blanco con <strong>Denominaci\u00f3n de Origen del Pened\u00e9s<\/strong>.<\/p>\n<p><strong>Variedad<\/strong>:Chardonnay.<\/p>\n<p><strong>Alcohol<\/strong>: 13,20% vol. <strong>Al\u00e9rgenos<\/strong>: SULFITOS.<\/p>\n","protected":false},"excerpt":{"rendered":"<p>Botella de 75 cl de vino blanco de uva Chardonnay con DO Pened\u00e9s.<\/p>\n<p><span style=\"font-size: 8pt;\"><strong>*Prohibida la venta de productos alcoh\u00f3licos para menores de 18 a\u00f1os.<\/strong><\/span><\/p>\n","protected":false},"featured_media":45609,"comment_status":"open","ping_status":"closed","template":"","meta":{"_acf_changed":false},"product_brand":[],"product_cat":[5866,5934],"product_tag":[],"class_list":{"0":"post-29983","1":"product","2":"type-product","3":"status-publish","4":"has-post-thumbnail","6":"product_cat-despensa","7":"product_cat-vinos-cavas","8":"pa_promotional-no-es-2","10":"first","11":"instock","12":"taxable","13":"shipping-taxable","14":"purchasable","15":"product-type-simple"},"acf":[],"_links":{"self":[{"href":"https:\/\/escofetoliver.com\/es\/wp-json\/wp\/v2\/product\/29983","targetHints":{"allow":["GET"]}}],"collection":[{"href":"https:\/\/escofetoliver.com\/es\/wp-json\/wp\/v2\/product"}],"about":[{"href":"https:\/\/escofetoliver.com\/es\/wp-json\/wp\/v2\/types\/product"}],"replies":[{"embeddable":true,"href":"https:\/\/escofetoliver.com\/es\/wp-json\/wp\/v2\/comments?post=29983"}],"wp:featuredmedia":[{"embeddable":true,"href":"https:\/\/escofetoliver.com\/es\/wp-json\/wp\/v2\/media\/45609"}],"wp:attachment":[{"href":"https:\/\/escofetoliver.com\/es\/wp-json\/wp\/v2\/media?parent=29983"}],"wp:term":[{"taxonomy":"product_brand","embeddable":true,"href":"https:\/\/escofetoliver.com\/es\/wp-json\/wp\/v2\/product_brand?post=29983"},{"taxonomy":"product_cat","embeddable":true,"href":"https:\/\/escofetoliver.com\/es\/wp-json\/wp\/v2\/product_cat?post=29983"},{"taxonomy":"product_tag","embeddable":true,"href":"https:\/\/escofetoliver.com\/es\/wp-json\/wp\/v2\/product_tag?post=29983"}],"curies":[{"name":"wp","href":"https:\/\/api.w.org\/{rel}","templated":true}]}}