{"id":29971,"date":"2021-03-19T11:57:37","date_gmt":"2021-03-19T11:57:37","guid":{"rendered":"http:\/\/carnescofetacasa.com\/Producte\/vi-anima-raimat-negre\/"},"modified":"2023-05-23T10:16:18","modified_gmt":"2023-05-23T08:16:18","slug":"vi-anima-raimat-negre","status":"publish","type":"product","link":"https:\/\/escofetoliver.com\/es\/tienda\/despensa\/vinos-cavas\/vi-anima-raimat-negre\/","title":{"rendered":"Vol d\u2019Anima Raimat tinto \u2013 75 CL"},"content":{"rendered":"<p>El <strong>Vol d&#8217;\u00c0nima Raimat<\/strong> es un vino ecol\u00f3gico que sintetiza un siglo de historia de las bodegas Raimat, adapt\u00e1ndose tambi\u00e9n a los nuevos tiempos. Es ideal para carnes y asados, adem\u00e1s de embutidos o jam\u00f3n.<\/p>\n<p>Este es un vino tinto con un aroma que transmite de manera intensa los recuerdos frutales (de las cerezas y la granada), vestidos siempre con varias notas florales y bals\u00e1micas, adem\u00e1s de unos peque\u00f1os toques de regaliz y coco que hacen del primer acercamiento una experiencia variada y equilibrada.<\/p>\n<p>Su paso por la boca empieza con suavidad por la definici\u00f3n del fruto maduro, sin perder sus taninos suaves y dulces (aunque potentes) y sobre todo definido por su final persistente.<\/p>\n<p>&nbsp;<\/p>\n<p>Es un vino negro con <strong>Denominaci\u00f3n de origen dels Costers del Segre<\/strong>.<\/p>\n<p><strong>Variedad<\/strong>: Combinaci\u00f3n de tempranillo, y Syrah con Cabernet Sauvignon.<\/p>\n<p><strong>Alcohol<\/strong>: 14,00% vol. <strong>Al\u00e9rgenos<\/strong>: SULFITOS.<\/p>\n<p>&nbsp;<\/p>\n","protected":false},"excerpt":{"rendered":"<p>Botella de 75 cl de vino tinto Vol d\u2019Anima Raimat. Marida muy bien con carnes y asados, adem\u00e1s de embutidos o jam\u00f3n.<\/p>\n<p><span style=\"font-size: 8pt;\"><strong>*Prohibida la venta de productos alcoh\u00f3licos para menores de 18 a\u00f1os.<\/strong><\/span><\/p>\n","protected":false},"featured_media":53340,"comment_status":"open","ping_status":"closed","template":"","meta":{"_acf_changed":false},"product_brand":[],"product_cat":[5866,5934],"product_tag":[],"class_list":{"0":"post-29971","1":"product","2":"type-product","3":"status-publish","4":"has-post-thumbnail","6":"product_cat-despensa","7":"product_cat-vinos-cavas","8":"pa_promotional-no-es-2","10":"first","11":"instock","12":"taxable","13":"shipping-taxable","14":"purchasable","15":"product-type-simple"},"acf":[],"_links":{"self":[{"href":"https:\/\/escofetoliver.com\/es\/wp-json\/wp\/v2\/product\/29971","targetHints":{"allow":["GET"]}}],"collection":[{"href":"https:\/\/escofetoliver.com\/es\/wp-json\/wp\/v2\/product"}],"about":[{"href":"https:\/\/escofetoliver.com\/es\/wp-json\/wp\/v2\/types\/product"}],"replies":[{"embeddable":true,"href":"https:\/\/escofetoliver.com\/es\/wp-json\/wp\/v2\/comments?post=29971"}],"wp:featuredmedia":[{"embeddable":true,"href":"https:\/\/escofetoliver.com\/es\/wp-json\/wp\/v2\/media\/53340"}],"wp:attachment":[{"href":"https:\/\/escofetoliver.com\/es\/wp-json\/wp\/v2\/media?parent=29971"}],"wp:term":[{"taxonomy":"product_brand","embeddable":true,"href":"https:\/\/escofetoliver.com\/es\/wp-json\/wp\/v2\/product_brand?post=29971"},{"taxonomy":"product_cat","embeddable":true,"href":"https:\/\/escofetoliver.com\/es\/wp-json\/wp\/v2\/product_cat?post=29971"},{"taxonomy":"product_tag","embeddable":true,"href":"https:\/\/escofetoliver.com\/es\/wp-json\/wp\/v2\/product_tag?post=29971"}],"curies":[{"name":"wp","href":"https:\/\/api.w.org\/{rel}","templated":true}]}}