{"id":29967,"date":"2021-03-19T11:51:30","date_gmt":"2021-03-19T11:51:30","guid":{"rendered":"http:\/\/carnescofetacasa.com\/Producte\/vi-abadall-picapoll\/"},"modified":"2023-05-23T10:16:18","modified_gmt":"2023-05-23T08:16:18","slug":"vi-abadall-picapoll","status":"publish","type":"product","link":"https:\/\/escofetoliver.com\/es\/tienda\/despensa\/vinos-cavas\/vi-abadall-picapoll\/","title":{"rendered":"Abadal Picapoll blanco &#8211;  75 CL"},"content":{"rendered":"<p><span>El\u00a0<\/span><strong>Abadal\u00a0Picapoll<\/strong><span>\u00a0es un vino de las bodegas\u00a0<\/span><span>Abadal<\/span><span>\u00a0que representa la apuesta por la uva de tipo\u00a0<\/span><span>Picapoll<\/span><span>, aut\u00f3ctona del Plan de Bages y que casi estaba extinguida. De racimos cultivados bajo un clima mediterr\u00e1neo con influencia del continente, es un vino fresco y ligero que equilibra notas de fruta (pi\u00f1a y pomelo) con otras florales (jazm\u00edn y albaricoque) y presenta un final prolongado en la boca.<\/span><\/p>\n<p><span>Marida<\/span><span>\u00a0con mariscos y pescados blancos o azules, aunque tambi\u00e9n puede acompa\u00f1ar una buena ensalada.<\/span><\/p>\n<p>Es un vino blanco con <strong>Denominaci\u00f3n de Origen del Pla del Bages<\/strong>.<\/p>\n<p><strong>Variedad<\/strong>: Picapoll.<\/p>\n<p><strong>Alcohol:<\/strong>12,50% vol. <strong>Al\u00e9rgenos:<\/strong> SULFITOS.<\/p>\n","protected":false},"excerpt":{"rendered":"<p>Botella de 75 cl de vino blanco Abadal Picapoll. <span>Marida<\/span><span>\u00a0con mariscos y pescados blancos o azules, aunque tambi\u00e9n puede acompa\u00f1ar una buena ensalada.<\/span><\/p>\n<p><span style=\"font-size: 8pt;\"><strong>*Prohibida la venta de productos alcoh\u00f3licos para menores de 18 a\u00f1os.<\/strong><\/span><\/p>\n","protected":false},"featured_media":53338,"comment_status":"open","ping_status":"closed","template":"","meta":{"_acf_changed":false},"product_brand":[],"product_cat":[5866,5934],"product_tag":[],"class_list":{"0":"post-29967","1":"product","2":"type-product","3":"status-publish","4":"has-post-thumbnail","6":"product_cat-despensa","7":"product_cat-vinos-cavas","8":"pa_promotional-no-es-2","10":"first","11":"instock","12":"taxable","13":"shipping-taxable","14":"purchasable","15":"product-type-simple"},"acf":[],"_links":{"self":[{"href":"https:\/\/escofetoliver.com\/es\/wp-json\/wp\/v2\/product\/29967","targetHints":{"allow":["GET"]}}],"collection":[{"href":"https:\/\/escofetoliver.com\/es\/wp-json\/wp\/v2\/product"}],"about":[{"href":"https:\/\/escofetoliver.com\/es\/wp-json\/wp\/v2\/types\/product"}],"replies":[{"embeddable":true,"href":"https:\/\/escofetoliver.com\/es\/wp-json\/wp\/v2\/comments?post=29967"}],"wp:featuredmedia":[{"embeddable":true,"href":"https:\/\/escofetoliver.com\/es\/wp-json\/wp\/v2\/media\/53338"}],"wp:attachment":[{"href":"https:\/\/escofetoliver.com\/es\/wp-json\/wp\/v2\/media?parent=29967"}],"wp:term":[{"taxonomy":"product_brand","embeddable":true,"href":"https:\/\/escofetoliver.com\/es\/wp-json\/wp\/v2\/product_brand?post=29967"},{"taxonomy":"product_cat","embeddable":true,"href":"https:\/\/escofetoliver.com\/es\/wp-json\/wp\/v2\/product_cat?post=29967"},{"taxonomy":"product_tag","embeddable":true,"href":"https:\/\/escofetoliver.com\/es\/wp-json\/wp\/v2\/product_tag?post=29967"}],"curies":[{"name":"wp","href":"https:\/\/api.w.org\/{rel}","templated":true}]}}