{"id":29931,"date":"2021-03-15T11:08:11","date_gmt":"2021-03-15T11:08:11","guid":{"rendered":"http:\/\/carnescofetacasa.com\/Producte\/brillat-savarin\/"},"modified":"2024-10-03T09:47:23","modified_gmt":"2024-10-03T07:47:23","slug":"brillat-savarin","status":"publish","type":"product","link":"https:\/\/escofetoliver.com\/es\/tienda\/quesos-yogures\/queso-pieza\/brillat-savarin\/","title":{"rendered":"Brillat-Savarin IGP &#8211; 1 unidad &#8211; 100 g"},"content":{"rendered":"<p><span>Origen: FRANCIA<\/span><\/p>\n<p><span>Lo Brillado-<\/span><span>Savarin<\/span><span>\u00a0es un queso de untar; de leche (pasteurizada) de vaca de doble crema. Modelado manualmente con cuchar\u00f3n, presenta un interesante car\u00e1cter l\u00e1cteo y corteza de moho. Tierno, pastoso y jugoso, con notas de mantequilla y avellana.<\/span><\/p>\n<p><span>Maduraci\u00f3n:\u00a0<\/span><span>Aprox<\/span><span>, 15 d\u00edas<\/span><\/p>\n<p>Al\u00e9rgenos: Derivados de la LECHE de vaca.<\/p>\n<p>Ingredientes:<\/p>\n<p>&nbsp;<\/p>\n","protected":false},"excerpt":{"rendered":"<p>Pieza de 100 g de queso.<\/p>\n","protected":false},"featured_media":51030,"comment_status":"open","ping_status":"closed","template":"","meta":{"_acf_changed":false},"product_brand":[],"product_cat":[5862,5890],"product_tag":[8189,8190],"class_list":{"0":"post-29931","1":"product","2":"type-product","3":"status-publish","4":"has-post-thumbnail","6":"product_cat-quesos-yogures","7":"product_cat-queso-pieza","8":"product_tag-formatge-es","9":"product_tag-llet-de-vaca-es","10":"product_shipping_class-entrega-en-domicilio","11":"pa_caracteristicas-denom_origen_cast-es","12":"pa_promotional-no-es-2","14":"first","15":"instock","16":"taxable","17":"shipping-taxable","18":"purchasable","19":"product-type-simple"},"acf":[],"_links":{"self":[{"href":"https:\/\/escofetoliver.com\/es\/wp-json\/wp\/v2\/product\/29931","targetHints":{"allow":["GET"]}}],"collection":[{"href":"https:\/\/escofetoliver.com\/es\/wp-json\/wp\/v2\/product"}],"about":[{"href":"https:\/\/escofetoliver.com\/es\/wp-json\/wp\/v2\/types\/product"}],"replies":[{"embeddable":true,"href":"https:\/\/escofetoliver.com\/es\/wp-json\/wp\/v2\/comments?post=29931"}],"wp:featuredmedia":[{"embeddable":true,"href":"https:\/\/escofetoliver.com\/es\/wp-json\/wp\/v2\/media\/51030"}],"wp:attachment":[{"href":"https:\/\/escofetoliver.com\/es\/wp-json\/wp\/v2\/media?parent=29931"}],"wp:term":[{"taxonomy":"product_brand","embeddable":true,"href":"https:\/\/escofetoliver.com\/es\/wp-json\/wp\/v2\/product_brand?post=29931"},{"taxonomy":"product_cat","embeddable":true,"href":"https:\/\/escofetoliver.com\/es\/wp-json\/wp\/v2\/product_cat?post=29931"},{"taxonomy":"product_tag","embeddable":true,"href":"https:\/\/escofetoliver.com\/es\/wp-json\/wp\/v2\/product_tag?post=29931"}],"curies":[{"name":"wp","href":"https:\/\/api.w.org\/{rel}","templated":true}]}}