{"id":29923,"date":"2021-03-15T10:57:08","date_gmt":"2021-03-15T10:57:08","guid":{"rendered":"http:\/\/carnescofetacasa.com\/Producte\/montbru-cabra\/"},"modified":"2025-03-17T11:03:52","modified_gmt":"2025-03-17T10:03:52","slug":"montbru-cabra","status":"publish","type":"product","link":"https:\/\/escofetoliver.com\/es\/tienda\/quesos-yogures\/queso-pieza\/montbru-cabra\/","title":{"rendered":"Montbr\u00fa de cabra semi curado \u2013 cu\u00f1a \u2013 250 g"},"content":{"rendered":"<p>Este Queso Montbr\u00fa de Cabra catal\u00e1n est\u00e1 elaborado con leche de cabra. Su sabor es intenso y fresco, ligeramente c\u00edtrico. Tiene una textura mantecosa y un aroma intenso.<\/p>\n<p><strong>Ingredientes<\/strong>: Leche<span>\u00a0pasteurizada de cabra, sal, fermentos l\u00e1cticos, cloruro c\u00e1lcico y cuajo.<\/span><\/p>\n<p><strong>Al\u00e9rgenos<\/strong>: Derivados de la LECHE.<\/p>\n","protected":false},"excerpt":{"rendered":"<p>Cu\u00f1a de 250 g de queso Montbr\u00fa de cabra.<\/p>\n","protected":false},"featured_media":29920,"comment_status":"open","ping_status":"closed","template":"","meta":{"_acf_changed":false},"product_brand":[],"product_cat":[5862,5890],"product_tag":[],"class_list":{"0":"post-29923","1":"product","2":"type-product","3":"status-publish","4":"has-post-thumbnail","6":"product_cat-quesos-yogures","7":"product_cat-queso-pieza","8":"product_shipping_class-entrega-en-domicilio","9":"pa_caracteristicas-denom_origen_cast-es","10":"pa_preciokg-3900-es","11":"pa_promotional-no-es-2","13":"first","14":"instock","15":"taxable","16":"shipping-taxable","17":"purchasable","18":"product-type-simple"},"acf":[],"_links":{"self":[{"href":"https:\/\/escofetoliver.com\/es\/wp-json\/wp\/v2\/product\/29923","targetHints":{"allow":["GET"]}}],"collection":[{"href":"https:\/\/escofetoliver.com\/es\/wp-json\/wp\/v2\/product"}],"about":[{"href":"https:\/\/escofetoliver.com\/es\/wp-json\/wp\/v2\/types\/product"}],"replies":[{"embeddable":true,"href":"https:\/\/escofetoliver.com\/es\/wp-json\/wp\/v2\/comments?post=29923"}],"wp:featuredmedia":[{"embeddable":true,"href":"https:\/\/escofetoliver.com\/es\/wp-json\/wp\/v2\/media\/29920"}],"wp:attachment":[{"href":"https:\/\/escofetoliver.com\/es\/wp-json\/wp\/v2\/media?parent=29923"}],"wp:term":[{"taxonomy":"product_brand","embeddable":true,"href":"https:\/\/escofetoliver.com\/es\/wp-json\/wp\/v2\/product_brand?post=29923"},{"taxonomy":"product_cat","embeddable":true,"href":"https:\/\/escofetoliver.com\/es\/wp-json\/wp\/v2\/product_cat?post=29923"},{"taxonomy":"product_tag","embeddable":true,"href":"https:\/\/escofetoliver.com\/es\/wp-json\/wp\/v2\/product_tag?post=29923"}],"curies":[{"name":"wp","href":"https:\/\/api.w.org\/{rel}","templated":true}]}}