{"id":29911,"date":"2021-03-12T11:31:48","date_gmt":"2021-03-12T11:31:48","guid":{"rendered":"http:\/\/carnescofetacasa.com\/Producte\/tete-moine-flors\/"},"modified":"2023-09-21T12:36:06","modified_gmt":"2023-09-21T10:36:06","slug":"tete-moine","status":"publish","type":"product","link":"https:\/\/escofetoliver.com\/es\/tienda\/quesos-yogures\/queso-pieza\/tete-moine\/","title":{"rendered":"T\u00eate de Moine A.O.P. (flores) &#8211; 250 g"},"content":{"rendered":"<p><span class=\"hiddenGrammarError\" onkeypress=\"MAYUSCULAS_INICIO_FRASE---#---1---#---Revise las may\u00fasculas a principio de frase.---#---El---#---EL\">El<\/span><strong> T\u00eate de Moine<\/strong><span>\u00a0(literalmente, cabeza de monje) se disfruta en virutas. Un queso suizo muy arom\u00e1tico y que representa una explosi\u00f3n incomparable de aromas que proviene de la leche natural, de monta\u00f1a, y de\u00a0<\/span><span>su maduraci\u00f3n en tablas de abeto.<\/span><\/p>\n<p><strong>Al\u00e9rgenos<\/strong>: Derivados de la LECHE.<\/p>\n<p><strong>Ingredientes:<\/strong> <span>Leche cruda de vaca, sal, cultivos lacticos, cuajo animal.<\/span><\/p>\n","protected":false},"excerpt":{"rendered":"<p>Pieza de 250 g de queso Tete moine flores.<\/p>\n","protected":false},"featured_media":29908,"comment_status":"open","ping_status":"closed","template":"","meta":{"_acf_changed":false},"product_brand":[],"product_cat":[5862,5890],"product_tag":[],"class_list":{"0":"post-29911","1":"product","2":"type-product","3":"status-publish","4":"has-post-thumbnail","6":"product_cat-quesos-yogures","7":"product_cat-queso-pieza","8":"product_shipping_class-entrega-en-domicilio","9":"pa_caracteristicas-denom_origen_cast-es","10":"pa_preciokg-3990-es","11":"pa_promotional-no-es-2","13":"first","14":"instock","15":"taxable","16":"shipping-taxable","17":"purchasable","18":"product-type-simple"},"acf":[],"_links":{"self":[{"href":"https:\/\/escofetoliver.com\/es\/wp-json\/wp\/v2\/product\/29911","targetHints":{"allow":["GET"]}}],"collection":[{"href":"https:\/\/escofetoliver.com\/es\/wp-json\/wp\/v2\/product"}],"about":[{"href":"https:\/\/escofetoliver.com\/es\/wp-json\/wp\/v2\/types\/product"}],"replies":[{"embeddable":true,"href":"https:\/\/escofetoliver.com\/es\/wp-json\/wp\/v2\/comments?post=29911"}],"wp:featuredmedia":[{"embeddable":true,"href":"https:\/\/escofetoliver.com\/es\/wp-json\/wp\/v2\/media\/29908"}],"wp:attachment":[{"href":"https:\/\/escofetoliver.com\/es\/wp-json\/wp\/v2\/media?parent=29911"}],"wp:term":[{"taxonomy":"product_brand","embeddable":true,"href":"https:\/\/escofetoliver.com\/es\/wp-json\/wp\/v2\/product_brand?post=29911"},{"taxonomy":"product_cat","embeddable":true,"href":"https:\/\/escofetoliver.com\/es\/wp-json\/wp\/v2\/product_cat?post=29911"},{"taxonomy":"product_tag","embeddable":true,"href":"https:\/\/escofetoliver.com\/es\/wp-json\/wp\/v2\/product_tag?post=29911"}],"curies":[{"name":"wp","href":"https:\/\/api.w.org\/{rel}","templated":true}]}}