{"id":29883,"date":"2021-03-12T11:03:39","date_gmt":"2021-03-12T11:03:39","guid":{"rendered":"http:\/\/carnescofetacasa.com\/Producte\/shropshire-blau-cropwell\/"},"modified":"2023-11-10T10:26:24","modified_gmt":"2023-11-10T09:26:24","slug":"shropshire-blau-cropwell","status":"publish","type":"product","link":"https:\/\/escofetoliver.com\/es\/tienda\/quesos-yogures\/queso-pieza\/shropshire-blau-cropwell\/","title":{"rendered":"Shropshire azul Cropwell &#8211; cu\u00f1a &#8211; 250 g"},"content":{"rendered":"<p>El <strong>Shropshire<\/strong> es pura tradici\u00f3n quesera de Gran Breta\u00f1a, reconocible por su azul caracter\u00edstico, ya que casi sigue la misma receta del conocido <strong>Stilton<\/strong>. Un queso azul de leche de vaca pasteurizada y cuajo vegetal, cremoso y muy dulce con toques de nuez y varias especias.<\/p>\n<p><strong>Maduraci\u00f3n<\/strong>: 6-15 semanas.<\/p>\n<p><strong>Al\u00e9rgenos<\/strong>: Derivados de la LECHE.<\/p>\n<p><strong>Ingredientes:<\/strong><\/p>\n<p><span>LECHE de vaca pasteurizada, sal, colorante, cuajo vegetal,\u00a0<\/span><span>penicillium<\/span><span>\u00a0<\/span><span>roquefort<\/span><span>,\u00a0<\/span><span>fermentos<\/span><span>\u00a0l\u00e1cticos.<\/span><\/p>\n<p><strong>Caducidad<\/strong>: 3 meses.<\/p>\n<p>&nbsp;<\/p>\n","protected":false},"excerpt":{"rendered":"<p>Cu\u00f1a de 250 g de queso.<\/p>\n","protected":false},"featured_media":29880,"comment_status":"open","ping_status":"closed","template":"","meta":{"_acf_changed":false},"product_brand":[],"product_cat":[5862,5890],"product_tag":[],"class_list":{"0":"post-29883","1":"product","2":"type-product","3":"status-publish","4":"has-post-thumbnail","6":"product_cat-quesos-yogures","7":"product_cat-queso-pieza","8":"product_shipping_class-entrega-en-domicilio","9":"pa_caracteristicas-denom_origen_cast-es","10":"pa_preciokg-4900-es","11":"pa_promotional-no-es-2","13":"first","14":"instock","15":"taxable","16":"shipping-taxable","17":"purchasable","18":"product-type-simple"},"acf":[],"_links":{"self":[{"href":"https:\/\/escofetoliver.com\/es\/wp-json\/wp\/v2\/product\/29883","targetHints":{"allow":["GET"]}}],"collection":[{"href":"https:\/\/escofetoliver.com\/es\/wp-json\/wp\/v2\/product"}],"about":[{"href":"https:\/\/escofetoliver.com\/es\/wp-json\/wp\/v2\/types\/product"}],"replies":[{"embeddable":true,"href":"https:\/\/escofetoliver.com\/es\/wp-json\/wp\/v2\/comments?post=29883"}],"wp:featuredmedia":[{"embeddable":true,"href":"https:\/\/escofetoliver.com\/es\/wp-json\/wp\/v2\/media\/29880"}],"wp:attachment":[{"href":"https:\/\/escofetoliver.com\/es\/wp-json\/wp\/v2\/media?parent=29883"}],"wp:term":[{"taxonomy":"product_brand","embeddable":true,"href":"https:\/\/escofetoliver.com\/es\/wp-json\/wp\/v2\/product_brand?post=29883"},{"taxonomy":"product_cat","embeddable":true,"href":"https:\/\/escofetoliver.com\/es\/wp-json\/wp\/v2\/product_cat?post=29883"},{"taxonomy":"product_tag","embeddable":true,"href":"https:\/\/escofetoliver.com\/es\/wp-json\/wp\/v2\/product_tag?post=29883"}],"curies":[{"name":"wp","href":"https:\/\/api.w.org\/{rel}","templated":true}]}}